{"id":54,"date":"2015-01-26T20:30:13","date_gmt":"2015-01-26T20:30:13","guid":{"rendered":"http:\/\/piyanomerdiven.com\/?page_id=54"},"modified":"2015-10-08T17:58:49","modified_gmt":"2015-10-08T17:58:49","slug":"projeler","status":"publish","type":"page","link":"https:\/\/piyanomerdiven.com\/?page_id=54","title":{"rendered":"\u00dcr\u00fcnler\/Hizmetler"},"content":{"rendered":"<p style=\"text-align: left;\"><strong>Dev Piyano (d\u00fcz zemin)<\/strong><\/p>\n<p><a href=\"http:\/\/piyanomerdiven.com\/?page_id=136\"><img data-recalc-dims=\"1\" loading=\"lazy\" decoding=\"async\" class=\"aligncenter wp-image-56\" src=\"https:\/\/i0.wp.com\/piyanomerdiven.com\/wp-content\/uploads\/2015\/01\/pppppp.jpg?resize=1000%2C750\" alt=\"pppppp\" width=\"1000\" height=\"750\" srcset=\"https:\/\/i0.wp.com\/piyanomerdiven.com\/wp-content\/uploads\/2015\/01\/pppppp.jpg?w=1024&amp;ssl=1 1024w, https:\/\/i0.wp.com\/piyanomerdiven.com\/wp-content\/uploads\/2015\/01\/pppppp.jpg?resize=300%2C225&amp;ssl=1 300w\" sizes=\"auto, (max-width: 1000px) 100vw, 1000px\" \/><\/a><\/p>\n<p>&nbsp;<\/p>\n<p style=\"text-align: left;\"><strong>Led I\u015f\u0131kl\u0131 Bas\u0131nca Duyarl\u0131 Zemin<\/strong><\/p>\n<p><a href=\"http:\/\/piyanomerdiven.com\/?page_id=109\"><img data-recalc-dims=\"1\" loading=\"lazy\" decoding=\"async\" class=\"aligncenter wp-image-59\" src=\"https:\/\/i0.wp.com\/piyanomerdiven.com\/wp-content\/uploads\/2015\/01\/10940614_10152772278425914_8567956974221429277_n.jpg?resize=1000%2C563\" alt=\"10940614_10152772278425914_8567956974221429277_n\" width=\"1000\" height=\"563\" srcset=\"https:\/\/i0.wp.com\/piyanomerdiven.com\/wp-content\/uploads\/2015\/01\/10940614_10152772278425914_8567956974221429277_n.jpg?w=960&amp;ssl=1 960w, https:\/\/i0.wp.com\/piyanomerdiven.com\/wp-content\/uploads\/2015\/01\/10940614_10152772278425914_8567956974221429277_n.jpg?resize=300%2C169&amp;ssl=1 300w\" sizes=\"auto, (max-width: 1000px) 100vw, 1000px\" \/><\/a><\/p>\n<p>&nbsp;<\/p>\n<p style=\"text-align: left;\"><strong>Piyano Merdiven<\/strong><\/p>\n<p style=\"text-align: center;\"><a href=\"http:\/\/piyanomerdiven.com\/?page_id=136\"><img data-recalc-dims=\"1\" loading=\"lazy\" decoding=\"async\" class=\"aligncenter wp-image-106\" src=\"https:\/\/i0.wp.com\/piyanomerdiven.com\/wp-content\/uploads\/2015\/02\/1414515288.jpg?resize=1000%2C667\" alt=\"1414515288\" width=\"1000\" height=\"667\" srcset=\"https:\/\/i0.wp.com\/piyanomerdiven.com\/wp-content\/uploads\/2015\/02\/1414515288.jpg?w=600&amp;ssl=1 600w, https:\/\/i0.wp.com\/piyanomerdiven.com\/wp-content\/uploads\/2015\/02\/1414515288.jpg?resize=300%2C200&amp;ssl=1 300w\" sizes=\"auto, (max-width: 1000px) 100vw, 1000px\" \/><\/a><\/p>\n<p style=\"text-align: left;\"><strong>Sosyal Bisiklet<\/strong><\/p>\n<p style=\"text-align: center;\"><a href=\"http:\/\/piyanomerdiven.com\/?page_id=193\"><img data-recalc-dims=\"1\" loading=\"lazy\" decoding=\"async\" class=\"aligncenter wp-image-316\" src=\"https:\/\/i0.wp.com\/piyanomerdiven.com\/wp-content\/uploads\/2015\/09\/12034429_987929024584168_5076674432643118288_o.jpg?resize=1000%2C667\" alt=\"12034429_987929024584168_5076674432643118288_o\" width=\"1000\" height=\"667\" srcset=\"https:\/\/i0.wp.com\/piyanomerdiven.com\/wp-content\/uploads\/2015\/09\/12034429_987929024584168_5076674432643118288_o.jpg?w=1024&amp;ssl=1 1024w, https:\/\/i0.wp.com\/piyanomerdiven.com\/wp-content\/uploads\/2015\/09\/12034429_987929024584168_5076674432643118288_o.jpg?resize=300%2C200&amp;ssl=1 300w\" sizes=\"auto, (max-width: 1000px) 100vw, 1000px\" \/><\/a><\/p>\n<p style=\"text-align: left;\"><strong>Mobil Bilgi Sistemi<\/strong><\/p>\n<p style=\"text-align: center;\"><a href=\"http:\/\/piyanomerdiven.com\/?page_id=206\"><img data-recalc-dims=\"1\" loading=\"lazy\" decoding=\"async\" class=\"aligncenter wp-image-208\" src=\"https:\/\/i0.wp.com\/piyanomerdiven.com\/wp-content\/uploads\/2015\/04\/mobile.jpg?resize=1000%2C548\" alt=\"mobile\" width=\"1000\" height=\"548\" srcset=\"https:\/\/i0.wp.com\/piyanomerdiven.com\/wp-content\/uploads\/2015\/04\/mobile.jpg?w=784&amp;ssl=1 784w, https:\/\/i0.wp.com\/piyanomerdiven.com\/wp-content\/uploads\/2015\/04\/mobile.jpg?resize=300%2C165&amp;ssl=1 300w\" sizes=\"auto, (max-width: 1000px) 100vw, 1000px\" \/><\/a><\/p>\n<p style=\"text-align: left;\"><strong>Havadan G\u00f6r\u00fcnt\u00fcleme Sistemi<\/strong><\/p>\n<p style=\"text-align: center;\"><a href=\"http:\/\/piyanomerdiven.com\/?page_id=221\"><img data-recalc-dims=\"1\" loading=\"lazy\" decoding=\"async\" class=\"aligncenter wp-image-222\" src=\"https:\/\/i0.wp.com\/piyanomerdiven.com\/wp-content\/uploads\/2015\/04\/3.jpg?resize=1000%2C602\" alt=\"DCIM100GOPRO\" width=\"1000\" height=\"602\" srcset=\"https:\/\/i0.wp.com\/piyanomerdiven.com\/wp-content\/uploads\/2015\/04\/3.jpg?w=1500&amp;ssl=1 1500w, https:\/\/i0.wp.com\/piyanomerdiven.com\/wp-content\/uploads\/2015\/04\/3.jpg?resize=300%2C181&amp;ssl=1 300w, https:\/\/i0.wp.com\/piyanomerdiven.com\/wp-content\/uploads\/2015\/04\/3.jpg?resize=1024%2C616&amp;ssl=1 1024w\" sizes=\"auto, (max-width: 1000px) 100vw, 1000px\" \/><\/a><\/p>\n","protected":false},"excerpt":{"rendered":"<p>Dev Piyano (d\u00fcz zemin) &nbsp; Led I\u015f\u0131kl\u0131 Bas\u0131nca Duyarl\u0131 Zemin &nbsp; Piyano Merdiven Sosyal Bisiklet Mobil Bilgi Sistemi Havadan G\u00f6r\u00fcnt\u00fcleme Sistemi<\/p>\n","protected":false},"author":1,"featured_media":0,"parent":0,"menu_order":1,"comment_status":"closed","ping_status":"closed","template":"","meta":{"footnotes":""},"class_list":["post-54","page","type-page","status-publish","hentry"],"yoast_head":"<!-- This site is optimized with the Yoast SEO plugin v27.5 - https:\/\/yoast.com\/product\/yoast-seo-wordpress\/ -->\n<title>\u00dcr\u00fcnler\/Hizmetler - Piyano Merdiven<\/title>\n<meta name=\"robots\" content=\"index, follow, max-snippet:-1, max-image-preview:large, max-video-preview:-1\" \/>\n<link rel=\"canonical\" href=\"https:\/\/piyanomerdiven.com\/?page_id=54\" \/>\n<meta property=\"og:locale\" content=\"tr_TR\" \/>\n<meta property=\"og:type\" content=\"article\" \/>\n<meta property=\"og:title\" content=\"\u00dcr\u00fcnler\/Hizmetler - Piyano Merdiven\" \/>\n<meta property=\"og:description\" content=\"Dev Piyano (d\u00fcz zemin) &nbsp; Led I\u015f\u0131kl\u0131 Bas\u0131nca Duyarl\u0131 Zemin &nbsp; Piyano Merdiven Sosyal Bisiklet Mobil Bilgi Sistemi Havadan G\u00f6r\u00fcnt\u00fcleme Sistemi\" \/>\n<meta property=\"og:url\" content=\"https:\/\/piyanomerdiven.com\/?page_id=54\" \/>\n<meta property=\"og:site_name\" content=\"Piyano Merdiven\" \/>\n<meta property=\"article:modified_time\" content=\"2015-10-08T17:58:49+00:00\" \/>\n<meta property=\"og:image\" content=\"http:\/\/piyanomerdiven.com\/wp-content\/uploads\/2015\/01\/pppppp-1024x768.jpg\" \/>\n<meta name=\"twitter:card\" content=\"summary_large_image\" \/>\n<script type=\"application\/ld+json\" class=\"yoast-schema-graph\">{\"@context\":\"https:\\\/\\\/schema.org\",\"@graph\":[{\"@type\":\"WebPage\",\"@id\":\"https:\\\/\\\/piyanomerdiven.com\\\/?page_id=54\",\"url\":\"https:\\\/\\\/piyanomerdiven.com\\\/?page_id=54\",\"name\":\"\u00dcr\u00fcnler\\\/Hizmetler - Piyano Merdiven\",\"isPartOf\":{\"@id\":\"https:\\\/\\\/piyanomerdiven.com\\\/#website\"},\"primaryImageOfPage\":{\"@id\":\"https:\\\/\\\/piyanomerdiven.com\\\/?page_id=54#primaryimage\"},\"image\":{\"@id\":\"https:\\\/\\\/piyanomerdiven.com\\\/?page_id=54#primaryimage\"},\"thumbnailUrl\":\"http:\\\/\\\/piyanomerdiven.com\\\/wp-content\\\/uploads\\\/2015\\\/01\\\/pppppp-1024x768.jpg\",\"datePublished\":\"2015-01-26T20:30:13+00:00\",\"dateModified\":\"2015-10-08T17:58:49+00:00\",\"breadcrumb\":{\"@id\":\"https:\\\/\\\/piyanomerdiven.com\\\/?page_id=54#breadcrumb\"},\"inLanguage\":\"tr\",\"potentialAction\":[{\"@type\":\"ReadAction\",\"target\":[\"https:\\\/\\\/piyanomerdiven.com\\\/?page_id=54\"]}]},{\"@type\":\"ImageObject\",\"inLanguage\":\"tr\",\"@id\":\"https:\\\/\\\/piyanomerdiven.com\\\/?page_id=54#primaryimage\",\"url\":\"https:\\\/\\\/i0.wp.com\\\/piyanomerdiven.com\\\/wp-content\\\/uploads\\\/2015\\\/01\\\/pppppp.jpg?fit=1024%2C768&ssl=1\",\"contentUrl\":\"https:\\\/\\\/i0.wp.com\\\/piyanomerdiven.com\\\/wp-content\\\/uploads\\\/2015\\\/01\\\/pppppp.jpg?fit=1024%2C768&ssl=1\",\"width\":1024,\"height\":768},{\"@type\":\"BreadcrumbList\",\"@id\":\"https:\\\/\\\/piyanomerdiven.com\\\/?page_id=54#breadcrumb\",\"itemListElement\":[{\"@type\":\"ListItem\",\"position\":1,\"name\":\"Anasayfa\",\"item\":\"https:\\\/\\\/piyanomerdiven.com\\\/\"},{\"@type\":\"ListItem\",\"position\":2,\"name\":\"\u00dcr\u00fcnler\\\/Hizmetler\"}]},{\"@type\":\"WebSite\",\"@id\":\"https:\\\/\\\/piyanomerdiven.com\\\/#website\",\"url\":\"https:\\\/\\\/piyanomerdiven.com\\\/\",\"name\":\"piyanomerdiven.com\",\"description\":\"&quot;Future \u0130nnovaition&quot;\",\"publisher\":{\"@id\":\"https:\\\/\\\/piyanomerdiven.com\\\/#organization\"},\"potentialAction\":[{\"@type\":\"SearchAction\",\"target\":{\"@type\":\"EntryPoint\",\"urlTemplate\":\"https:\\\/\\\/piyanomerdiven.com\\\/?s={search_term_string}\"},\"query-input\":{\"@type\":\"PropertyValueSpecification\",\"valueRequired\":true,\"valueName\":\"search_term_string\"}}],\"inLanguage\":\"tr\"},{\"@type\":\"Organization\",\"@id\":\"https:\\\/\\\/piyanomerdiven.com\\\/#organization\",\"name\":\"Piyano Merdiven Minyat\u00fcr M\u00fchendislik\",\"url\":\"https:\\\/\\\/piyanomerdiven.com\\\/\",\"logo\":{\"@type\":\"ImageObject\",\"inLanguage\":\"tr\",\"@id\":\"https:\\\/\\\/piyanomerdiven.com\\\/#\\\/schema\\\/logo\\\/image\\\/\",\"url\":\"https:\\\/\\\/i0.wp.com\\\/piyanomerdiven.com\\\/wp-content\\\/uploads\\\/2019\\\/04\\\/logom7.png?fit=1315%2C254&ssl=1\",\"contentUrl\":\"https:\\\/\\\/i0.wp.com\\\/piyanomerdiven.com\\\/wp-content\\\/uploads\\\/2019\\\/04\\\/logom7.png?fit=1315%2C254&ssl=1\",\"width\":1315,\"height\":254,\"caption\":\"Piyano Merdiven Minyat\u00fcr M\u00fchendislik\"},\"image\":{\"@id\":\"https:\\\/\\\/piyanomerdiven.com\\\/#\\\/schema\\\/logo\\\/image\\\/\"}}]}<\/script>\n<!-- \/ Yoast SEO plugin. -->","yoast_head_json":{"title":"\u00dcr\u00fcnler\/Hizmetler - Piyano Merdiven","robots":{"index":"index","follow":"follow","max-snippet":"max-snippet:-1","max-image-preview":"max-image-preview:large","max-video-preview":"max-video-preview:-1"},"canonical":"https:\/\/piyanomerdiven.com\/?page_id=54","og_locale":"tr_TR","og_type":"article","og_title":"\u00dcr\u00fcnler\/Hizmetler - Piyano Merdiven","og_description":"Dev Piyano (d\u00fcz zemin) &nbsp; Led I\u015f\u0131kl\u0131 Bas\u0131nca Duyarl\u0131 Zemin &nbsp; Piyano Merdiven Sosyal Bisiklet Mobil Bilgi Sistemi Havadan G\u00f6r\u00fcnt\u00fcleme Sistemi","og_url":"https:\/\/piyanomerdiven.com\/?page_id=54","og_site_name":"Piyano Merdiven","article_modified_time":"2015-10-08T17:58:49+00:00","og_image":[{"url":"http:\/\/piyanomerdiven.com\/wp-content\/uploads\/2015\/01\/pppppp-1024x768.jpg","type":"","width":"","height":""}],"twitter_card":"summary_large_image","schema":{"@context":"https:\/\/schema.org","@graph":[{"@type":"WebPage","@id":"https:\/\/piyanomerdiven.com\/?page_id=54","url":"https:\/\/piyanomerdiven.com\/?page_id=54","name":"\u00dcr\u00fcnler\/Hizmetler - Piyano Merdiven","isPartOf":{"@id":"https:\/\/piyanomerdiven.com\/#website"},"primaryImageOfPage":{"@id":"https:\/\/piyanomerdiven.com\/?page_id=54#primaryimage"},"image":{"@id":"https:\/\/piyanomerdiven.com\/?page_id=54#primaryimage"},"thumbnailUrl":"http:\/\/piyanomerdiven.com\/wp-content\/uploads\/2015\/01\/pppppp-1024x768.jpg","datePublished":"2015-01-26T20:30:13+00:00","dateModified":"2015-10-08T17:58:49+00:00","breadcrumb":{"@id":"https:\/\/piyanomerdiven.com\/?page_id=54#breadcrumb"},"inLanguage":"tr","potentialAction":[{"@type":"ReadAction","target":["https:\/\/piyanomerdiven.com\/?page_id=54"]}]},{"@type":"ImageObject","inLanguage":"tr","@id":"https:\/\/piyanomerdiven.com\/?page_id=54#primaryimage","url":"https:\/\/i0.wp.com\/piyanomerdiven.com\/wp-content\/uploads\/2015\/01\/pppppp.jpg?fit=1024%2C768&ssl=1","contentUrl":"https:\/\/i0.wp.com\/piyanomerdiven.com\/wp-content\/uploads\/2015\/01\/pppppp.jpg?fit=1024%2C768&ssl=1","width":1024,"height":768},{"@type":"BreadcrumbList","@id":"https:\/\/piyanomerdiven.com\/?page_id=54#breadcrumb","itemListElement":[{"@type":"ListItem","position":1,"name":"Anasayfa","item":"https:\/\/piyanomerdiven.com\/"},{"@type":"ListItem","position":2,"name":"\u00dcr\u00fcnler\/Hizmetler"}]},{"@type":"WebSite","@id":"https:\/\/piyanomerdiven.com\/#website","url":"https:\/\/piyanomerdiven.com\/","name":"piyanomerdiven.com","description":"&quot;Future \u0130nnovaition&quot;","publisher":{"@id":"https:\/\/piyanomerdiven.com\/#organization"},"potentialAction":[{"@type":"SearchAction","target":{"@type":"EntryPoint","urlTemplate":"https:\/\/piyanomerdiven.com\/?s={search_term_string}"},"query-input":{"@type":"PropertyValueSpecification","valueRequired":true,"valueName":"search_term_string"}}],"inLanguage":"tr"},{"@type":"Organization","@id":"https:\/\/piyanomerdiven.com\/#organization","name":"Piyano Merdiven Minyat\u00fcr M\u00fchendislik","url":"https:\/\/piyanomerdiven.com\/","logo":{"@type":"ImageObject","inLanguage":"tr","@id":"https:\/\/piyanomerdiven.com\/#\/schema\/logo\/image\/","url":"https:\/\/i0.wp.com\/piyanomerdiven.com\/wp-content\/uploads\/2019\/04\/logom7.png?fit=1315%2C254&ssl=1","contentUrl":"https:\/\/i0.wp.com\/piyanomerdiven.com\/wp-content\/uploads\/2019\/04\/logom7.png?fit=1315%2C254&ssl=1","width":1315,"height":254,"caption":"Piyano Merdiven Minyat\u00fcr M\u00fchendislik"},"image":{"@id":"https:\/\/piyanomerdiven.com\/#\/schema\/logo\/image\/"}}]}},"jetpack_sharing_enabled":true,"jetpack_shortlink":"https:\/\/wp.me\/P8eeFL-S","_links":{"self":[{"href":"https:\/\/piyanomerdiven.com\/index.php?rest_route=\/wp\/v2\/pages\/54","targetHints":{"allow":["GET"]}}],"collection":[{"href":"https:\/\/piyanomerdiven.com\/index.php?rest_route=\/wp\/v2\/pages"}],"about":[{"href":"https:\/\/piyanomerdiven.com\/index.php?rest_route=\/wp\/v2\/types\/page"}],"author":[{"embeddable":true,"href":"https:\/\/piyanomerdiven.com\/index.php?rest_route=\/wp\/v2\/users\/1"}],"replies":[{"embeddable":true,"href":"https:\/\/piyanomerdiven.com\/index.php?rest_route=%2Fwp%2Fv2%2Fcomments&post=54"}],"version-history":[{"count":13,"href":"https:\/\/piyanomerdiven.com\/index.php?rest_route=\/wp\/v2\/pages\/54\/revisions"}],"predecessor-version":[{"id":321,"href":"https:\/\/piyanomerdiven.com\/index.php?rest_route=\/wp\/v2\/pages\/54\/revisions\/321"}],"wp:attachment":[{"href":"https:\/\/piyanomerdiven.com\/index.php?rest_route=%2Fwp%2Fv2%2Fmedia&parent=54"}],"curies":[{"name":"wp","href":"https:\/\/api.w.org\/{rel}","templated":true}]}}