{"id":425,"date":"2015-12-23T09:25:33","date_gmt":"2015-12-23T09:25:33","guid":{"rendered":"http:\/\/piyanomerdiven.com\/?page_id=425"},"modified":"2015-12-23T09:25:33","modified_gmt":"2015-12-23T09:25:33","slug":"sarj-istasyonu","status":"publish","type":"page","link":"https:\/\/piyanomerdiven.com\/?page_id=425","title":{"rendered":"\u015earj \u0130stasyonu"},"content":{"rendered":"<p><strong>Ak\u00fcl\u00fc engelli arac\u0131 \u015farj istasyonlar\u0131\u00a0<\/strong><\/p>\n<p>&nbsp;<\/p>\n<p><img data-recalc-dims=\"1\" loading=\"lazy\" decoding=\"async\" class=\"alignleft wp-image-422 size-full\" src=\"https:\/\/i0.wp.com\/piyanomerdiven.com\/wp-content\/uploads\/2015\/11\/12366307_10153403111840914_3692725614433874689_n.jpg?resize=540%2C960\" alt=\"12366307_10153403111840914_3692725614433874689_n\" width=\"540\" height=\"960\" srcset=\"https:\/\/i0.wp.com\/piyanomerdiven.com\/wp-content\/uploads\/2015\/11\/12366307_10153403111840914_3692725614433874689_n.jpg?w=540&amp;ssl=1 540w, https:\/\/i0.wp.com\/piyanomerdiven.com\/wp-content\/uploads\/2015\/11\/12366307_10153403111840914_3692725614433874689_n.jpg?resize=169%2C300&amp;ssl=1 169w\" sizes=\"auto, (max-width: 540px) 100vw, 540px\" \/><\/p>\n","protected":false},"excerpt":{"rendered":"<p>Ak\u00fcl\u00fc engelli arac\u0131 \u015farj istasyonlar\u0131\u00a0 &nbsp;<\/p>\n","protected":false},"author":1,"featured_media":0,"parent":54,"menu_order":0,"comment_status":"closed","ping_status":"closed","template":"","meta":{"footnotes":""},"class_list":["post-425","page","type-page","status-publish","hentry"],"yoast_head":"<!-- This site is optimized with the Yoast SEO plugin v27.5 - https:\/\/yoast.com\/product\/yoast-seo-wordpress\/ -->\n<title>\u015earj \u0130stasyonu - Piyano Merdiven<\/title>\n<meta name=\"robots\" content=\"index, follow, max-snippet:-1, max-image-preview:large, max-video-preview:-1\" \/>\n<link rel=\"canonical\" href=\"https:\/\/piyanomerdiven.com\/?page_id=425\" \/>\n<meta property=\"og:locale\" content=\"tr_TR\" \/>\n<meta property=\"og:type\" content=\"article\" \/>\n<meta property=\"og:title\" content=\"\u015earj \u0130stasyonu - Piyano Merdiven\" \/>\n<meta property=\"og:description\" content=\"Ak\u00fcl\u00fc engelli arac\u0131 \u015farj istasyonlar\u0131\u00a0 &nbsp;\" \/>\n<meta property=\"og:url\" content=\"https:\/\/piyanomerdiven.com\/?page_id=425\" \/>\n<meta property=\"og:site_name\" content=\"Piyano Merdiven\" \/>\n<meta property=\"og:image\" content=\"http:\/\/piyanomerdiven.com\/wp-content\/uploads\/2015\/11\/12366307_10153403111840914_3692725614433874689_n.jpg\" \/>\n<meta name=\"twitter:card\" content=\"summary_large_image\" \/>\n<script type=\"application\/ld+json\" class=\"yoast-schema-graph\">{\"@context\":\"https:\\\/\\\/schema.org\",\"@graph\":[{\"@type\":\"WebPage\",\"@id\":\"https:\\\/\\\/piyanomerdiven.com\\\/?page_id=425\",\"url\":\"https:\\\/\\\/piyanomerdiven.com\\\/?page_id=425\",\"name\":\"\u015earj \u0130stasyonu - Piyano Merdiven\",\"isPartOf\":{\"@id\":\"https:\\\/\\\/piyanomerdiven.com\\\/#website\"},\"primaryImageOfPage\":{\"@id\":\"https:\\\/\\\/piyanomerdiven.com\\\/?page_id=425#primaryimage\"},\"image\":{\"@id\":\"https:\\\/\\\/piyanomerdiven.com\\\/?page_id=425#primaryimage\"},\"thumbnailUrl\":\"http:\\\/\\\/piyanomerdiven.com\\\/wp-content\\\/uploads\\\/2015\\\/11\\\/12366307_10153403111840914_3692725614433874689_n.jpg\",\"datePublished\":\"2015-12-23T09:25:33+00:00\",\"breadcrumb\":{\"@id\":\"https:\\\/\\\/piyanomerdiven.com\\\/?page_id=425#breadcrumb\"},\"inLanguage\":\"tr\",\"potentialAction\":[{\"@type\":\"ReadAction\",\"target\":[\"https:\\\/\\\/piyanomerdiven.com\\\/?page_id=425\"]}]},{\"@type\":\"ImageObject\",\"inLanguage\":\"tr\",\"@id\":\"https:\\\/\\\/piyanomerdiven.com\\\/?page_id=425#primaryimage\",\"url\":\"https:\\\/\\\/i0.wp.com\\\/piyanomerdiven.com\\\/wp-content\\\/uploads\\\/2015\\\/11\\\/12366307_10153403111840914_3692725614433874689_n.jpg?fit=540%2C960&ssl=1\",\"contentUrl\":\"https:\\\/\\\/i0.wp.com\\\/piyanomerdiven.com\\\/wp-content\\\/uploads\\\/2015\\\/11\\\/12366307_10153403111840914_3692725614433874689_n.jpg?fit=540%2C960&ssl=1\",\"width\":540,\"height\":960},{\"@type\":\"BreadcrumbList\",\"@id\":\"https:\\\/\\\/piyanomerdiven.com\\\/?page_id=425#breadcrumb\",\"itemListElement\":[{\"@type\":\"ListItem\",\"position\":1,\"name\":\"Anasayfa\",\"item\":\"https:\\\/\\\/piyanomerdiven.com\\\/\"},{\"@type\":\"ListItem\",\"position\":2,\"name\":\"\u00dcr\u00fcnler\\\/Hizmetler\",\"item\":\"https:\\\/\\\/piyanomerdiven.com\\\/?page_id=54\"},{\"@type\":\"ListItem\",\"position\":3,\"name\":\"\u015earj \u0130stasyonu\"}]},{\"@type\":\"WebSite\",\"@id\":\"https:\\\/\\\/piyanomerdiven.com\\\/#website\",\"url\":\"https:\\\/\\\/piyanomerdiven.com\\\/\",\"name\":\"piyanomerdiven.com\",\"description\":\"&quot;Future \u0130nnovaition&quot;\",\"publisher\":{\"@id\":\"https:\\\/\\\/piyanomerdiven.com\\\/#organization\"},\"potentialAction\":[{\"@type\":\"SearchAction\",\"target\":{\"@type\":\"EntryPoint\",\"urlTemplate\":\"https:\\\/\\\/piyanomerdiven.com\\\/?s={search_term_string}\"},\"query-input\":{\"@type\":\"PropertyValueSpecification\",\"valueRequired\":true,\"valueName\":\"search_term_string\"}}],\"inLanguage\":\"tr\"},{\"@type\":\"Organization\",\"@id\":\"https:\\\/\\\/piyanomerdiven.com\\\/#organization\",\"name\":\"Piyano Merdiven Minyat\u00fcr M\u00fchendislik\",\"url\":\"https:\\\/\\\/piyanomerdiven.com\\\/\",\"logo\":{\"@type\":\"ImageObject\",\"inLanguage\":\"tr\",\"@id\":\"https:\\\/\\\/piyanomerdiven.com\\\/#\\\/schema\\\/logo\\\/image\\\/\",\"url\":\"https:\\\/\\\/i0.wp.com\\\/piyanomerdiven.com\\\/wp-content\\\/uploads\\\/2019\\\/04\\\/logom7.png?fit=1315%2C254&ssl=1\",\"contentUrl\":\"https:\\\/\\\/i0.wp.com\\\/piyanomerdiven.com\\\/wp-content\\\/uploads\\\/2019\\\/04\\\/logom7.png?fit=1315%2C254&ssl=1\",\"width\":1315,\"height\":254,\"caption\":\"Piyano Merdiven Minyat\u00fcr M\u00fchendislik\"},\"image\":{\"@id\":\"https:\\\/\\\/piyanomerdiven.com\\\/#\\\/schema\\\/logo\\\/image\\\/\"}}]}<\/script>\n<!-- \/ Yoast SEO plugin. -->","yoast_head_json":{"title":"\u015earj \u0130stasyonu - Piyano Merdiven","robots":{"index":"index","follow":"follow","max-snippet":"max-snippet:-1","max-image-preview":"max-image-preview:large","max-video-preview":"max-video-preview:-1"},"canonical":"https:\/\/piyanomerdiven.com\/?page_id=425","og_locale":"tr_TR","og_type":"article","og_title":"\u015earj \u0130stasyonu - Piyano Merdiven","og_description":"Ak\u00fcl\u00fc engelli arac\u0131 \u015farj istasyonlar\u0131\u00a0 &nbsp;","og_url":"https:\/\/piyanomerdiven.com\/?page_id=425","og_site_name":"Piyano Merdiven","og_image":[{"url":"http:\/\/piyanomerdiven.com\/wp-content\/uploads\/2015\/11\/12366307_10153403111840914_3692725614433874689_n.jpg","type":"","width":"","height":""}],"twitter_card":"summary_large_image","schema":{"@context":"https:\/\/schema.org","@graph":[{"@type":"WebPage","@id":"https:\/\/piyanomerdiven.com\/?page_id=425","url":"https:\/\/piyanomerdiven.com\/?page_id=425","name":"\u015earj \u0130stasyonu - Piyano Merdiven","isPartOf":{"@id":"https:\/\/piyanomerdiven.com\/#website"},"primaryImageOfPage":{"@id":"https:\/\/piyanomerdiven.com\/?page_id=425#primaryimage"},"image":{"@id":"https:\/\/piyanomerdiven.com\/?page_id=425#primaryimage"},"thumbnailUrl":"http:\/\/piyanomerdiven.com\/wp-content\/uploads\/2015\/11\/12366307_10153403111840914_3692725614433874689_n.jpg","datePublished":"2015-12-23T09:25:33+00:00","breadcrumb":{"@id":"https:\/\/piyanomerdiven.com\/?page_id=425#breadcrumb"},"inLanguage":"tr","potentialAction":[{"@type":"ReadAction","target":["https:\/\/piyanomerdiven.com\/?page_id=425"]}]},{"@type":"ImageObject","inLanguage":"tr","@id":"https:\/\/piyanomerdiven.com\/?page_id=425#primaryimage","url":"https:\/\/i0.wp.com\/piyanomerdiven.com\/wp-content\/uploads\/2015\/11\/12366307_10153403111840914_3692725614433874689_n.jpg?fit=540%2C960&ssl=1","contentUrl":"https:\/\/i0.wp.com\/piyanomerdiven.com\/wp-content\/uploads\/2015\/11\/12366307_10153403111840914_3692725614433874689_n.jpg?fit=540%2C960&ssl=1","width":540,"height":960},{"@type":"BreadcrumbList","@id":"https:\/\/piyanomerdiven.com\/?page_id=425#breadcrumb","itemListElement":[{"@type":"ListItem","position":1,"name":"Anasayfa","item":"https:\/\/piyanomerdiven.com\/"},{"@type":"ListItem","position":2,"name":"\u00dcr\u00fcnler\/Hizmetler","item":"https:\/\/piyanomerdiven.com\/?page_id=54"},{"@type":"ListItem","position":3,"name":"\u015earj \u0130stasyonu"}]},{"@type":"WebSite","@id":"https:\/\/piyanomerdiven.com\/#website","url":"https:\/\/piyanomerdiven.com\/","name":"piyanomerdiven.com","description":"&quot;Future \u0130nnovaition&quot;","publisher":{"@id":"https:\/\/piyanomerdiven.com\/#organization"},"potentialAction":[{"@type":"SearchAction","target":{"@type":"EntryPoint","urlTemplate":"https:\/\/piyanomerdiven.com\/?s={search_term_string}"},"query-input":{"@type":"PropertyValueSpecification","valueRequired":true,"valueName":"search_term_string"}}],"inLanguage":"tr"},{"@type":"Organization","@id":"https:\/\/piyanomerdiven.com\/#organization","name":"Piyano Merdiven Minyat\u00fcr M\u00fchendislik","url":"https:\/\/piyanomerdiven.com\/","logo":{"@type":"ImageObject","inLanguage":"tr","@id":"https:\/\/piyanomerdiven.com\/#\/schema\/logo\/image\/","url":"https:\/\/i0.wp.com\/piyanomerdiven.com\/wp-content\/uploads\/2019\/04\/logom7.png?fit=1315%2C254&ssl=1","contentUrl":"https:\/\/i0.wp.com\/piyanomerdiven.com\/wp-content\/uploads\/2019\/04\/logom7.png?fit=1315%2C254&ssl=1","width":1315,"height":254,"caption":"Piyano Merdiven Minyat\u00fcr M\u00fchendislik"},"image":{"@id":"https:\/\/piyanomerdiven.com\/#\/schema\/logo\/image\/"}}]}},"jetpack_sharing_enabled":true,"jetpack_shortlink":"https:\/\/wp.me\/P8eeFL-6R","_links":{"self":[{"href":"https:\/\/piyanomerdiven.com\/index.php?rest_route=\/wp\/v2\/pages\/425","targetHints":{"allow":["GET"]}}],"collection":[{"href":"https:\/\/piyanomerdiven.com\/index.php?rest_route=\/wp\/v2\/pages"}],"about":[{"href":"https:\/\/piyanomerdiven.com\/index.php?rest_route=\/wp\/v2\/types\/page"}],"author":[{"embeddable":true,"href":"https:\/\/piyanomerdiven.com\/index.php?rest_route=\/wp\/v2\/users\/1"}],"replies":[{"embeddable":true,"href":"https:\/\/piyanomerdiven.com\/index.php?rest_route=%2Fwp%2Fv2%2Fcomments&post=425"}],"version-history":[{"count":1,"href":"https:\/\/piyanomerdiven.com\/index.php?rest_route=\/wp\/v2\/pages\/425\/revisions"}],"predecessor-version":[{"id":426,"href":"https:\/\/piyanomerdiven.com\/index.php?rest_route=\/wp\/v2\/pages\/425\/revisions\/426"}],"up":[{"embeddable":true,"href":"https:\/\/piyanomerdiven.com\/index.php?rest_route=\/wp\/v2\/pages\/54"}],"wp:attachment":[{"href":"https:\/\/piyanomerdiven.com\/index.php?rest_route=%2Fwp%2Fv2%2Fmedia&parent=425"}],"curies":[{"name":"wp","href":"https:\/\/api.w.org\/{rel}","templated":true}]}}