{"id":221,"date":"2015-04-05T18:33:04","date_gmt":"2015-04-05T18:33:04","guid":{"rendered":"http:\/\/piyanomerdiven.com\/?page_id=221"},"modified":"2020-07-02T11:46:36","modified_gmt":"2020-07-02T11:46:36","slug":"havadan-goruntuleme","status":"publish","type":"page","link":"https:\/\/piyanomerdiven.com\/?page_id=221","title":{"rendered":"Drone \u00c7ekimleri 4K"},"content":{"rendered":"<p><a href=\"https:\/\/i0.wp.com\/piyanomerdiven.com\/wp-content\/uploads\/2015\/04\/TBSDiscoveryGroundStation1.jpg\"><img data-recalc-dims=\"1\" loading=\"lazy\" decoding=\"async\" class=\"wp-image-1002 aligncenter\" src=\"https:\/\/i0.wp.com\/piyanomerdiven.com\/wp-content\/uploads\/2020\/07\/DJI_mavic_air_2_main-1280x720-1.jpg?resize=616%2C346\" alt=\"\" width=\"616\" height=\"346\" srcset=\"https:\/\/i0.wp.com\/piyanomerdiven.com\/wp-content\/uploads\/2020\/07\/DJI_mavic_air_2_main-1280x720-1.jpg?resize=1024%2C576&amp;ssl=1 1024w, https:\/\/i0.wp.com\/piyanomerdiven.com\/wp-content\/uploads\/2020\/07\/DJI_mavic_air_2_main-1280x720-1.jpg?resize=300%2C169&amp;ssl=1 300w, https:\/\/i0.wp.com\/piyanomerdiven.com\/wp-content\/uploads\/2020\/07\/DJI_mavic_air_2_main-1280x720-1.jpg?resize=768%2C432&amp;ssl=1 768w, https:\/\/i0.wp.com\/piyanomerdiven.com\/wp-content\/uploads\/2020\/07\/DJI_mavic_air_2_main-1280x720-1.jpg?resize=1232%2C693&amp;ssl=1 1232w, https:\/\/i0.wp.com\/piyanomerdiven.com\/wp-content\/uploads\/2020\/07\/DJI_mavic_air_2_main-1280x720-1.jpg?resize=600%2C338&amp;ssl=1 600w, https:\/\/i0.wp.com\/piyanomerdiven.com\/wp-content\/uploads\/2020\/07\/DJI_mavic_air_2_main-1280x720-1.jpg?w=1280&amp;ssl=1 1280w\" sizes=\"auto, (max-width: 616px) 100vw, 616px\" \/><\/a><\/p>\n<p><strong>Havadan G\u00f6r\u00fcnt\u00fcleme Sistemi nedir?<\/strong><\/p>\n<p>Profesyonel havadan g\u00f6r\u00fcnt\u00fcleme sistemi ile 4k HD kalitede video kay\u0131tlar\u0131 yap\u0131l\u0131r. Profesyonel video d\u00fczenlemeleri ile ses, m\u00fczik eklenerek kaliteli video klipler haz\u0131rlan\u0131r.<\/p>\n<p>\u00a0<\/p>\n<p><strong>Havadan G\u00f6r\u00fcnt\u00fcleme Sistemi nerelerde\u00a0kullan\u0131l\u0131r?<\/strong><\/p>\n<p>&#8211; Belediyeler ve d\u00fczenledikleri etkinlikler i\u00e7in havadan g\u00f6r\u00fcnt\u00fc alarak dikkat \u00e7eken kaliteli reklam de\u011feri y\u00fcksek \u00f6zel video klipler haz\u0131rlanmaktad\u0131r.<\/p>\n<p>&#8211; \u0130n\u015faat firmalar\u0131 i\u00e7in ger\u00e7ekle\u015ftirdikleri projeleri a\u015fama a\u015fama kay\u0131t alt\u0131na alarak projelerinin reklam filmini haz\u0131rlamaktay\u0131z.<\/p>\n<p>&#8211; Okullardaki etkinlikleri ve organizasyonlar\u0131 kay\u0131t alt\u0131na al\u0131p video klipleri haz\u0131rlan\u0131r.<\/p>\n<p>\u00a0<\/p>\n<p><strong>Havadan G\u00f6r\u00fcnt\u00fcleme Sistemi ne kazand\u0131r\u0131r?<\/strong><\/p>\n<p>&#8211; Belediyeler ve in\u015faat firmalar\u0131 sosyal medyay\u0131 kullanarak \u00f6zel haz\u0131rlanm\u0131\u015f video klip ile insanlar\u0131n ilgisini \u00e7ekeceklerdir.<\/p>\n<p>&#8211; Okullarda kay\u0131t edilen g\u00f6r\u00fcnt\u00fcler sayesinde ger\u00e7ekle\u015ftirilen etkinliklerin \u00f6l\u00fcms\u00fczle\u015ftirilmesine katk\u0131 sa\u011flar.<\/p>\n<p>\u00a0<\/p>\n<p><a href=\"https:\/\/i0.wp.com\/piyanomerdiven.com\/wp-content\/uploads\/2015\/04\/TBSDiscoveryGroundStation1.jpg\"><img data-recalc-dims=\"1\" loading=\"lazy\" decoding=\"async\" class=\"size-large wp-image-1006 aligncenter\" src=\"https:\/\/i0.wp.com\/piyanomerdiven.com\/wp-content\/uploads\/2020\/07\/y1.jpg?resize=1024%2C576\" alt=\"\" width=\"1024\" height=\"576\" srcset=\"https:\/\/i0.wp.com\/piyanomerdiven.com\/wp-content\/uploads\/2020\/07\/y1.jpg?resize=1024%2C576&amp;ssl=1 1024w, https:\/\/i0.wp.com\/piyanomerdiven.com\/wp-content\/uploads\/2020\/07\/y1.jpg?resize=300%2C169&amp;ssl=1 300w, https:\/\/i0.wp.com\/piyanomerdiven.com\/wp-content\/uploads\/2020\/07\/y1.jpg?resize=768%2C432&amp;ssl=1 768w, https:\/\/i0.wp.com\/piyanomerdiven.com\/wp-content\/uploads\/2020\/07\/y1.jpg?resize=1536%2C864&amp;ssl=1 1536w, https:\/\/i0.wp.com\/piyanomerdiven.com\/wp-content\/uploads\/2020\/07\/y1.jpg?resize=1232%2C693&amp;ssl=1 1232w, https:\/\/i0.wp.com\/piyanomerdiven.com\/wp-content\/uploads\/2020\/07\/y1.jpg?resize=600%2C338&amp;ssl=1 600w, https:\/\/i0.wp.com\/piyanomerdiven.com\/wp-content\/uploads\/2020\/07\/y1.jpg?w=1920&amp;ssl=1 1920w\" sizes=\"auto, (max-width: 1024px) 100vw, 1024px\" \/><\/a><a href=\"https:\/\/i0.wp.com\/piyanomerdiven.com\/wp-content\/uploads\/2015\/04\/TBSDiscoveryGroundStation1.jpg\"><img data-recalc-dims=\"1\" loading=\"lazy\" decoding=\"async\" class=\"wp-image-222 aligncenter\" src=\"https:\/\/i0.wp.com\/piyanomerdiven.com\/wp-content\/uploads\/2015\/04\/3.jpg?resize=1000%2C602\" alt=\"DCIM100GOPRO\" width=\"1000\" height=\"602\" srcset=\"https:\/\/i0.wp.com\/piyanomerdiven.com\/wp-content\/uploads\/2015\/04\/3.jpg?resize=1024%2C616&amp;ssl=1 1024w, https:\/\/i0.wp.com\/piyanomerdiven.com\/wp-content\/uploads\/2015\/04\/3.jpg?resize=300%2C181&amp;ssl=1 300w, https:\/\/i0.wp.com\/piyanomerdiven.com\/wp-content\/uploads\/2015\/04\/3.jpg?w=1500&amp;ssl=1 1500w\" sizes=\"auto, (max-width: 1000px) 100vw, 1000px\" \/><\/a><a href=\"https:\/\/i0.wp.com\/piyanomerdiven.com\/wp-content\/uploads\/2015\/04\/TBSDiscoveryGroundStation1.jpg\"><img data-recalc-dims=\"1\" loading=\"lazy\" decoding=\"async\" class=\"size-large wp-image-1007 aligncenter\" src=\"https:\/\/i0.wp.com\/piyanomerdiven.com\/wp-content\/uploads\/2020\/07\/y2.jpg?resize=1024%2C576\" alt=\"\" width=\"1024\" height=\"576\" srcset=\"https:\/\/i0.wp.com\/piyanomerdiven.com\/wp-content\/uploads\/2020\/07\/y2.jpg?resize=1024%2C576&amp;ssl=1 1024w, https:\/\/i0.wp.com\/piyanomerdiven.com\/wp-content\/uploads\/2020\/07\/y2.jpg?resize=300%2C169&amp;ssl=1 300w, https:\/\/i0.wp.com\/piyanomerdiven.com\/wp-content\/uploads\/2020\/07\/y2.jpg?resize=768%2C432&amp;ssl=1 768w, https:\/\/i0.wp.com\/piyanomerdiven.com\/wp-content\/uploads\/2020\/07\/y2.jpg?resize=1536%2C864&amp;ssl=1 1536w, https:\/\/i0.wp.com\/piyanomerdiven.com\/wp-content\/uploads\/2020\/07\/y2.jpg?resize=1232%2C693&amp;ssl=1 1232w, https:\/\/i0.wp.com\/piyanomerdiven.com\/wp-content\/uploads\/2020\/07\/y2.jpg?resize=600%2C338&amp;ssl=1 600w, https:\/\/i0.wp.com\/piyanomerdiven.com\/wp-content\/uploads\/2020\/07\/y2.jpg?w=1920&amp;ssl=1 1920w\" sizes=\"auto, (max-width: 1024px) 100vw, 1024px\" \/><\/a><a href=\"https:\/\/i0.wp.com\/piyanomerdiven.com\/wp-content\/uploads\/2015\/04\/turkuav_okto.jpg\"><img data-recalc-dims=\"1\" loading=\"lazy\" decoding=\"async\" class=\"wp-image-224 aligncenter\" src=\"https:\/\/i0.wp.com\/piyanomerdiven.com\/wp-content\/uploads\/2015\/04\/turkuav_okto.jpg?resize=1000%2C445\" alt=\"S\" width=\"1000\" height=\"445\" srcset=\"https:\/\/i0.wp.com\/piyanomerdiven.com\/wp-content\/uploads\/2015\/04\/turkuav_okto.jpg?w=1068&amp;ssl=1 1068w, https:\/\/i0.wp.com\/piyanomerdiven.com\/wp-content\/uploads\/2015\/04\/turkuav_okto.jpg?resize=300%2C133&amp;ssl=1 300w, https:\/\/i0.wp.com\/piyanomerdiven.com\/wp-content\/uploads\/2015\/04\/turkuav_okto.jpg?resize=1024%2C455&amp;ssl=1 1024w\" sizes=\"auto, (max-width: 1000px) 100vw, 1000px\" \/><\/a><\/p>\n<p><a href=\"https:\/\/i0.wp.com\/piyanomerdiven.com\/wp-content\/uploads\/2015\/04\/regnum_1.jpg\"><img data-recalc-dims=\"1\" loading=\"lazy\" decoding=\"async\" class=\"size-large wp-image-1021 aligncenter\" src=\"https:\/\/i0.wp.com\/piyanomerdiven.com\/wp-content\/uploads\/2020\/07\/dfdf.jpg?resize=1024%2C576\" alt=\"\" width=\"1024\" height=\"576\" srcset=\"https:\/\/i0.wp.com\/piyanomerdiven.com\/wp-content\/uploads\/2020\/07\/dfdf.jpg?resize=1024%2C576&amp;ssl=1 1024w, https:\/\/i0.wp.com\/piyanomerdiven.com\/wp-content\/uploads\/2020\/07\/dfdf.jpg?resize=300%2C169&amp;ssl=1 300w, https:\/\/i0.wp.com\/piyanomerdiven.com\/wp-content\/uploads\/2020\/07\/dfdf.jpg?resize=768%2C432&amp;ssl=1 768w, https:\/\/i0.wp.com\/piyanomerdiven.com\/wp-content\/uploads\/2020\/07\/dfdf.jpg?resize=1536%2C864&amp;ssl=1 1536w, https:\/\/i0.wp.com\/piyanomerdiven.com\/wp-content\/uploads\/2020\/07\/dfdf.jpg?resize=1232%2C693&amp;ssl=1 1232w, https:\/\/i0.wp.com\/piyanomerdiven.com\/wp-content\/uploads\/2020\/07\/dfdf.jpg?resize=600%2C338&amp;ssl=1 600w, https:\/\/i0.wp.com\/piyanomerdiven.com\/wp-content\/uploads\/2020\/07\/dfdf.jpg?w=1920&amp;ssl=1 1920w\" sizes=\"auto, (max-width: 1024px) 100vw, 1024px\" \/><img data-recalc-dims=\"1\" loading=\"lazy\" decoding=\"async\" class=\"wp-image-223 aligncenter\" src=\"https:\/\/i0.wp.com\/piyanomerdiven.com\/wp-content\/uploads\/2015\/04\/regnum_1.jpg?resize=1000%2C584\" alt=\"regnum_1\" width=\"1000\" height=\"584\" srcset=\"https:\/\/i0.wp.com\/piyanomerdiven.com\/wp-content\/uploads\/2015\/04\/regnum_1.jpg?w=507&amp;ssl=1 507w, https:\/\/i0.wp.com\/piyanomerdiven.com\/wp-content\/uploads\/2015\/04\/regnum_1.jpg?resize=300%2C175&amp;ssl=1 300w\" sizes=\"auto, (max-width: 1000px) 100vw, 1000px\" \/><\/a><\/p>\n\n\n<figure class=\"wp-block-embed-youtube wp-block-embed is-type-video is-provider-youtube wp-embed-aspect-16-9 wp-has-aspect-ratio\"><div class=\"wp-block-embed__wrapper\">\n<span class=\"embed-youtube\" style=\"text-align:center; display: block;\"><iframe loading=\"lazy\" class=\"youtube-player\" width=\"3840\" height=\"2160\" src=\"https:\/\/www.youtube.com\/embed\/GqSZt9dtxCE?version=3&#038;rel=1&#038;showsearch=0&#038;showinfo=1&#038;iv_load_policy=1&#038;fs=1&#038;hl=tr-TR&#038;autohide=2&#038;wmode=transparent\" allowfullscreen=\"true\" style=\"border:0;\" sandbox=\"allow-scripts allow-same-origin allow-popups allow-presentation allow-popups-to-escape-sandbox\"><\/iframe><\/span>\n<\/div><\/figure>\n","protected":false},"excerpt":{"rendered":"<p>Havadan G\u00f6r\u00fcnt\u00fcleme Sistemi nedir? Profesyonel havadan g\u00f6r\u00fcnt\u00fcleme sistemi ile 4k HD kalitede video kay\u0131tlar\u0131 yap\u0131l\u0131r. Profesyonel video d\u00fczenlemeleri ile ses, m\u00fczik eklenerek kaliteli video klipler haz\u0131rlan\u0131r. \u00a0 Havadan G\u00f6r\u00fcnt\u00fcleme Sistemi nerelerde\u00a0kullan\u0131l\u0131r? &#8211; Belediyeler ve d\u00fczenledikleri etkinlikler i\u00e7in havadan g\u00f6r\u00fcnt\u00fc alarak dikkat \u00e7eken kaliteli reklam de\u011feri y\u00fcksek \u00f6zel video klipler haz\u0131rlanmaktad\u0131r. &#8211; \u0130n\u015faat firmalar\u0131 i\u00e7in ger\u00e7ekle\u015ftirdikleri&nbsp;&hellip;<\/p>\n","protected":false},"author":1,"featured_media":0,"parent":54,"menu_order":0,"comment_status":"closed","ping_status":"closed","template":"","meta":{"footnotes":""},"class_list":["post-221","page","type-page","status-publish","hentry"],"yoast_head":"<!-- This site is optimized with the Yoast SEO plugin v27.5 - https:\/\/yoast.com\/product\/yoast-seo-wordpress\/ -->\n<title>Drone \u00c7ekimleri 4K - Piyano Merdiven<\/title>\n<meta name=\"robots\" content=\"index, follow, max-snippet:-1, max-image-preview:large, max-video-preview:-1\" \/>\n<link rel=\"canonical\" href=\"https:\/\/piyanomerdiven.com\/?page_id=221\" \/>\n<meta property=\"og:locale\" content=\"tr_TR\" \/>\n<meta property=\"og:type\" content=\"article\" \/>\n<meta property=\"og:title\" content=\"Drone \u00c7ekimleri 4K - Piyano Merdiven\" \/>\n<meta property=\"og:description\" content=\"Havadan G\u00f6r\u00fcnt\u00fcleme Sistemi nedir? Profesyonel havadan g\u00f6r\u00fcnt\u00fcleme sistemi ile 4k HD kalitede video kay\u0131tlar\u0131 yap\u0131l\u0131r. Profesyonel video d\u00fczenlemeleri ile ses, m\u00fczik eklenerek kaliteli video klipler haz\u0131rlan\u0131r. \u00a0 Havadan G\u00f6r\u00fcnt\u00fcleme Sistemi nerelerde\u00a0kullan\u0131l\u0131r? &#8211; Belediyeler ve d\u00fczenledikleri etkinlikler i\u00e7in havadan g\u00f6r\u00fcnt\u00fc alarak dikkat \u00e7eken kaliteli reklam de\u011feri y\u00fcksek \u00f6zel video klipler haz\u0131rlanmaktad\u0131r. &#8211; \u0130n\u015faat firmalar\u0131 i\u00e7in ger\u00e7ekle\u015ftirdikleri&nbsp;&hellip;\" \/>\n<meta property=\"og:url\" content=\"https:\/\/piyanomerdiven.com\/?page_id=221\" \/>\n<meta property=\"og:site_name\" content=\"Piyano Merdiven\" \/>\n<meta property=\"article:modified_time\" content=\"2020-07-02T11:46:36+00:00\" \/>\n<meta property=\"og:image\" content=\"http:\/\/piyanomerdiven.com\/wp-content\/uploads\/2020\/07\/DJI_mavic_air_2_main-1280x720-1-1024x576.jpg\" \/>\n<meta name=\"twitter:card\" content=\"summary_large_image\" \/>\n<meta name=\"twitter:label1\" content=\"Tahmini okuma s\u00fcresi\" \/>\n\t<meta name=\"twitter:data1\" content=\"1 dakika\" \/>\n<script type=\"application\/ld+json\" class=\"yoast-schema-graph\">{\"@context\":\"https:\\\/\\\/schema.org\",\"@graph\":[{\"@type\":\"WebPage\",\"@id\":\"https:\\\/\\\/piyanomerdiven.com\\\/?page_id=221\",\"url\":\"https:\\\/\\\/piyanomerdiven.com\\\/?page_id=221\",\"name\":\"Drone \u00c7ekimleri 4K - Piyano Merdiven\",\"isPartOf\":{\"@id\":\"https:\\\/\\\/piyanomerdiven.com\\\/#website\"},\"primaryImageOfPage\":{\"@id\":\"https:\\\/\\\/piyanomerdiven.com\\\/?page_id=221#primaryimage\"},\"image\":{\"@id\":\"https:\\\/\\\/piyanomerdiven.com\\\/?page_id=221#primaryimage\"},\"thumbnailUrl\":\"http:\\\/\\\/piyanomerdiven.com\\\/wp-content\\\/uploads\\\/2020\\\/07\\\/DJI_mavic_air_2_main-1280x720-1-1024x576.jpg\",\"datePublished\":\"2015-04-05T18:33:04+00:00\",\"dateModified\":\"2020-07-02T11:46:36+00:00\",\"breadcrumb\":{\"@id\":\"https:\\\/\\\/piyanomerdiven.com\\\/?page_id=221#breadcrumb\"},\"inLanguage\":\"tr\",\"potentialAction\":[{\"@type\":\"ReadAction\",\"target\":[\"https:\\\/\\\/piyanomerdiven.com\\\/?page_id=221\"]}]},{\"@type\":\"ImageObject\",\"inLanguage\":\"tr\",\"@id\":\"https:\\\/\\\/piyanomerdiven.com\\\/?page_id=221#primaryimage\",\"url\":\"https:\\\/\\\/i0.wp.com\\\/piyanomerdiven.com\\\/wp-content\\\/uploads\\\/2020\\\/07\\\/DJI_mavic_air_2_main-1280x720-1.jpg?fit=1280%2C720&ssl=1\",\"contentUrl\":\"https:\\\/\\\/i0.wp.com\\\/piyanomerdiven.com\\\/wp-content\\\/uploads\\\/2020\\\/07\\\/DJI_mavic_air_2_main-1280x720-1.jpg?fit=1280%2C720&ssl=1\",\"width\":1280,\"height\":720},{\"@type\":\"BreadcrumbList\",\"@id\":\"https:\\\/\\\/piyanomerdiven.com\\\/?page_id=221#breadcrumb\",\"itemListElement\":[{\"@type\":\"ListItem\",\"position\":1,\"name\":\"Anasayfa\",\"item\":\"https:\\\/\\\/piyanomerdiven.com\\\/\"},{\"@type\":\"ListItem\",\"position\":2,\"name\":\"\u00dcr\u00fcnler\\\/Hizmetler\",\"item\":\"https:\\\/\\\/piyanomerdiven.com\\\/?page_id=54\"},{\"@type\":\"ListItem\",\"position\":3,\"name\":\"Drone \u00c7ekimleri 4K\"}]},{\"@type\":\"WebSite\",\"@id\":\"https:\\\/\\\/piyanomerdiven.com\\\/#website\",\"url\":\"https:\\\/\\\/piyanomerdiven.com\\\/\",\"name\":\"piyanomerdiven.com\",\"description\":\"&quot;Future \u0130nnovaition&quot;\",\"publisher\":{\"@id\":\"https:\\\/\\\/piyanomerdiven.com\\\/#organization\"},\"potentialAction\":[{\"@type\":\"SearchAction\",\"target\":{\"@type\":\"EntryPoint\",\"urlTemplate\":\"https:\\\/\\\/piyanomerdiven.com\\\/?s={search_term_string}\"},\"query-input\":{\"@type\":\"PropertyValueSpecification\",\"valueRequired\":true,\"valueName\":\"search_term_string\"}}],\"inLanguage\":\"tr\"},{\"@type\":\"Organization\",\"@id\":\"https:\\\/\\\/piyanomerdiven.com\\\/#organization\",\"name\":\"Piyano Merdiven Minyat\u00fcr M\u00fchendislik\",\"url\":\"https:\\\/\\\/piyanomerdiven.com\\\/\",\"logo\":{\"@type\":\"ImageObject\",\"inLanguage\":\"tr\",\"@id\":\"https:\\\/\\\/piyanomerdiven.com\\\/#\\\/schema\\\/logo\\\/image\\\/\",\"url\":\"https:\\\/\\\/i0.wp.com\\\/piyanomerdiven.com\\\/wp-content\\\/uploads\\\/2019\\\/04\\\/logom7.png?fit=1315%2C254&ssl=1\",\"contentUrl\":\"https:\\\/\\\/i0.wp.com\\\/piyanomerdiven.com\\\/wp-content\\\/uploads\\\/2019\\\/04\\\/logom7.png?fit=1315%2C254&ssl=1\",\"width\":1315,\"height\":254,\"caption\":\"Piyano Merdiven Minyat\u00fcr M\u00fchendislik\"},\"image\":{\"@id\":\"https:\\\/\\\/piyanomerdiven.com\\\/#\\\/schema\\\/logo\\\/image\\\/\"}}]}<\/script>\n<!-- \/ Yoast SEO plugin. -->","yoast_head_json":{"title":"Drone \u00c7ekimleri 4K - Piyano Merdiven","robots":{"index":"index","follow":"follow","max-snippet":"max-snippet:-1","max-image-preview":"max-image-preview:large","max-video-preview":"max-video-preview:-1"},"canonical":"https:\/\/piyanomerdiven.com\/?page_id=221","og_locale":"tr_TR","og_type":"article","og_title":"Drone \u00c7ekimleri 4K - Piyano Merdiven","og_description":"Havadan G\u00f6r\u00fcnt\u00fcleme Sistemi nedir? Profesyonel havadan g\u00f6r\u00fcnt\u00fcleme sistemi ile 4k HD kalitede video kay\u0131tlar\u0131 yap\u0131l\u0131r. Profesyonel video d\u00fczenlemeleri ile ses, m\u00fczik eklenerek kaliteli video klipler haz\u0131rlan\u0131r. \u00a0 Havadan G\u00f6r\u00fcnt\u00fcleme Sistemi nerelerde\u00a0kullan\u0131l\u0131r? &#8211; Belediyeler ve d\u00fczenledikleri etkinlikler i\u00e7in havadan g\u00f6r\u00fcnt\u00fc alarak dikkat \u00e7eken kaliteli reklam de\u011feri y\u00fcksek \u00f6zel video klipler haz\u0131rlanmaktad\u0131r. &#8211; \u0130n\u015faat firmalar\u0131 i\u00e7in ger\u00e7ekle\u015ftirdikleri&nbsp;&hellip;","og_url":"https:\/\/piyanomerdiven.com\/?page_id=221","og_site_name":"Piyano Merdiven","article_modified_time":"2020-07-02T11:46:36+00:00","og_image":[{"url":"http:\/\/piyanomerdiven.com\/wp-content\/uploads\/2020\/07\/DJI_mavic_air_2_main-1280x720-1-1024x576.jpg","type":"","width":"","height":""}],"twitter_card":"summary_large_image","twitter_misc":{"Tahmini okuma s\u00fcresi":"1 dakika"},"schema":{"@context":"https:\/\/schema.org","@graph":[{"@type":"WebPage","@id":"https:\/\/piyanomerdiven.com\/?page_id=221","url":"https:\/\/piyanomerdiven.com\/?page_id=221","name":"Drone \u00c7ekimleri 4K - Piyano Merdiven","isPartOf":{"@id":"https:\/\/piyanomerdiven.com\/#website"},"primaryImageOfPage":{"@id":"https:\/\/piyanomerdiven.com\/?page_id=221#primaryimage"},"image":{"@id":"https:\/\/piyanomerdiven.com\/?page_id=221#primaryimage"},"thumbnailUrl":"http:\/\/piyanomerdiven.com\/wp-content\/uploads\/2020\/07\/DJI_mavic_air_2_main-1280x720-1-1024x576.jpg","datePublished":"2015-04-05T18:33:04+00:00","dateModified":"2020-07-02T11:46:36+00:00","breadcrumb":{"@id":"https:\/\/piyanomerdiven.com\/?page_id=221#breadcrumb"},"inLanguage":"tr","potentialAction":[{"@type":"ReadAction","target":["https:\/\/piyanomerdiven.com\/?page_id=221"]}]},{"@type":"ImageObject","inLanguage":"tr","@id":"https:\/\/piyanomerdiven.com\/?page_id=221#primaryimage","url":"https:\/\/i0.wp.com\/piyanomerdiven.com\/wp-content\/uploads\/2020\/07\/DJI_mavic_air_2_main-1280x720-1.jpg?fit=1280%2C720&ssl=1","contentUrl":"https:\/\/i0.wp.com\/piyanomerdiven.com\/wp-content\/uploads\/2020\/07\/DJI_mavic_air_2_main-1280x720-1.jpg?fit=1280%2C720&ssl=1","width":1280,"height":720},{"@type":"BreadcrumbList","@id":"https:\/\/piyanomerdiven.com\/?page_id=221#breadcrumb","itemListElement":[{"@type":"ListItem","position":1,"name":"Anasayfa","item":"https:\/\/piyanomerdiven.com\/"},{"@type":"ListItem","position":2,"name":"\u00dcr\u00fcnler\/Hizmetler","item":"https:\/\/piyanomerdiven.com\/?page_id=54"},{"@type":"ListItem","position":3,"name":"Drone \u00c7ekimleri 4K"}]},{"@type":"WebSite","@id":"https:\/\/piyanomerdiven.com\/#website","url":"https:\/\/piyanomerdiven.com\/","name":"piyanomerdiven.com","description":"&quot;Future \u0130nnovaition&quot;","publisher":{"@id":"https:\/\/piyanomerdiven.com\/#organization"},"potentialAction":[{"@type":"SearchAction","target":{"@type":"EntryPoint","urlTemplate":"https:\/\/piyanomerdiven.com\/?s={search_term_string}"},"query-input":{"@type":"PropertyValueSpecification","valueRequired":true,"valueName":"search_term_string"}}],"inLanguage":"tr"},{"@type":"Organization","@id":"https:\/\/piyanomerdiven.com\/#organization","name":"Piyano Merdiven Minyat\u00fcr M\u00fchendislik","url":"https:\/\/piyanomerdiven.com\/","logo":{"@type":"ImageObject","inLanguage":"tr","@id":"https:\/\/piyanomerdiven.com\/#\/schema\/logo\/image\/","url":"https:\/\/i0.wp.com\/piyanomerdiven.com\/wp-content\/uploads\/2019\/04\/logom7.png?fit=1315%2C254&ssl=1","contentUrl":"https:\/\/i0.wp.com\/piyanomerdiven.com\/wp-content\/uploads\/2019\/04\/logom7.png?fit=1315%2C254&ssl=1","width":1315,"height":254,"caption":"Piyano Merdiven Minyat\u00fcr M\u00fchendislik"},"image":{"@id":"https:\/\/piyanomerdiven.com\/#\/schema\/logo\/image\/"}}]}},"jetpack_sharing_enabled":true,"jetpack_shortlink":"https:\/\/wp.me\/P8eeFL-3z","_links":{"self":[{"href":"https:\/\/piyanomerdiven.com\/index.php?rest_route=\/wp\/v2\/pages\/221","targetHints":{"allow":["GET"]}}],"collection":[{"href":"https:\/\/piyanomerdiven.com\/index.php?rest_route=\/wp\/v2\/pages"}],"about":[{"href":"https:\/\/piyanomerdiven.com\/index.php?rest_route=\/wp\/v2\/types\/page"}],"author":[{"embeddable":true,"href":"https:\/\/piyanomerdiven.com\/index.php?rest_route=\/wp\/v2\/users\/1"}],"replies":[{"embeddable":true,"href":"https:\/\/piyanomerdiven.com\/index.php?rest_route=%2Fwp%2Fv2%2Fcomments&post=221"}],"version-history":[{"count":15,"href":"https:\/\/piyanomerdiven.com\/index.php?rest_route=\/wp\/v2\/pages\/221\/revisions"}],"predecessor-version":[{"id":1025,"href":"https:\/\/piyanomerdiven.com\/index.php?rest_route=\/wp\/v2\/pages\/221\/revisions\/1025"}],"up":[{"embeddable":true,"href":"https:\/\/piyanomerdiven.com\/index.php?rest_route=\/wp\/v2\/pages\/54"}],"wp:attachment":[{"href":"https:\/\/piyanomerdiven.com\/index.php?rest_route=%2Fwp%2Fv2%2Fmedia&parent=221"}],"curies":[{"name":"wp","href":"https:\/\/api.w.org\/{rel}","templated":true}]}}