{"id":206,"date":"2015-04-02T16:35:59","date_gmt":"2015-04-02T16:35:59","guid":{"rendered":"http:\/\/piyanomerdiven.com\/?page_id=206"},"modified":"2015-04-02T16:36:47","modified_gmt":"2015-04-02T16:36:47","slug":"mobil-bilgi","status":"publish","type":"page","link":"https:\/\/piyanomerdiven.com\/?page_id=206","title":{"rendered":"Mobil Bilgi"},"content":{"rendered":"<p><strong>Mobil Bilgi Sistemi Nedir?<\/strong><\/p>\n<ul>\n<li>Turistik b\u00f6lge i\u00e7in haz\u0131rlanacak \u00f6zel mobil uygulama ve bu b\u00f6lgede istenilen noktalara yerle\u015ftirilecek sens\u00f6rler sayesinde ki\u015filer nerede olduklar\u0131n\u0131 g\u00f6rebilecekler ve yak\u0131nlar\u0131nda gidilebilecek nerelerin oldu\u011funu g\u00f6receklerdir. Bilgi verilmek istenen noktalara konan sens\u00f6rler sayesinde ki\u015filer o b\u00f6lgeye geldi\u011fi anda otomatik olarak telefonun ekran\u0131nda se\u00e7tikleri dilde detayl\u0131 olarak bilgi alacaklard\u0131r. Sistemin en b\u00fcy\u00fck \u00f6zelli\u011fi TAM OLARAK BEL\u0130RLENEN NOKTALARDA ETK\u0130LE\u015e\u0130M SA\u011eLAMASIDIR.<\/li>\n<\/ul>\n<p><strong>Mobil Bilgi Sistemi \u00d6zellikleri Nelerdir?<\/strong><\/p>\n<ul>\n<li>Farkl\u0131 dillerde sesli ve yaz\u0131l\u0131 bilgilendirmeler.<\/li>\n<li>\u0130stenilen \u00f6zel noktalarda istenilen zamanlarda reklamlar al\u0131nabilir, bu sayede maddi gelir elde edilebilir.<\/li>\n<li>Turistler sosyal medyada bulunduklar\u0131 yerler ile ilgili bilgileri payla\u015farak d\u00fcnya \u00e7ap\u0131nda b\u00f6lgenin reklam\u0131 yap\u0131lm\u0131\u015f olur. Bu durum turist kazanc\u0131 sa\u011flayacakt\u0131r.<\/li>\n<li>Sens\u00f6rlere olan mesafeyi \u00f6l\u00e7ebilmemiz sayesinde ki\u015filere yak\u0131n olduklar\u0131 yer ile ilgili anl\u0131k bilgiler sunulur.<\/li>\n<li>Y\u0131l\u0131n farkl\u0131 zamanlar\u0131nda farkl\u0131 bilgilendirmeler, etkinlik haberleri ve g\u00fcncel bilgiler yay\u0131nlanabilir.<\/li>\n<li>\u0130stenilen kesin bir nokta i\u00e7in bilgi verilmektedir, ve ki\u015fi ayn\u0131 noktadan bir ka\u00e7 kere ge\u00e7erse \u00f6zel bir mesaj yollanabilir. \u00d6rne\u011fin, restaurant veya otel ise indirim kazanabilir.<\/li>\n<\/ul>\n<p><strong>Mobil Bilgi Sistemi Ne Kazand\u0131r\u0131r?<\/strong><\/p>\n<ul>\n<li>Turistlerin bulunduklar\u0131 noktalar\u0131 sosyal medyada payla\u015fmas\u0131 sayesinde b\u00f6lgenin geni\u015f kitlelere reklam\u0131 do\u011fal yoldan yap\u0131lm\u0131\u015f olur.<\/li>\n<\/ul>\n<ul>\n<li>Mobil bilgi sistemi turistik b\u00f6lgede T\u00fcrkiye\u2019de bir ilk oldu\u011fu i\u00e7in bas\u0131n yay\u0131n\u0131n dikkatini \u00e7eker.<\/li>\n<li>Son teknolojiyi kullanan bu yenilik\u00e7i uygulama, mekan\u0131n pozitif alg\u0131s\u0131n\u0131 y\u00fckseltir<\/li>\n<\/ul>\n<p><a href=\"https:\/\/i0.wp.com\/piyanomerdiven.com\/wp-content\/uploads\/2015\/04\/res11.jpg\"><img data-recalc-dims=\"1\" loading=\"lazy\" decoding=\"async\" class=\" wp-image-209 size-full aligncenter\" src=\"https:\/\/i0.wp.com\/piyanomerdiven.com\/wp-content\/uploads\/2015\/04\/res11.jpg?resize=1000%2C850\" alt=\"res11\" width=\"1000\" height=\"850\" srcset=\"https:\/\/i0.wp.com\/piyanomerdiven.com\/wp-content\/uploads\/2015\/04\/res11.jpg?w=1000&amp;ssl=1 1000w, https:\/\/i0.wp.com\/piyanomerdiven.com\/wp-content\/uploads\/2015\/04\/res11.jpg?resize=300%2C255&amp;ssl=1 300w\" sizes=\"auto, (max-width: 1000px) 100vw, 1000px\" \/><\/a><a href=\"https:\/\/i0.wp.com\/piyanomerdiven.com\/wp-content\/uploads\/2015\/04\/mobile.jpg\"><img data-recalc-dims=\"1\" loading=\"lazy\" decoding=\"async\" class=\" wp-image-208 size-full aligncenter\" src=\"https:\/\/i0.wp.com\/piyanomerdiven.com\/wp-content\/uploads\/2015\/04\/mobile.jpg?resize=784%2C430\" alt=\"mobile\" width=\"784\" height=\"430\" srcset=\"https:\/\/i0.wp.com\/piyanomerdiven.com\/wp-content\/uploads\/2015\/04\/mobile.jpg?w=784&amp;ssl=1 784w, https:\/\/i0.wp.com\/piyanomerdiven.com\/wp-content\/uploads\/2015\/04\/mobile.jpg?resize=300%2C165&amp;ssl=1 300w\" sizes=\"auto, (max-width: 784px) 100vw, 784px\" \/><\/a><a href=\"https:\/\/i0.wp.com\/piyanomerdiven.com\/wp-content\/uploads\/2015\/04\/mobile-3.jpg\"><img data-recalc-dims=\"1\" loading=\"lazy\" decoding=\"async\" class=\" wp-image-207 size-large aligncenter\" src=\"https:\/\/i0.wp.com\/piyanomerdiven.com\/wp-content\/uploads\/2015\/04\/mobile-3.jpg?resize=640%2C518\" alt=\"mobile 3\" width=\"640\" height=\"518\" srcset=\"https:\/\/i0.wp.com\/piyanomerdiven.com\/wp-content\/uploads\/2015\/04\/mobile-3.jpg?resize=1024%2C828&amp;ssl=1 1024w, https:\/\/i0.wp.com\/piyanomerdiven.com\/wp-content\/uploads\/2015\/04\/mobile-3.jpg?resize=300%2C243&amp;ssl=1 300w, https:\/\/i0.wp.com\/piyanomerdiven.com\/wp-content\/uploads\/2015\/04\/mobile-3.jpg?w=1920&amp;ssl=1 1920w\" sizes=\"auto, (max-width: 640px) 100vw, 640px\" \/><\/a><\/p>\n","protected":false},"excerpt":{"rendered":"<p>Mobil Bilgi Sistemi Nedir? Turistik b\u00f6lge i\u00e7in haz\u0131rlanacak \u00f6zel mobil uygulama ve bu b\u00f6lgede istenilen noktalara yerle\u015ftirilecek sens\u00f6rler sayesinde ki\u015filer nerede olduklar\u0131n\u0131 g\u00f6rebilecekler ve yak\u0131nlar\u0131nda gidilebilecek nerelerin oldu\u011funu g\u00f6receklerdir. Bilgi verilmek istenen noktalara konan sens\u00f6rler sayesinde ki\u015filer o b\u00f6lgeye geldi\u011fi anda otomatik olarak telefonun ekran\u0131nda se\u00e7tikleri dilde detayl\u0131 olarak bilgi alacaklard\u0131r. Sistemin en b\u00fcy\u00fck \u00f6zelli\u011fi&nbsp;&hellip;<\/p>\n","protected":false},"author":1,"featured_media":0,"parent":54,"menu_order":0,"comment_status":"closed","ping_status":"closed","template":"","meta":{"footnotes":""},"class_list":["post-206","page","type-page","status-publish","hentry"],"yoast_head":"<!-- This site is optimized with the Yoast SEO plugin v27.5 - https:\/\/yoast.com\/product\/yoast-seo-wordpress\/ -->\n<title>Mobil Bilgi - Piyano Merdiven<\/title>\n<meta name=\"robots\" content=\"index, follow, max-snippet:-1, max-image-preview:large, max-video-preview:-1\" \/>\n<link rel=\"canonical\" href=\"https:\/\/piyanomerdiven.com\/?page_id=206\" \/>\n<meta property=\"og:locale\" content=\"tr_TR\" \/>\n<meta property=\"og:type\" content=\"article\" \/>\n<meta property=\"og:title\" content=\"Mobil Bilgi - Piyano Merdiven\" \/>\n<meta property=\"og:description\" content=\"Mobil Bilgi Sistemi Nedir? Turistik b\u00f6lge i\u00e7in haz\u0131rlanacak \u00f6zel mobil uygulama ve bu b\u00f6lgede istenilen noktalara yerle\u015ftirilecek sens\u00f6rler sayesinde ki\u015filer nerede olduklar\u0131n\u0131 g\u00f6rebilecekler ve yak\u0131nlar\u0131nda gidilebilecek nerelerin oldu\u011funu g\u00f6receklerdir. Bilgi verilmek istenen noktalara konan sens\u00f6rler sayesinde ki\u015filer o b\u00f6lgeye geldi\u011fi anda otomatik olarak telefonun ekran\u0131nda se\u00e7tikleri dilde detayl\u0131 olarak bilgi alacaklard\u0131r. Sistemin en b\u00fcy\u00fck \u00f6zelli\u011fi&nbsp;&hellip;\" \/>\n<meta property=\"og:url\" content=\"https:\/\/piyanomerdiven.com\/?page_id=206\" \/>\n<meta property=\"og:site_name\" content=\"Piyano Merdiven\" \/>\n<meta property=\"article:modified_time\" content=\"2015-04-02T16:36:47+00:00\" \/>\n<meta property=\"og:image\" content=\"http:\/\/piyanomerdiven.com\/wp-content\/uploads\/2015\/04\/res11.jpg\" \/>\n<meta name=\"twitter:card\" content=\"summary_large_image\" \/>\n<meta name=\"twitter:label1\" content=\"Tahmini okuma s\u00fcresi\" \/>\n\t<meta name=\"twitter:data1\" content=\"1 dakika\" \/>\n<script type=\"application\/ld+json\" class=\"yoast-schema-graph\">{\"@context\":\"https:\\\/\\\/schema.org\",\"@graph\":[{\"@type\":\"WebPage\",\"@id\":\"https:\\\/\\\/piyanomerdiven.com\\\/?page_id=206\",\"url\":\"https:\\\/\\\/piyanomerdiven.com\\\/?page_id=206\",\"name\":\"Mobil Bilgi - Piyano Merdiven\",\"isPartOf\":{\"@id\":\"https:\\\/\\\/piyanomerdiven.com\\\/#website\"},\"primaryImageOfPage\":{\"@id\":\"https:\\\/\\\/piyanomerdiven.com\\\/?page_id=206#primaryimage\"},\"image\":{\"@id\":\"https:\\\/\\\/piyanomerdiven.com\\\/?page_id=206#primaryimage\"},\"thumbnailUrl\":\"http:\\\/\\\/piyanomerdiven.com\\\/wp-content\\\/uploads\\\/2015\\\/04\\\/res11.jpg\",\"datePublished\":\"2015-04-02T16:35:59+00:00\",\"dateModified\":\"2015-04-02T16:36:47+00:00\",\"breadcrumb\":{\"@id\":\"https:\\\/\\\/piyanomerdiven.com\\\/?page_id=206#breadcrumb\"},\"inLanguage\":\"tr\",\"potentialAction\":[{\"@type\":\"ReadAction\",\"target\":[\"https:\\\/\\\/piyanomerdiven.com\\\/?page_id=206\"]}]},{\"@type\":\"ImageObject\",\"inLanguage\":\"tr\",\"@id\":\"https:\\\/\\\/piyanomerdiven.com\\\/?page_id=206#primaryimage\",\"url\":\"https:\\\/\\\/i0.wp.com\\\/piyanomerdiven.com\\\/wp-content\\\/uploads\\\/2015\\\/04\\\/res11.jpg?fit=1000%2C850&ssl=1\",\"contentUrl\":\"https:\\\/\\\/i0.wp.com\\\/piyanomerdiven.com\\\/wp-content\\\/uploads\\\/2015\\\/04\\\/res11.jpg?fit=1000%2C850&ssl=1\",\"width\":1000,\"height\":850},{\"@type\":\"BreadcrumbList\",\"@id\":\"https:\\\/\\\/piyanomerdiven.com\\\/?page_id=206#breadcrumb\",\"itemListElement\":[{\"@type\":\"ListItem\",\"position\":1,\"name\":\"Anasayfa\",\"item\":\"https:\\\/\\\/piyanomerdiven.com\\\/\"},{\"@type\":\"ListItem\",\"position\":2,\"name\":\"\u00dcr\u00fcnler\\\/Hizmetler\",\"item\":\"https:\\\/\\\/piyanomerdiven.com\\\/?page_id=54\"},{\"@type\":\"ListItem\",\"position\":3,\"name\":\"Mobil Bilgi\"}]},{\"@type\":\"WebSite\",\"@id\":\"https:\\\/\\\/piyanomerdiven.com\\\/#website\",\"url\":\"https:\\\/\\\/piyanomerdiven.com\\\/\",\"name\":\"piyanomerdiven.com\",\"description\":\"&quot;Future \u0130nnovaition&quot;\",\"publisher\":{\"@id\":\"https:\\\/\\\/piyanomerdiven.com\\\/#organization\"},\"potentialAction\":[{\"@type\":\"SearchAction\",\"target\":{\"@type\":\"EntryPoint\",\"urlTemplate\":\"https:\\\/\\\/piyanomerdiven.com\\\/?s={search_term_string}\"},\"query-input\":{\"@type\":\"PropertyValueSpecification\",\"valueRequired\":true,\"valueName\":\"search_term_string\"}}],\"inLanguage\":\"tr\"},{\"@type\":\"Organization\",\"@id\":\"https:\\\/\\\/piyanomerdiven.com\\\/#organization\",\"name\":\"Piyano Merdiven Minyat\u00fcr M\u00fchendislik\",\"url\":\"https:\\\/\\\/piyanomerdiven.com\\\/\",\"logo\":{\"@type\":\"ImageObject\",\"inLanguage\":\"tr\",\"@id\":\"https:\\\/\\\/piyanomerdiven.com\\\/#\\\/schema\\\/logo\\\/image\\\/\",\"url\":\"https:\\\/\\\/i0.wp.com\\\/piyanomerdiven.com\\\/wp-content\\\/uploads\\\/2019\\\/04\\\/logom7.png?fit=1315%2C254&ssl=1\",\"contentUrl\":\"https:\\\/\\\/i0.wp.com\\\/piyanomerdiven.com\\\/wp-content\\\/uploads\\\/2019\\\/04\\\/logom7.png?fit=1315%2C254&ssl=1\",\"width\":1315,\"height\":254,\"caption\":\"Piyano Merdiven Minyat\u00fcr M\u00fchendislik\"},\"image\":{\"@id\":\"https:\\\/\\\/piyanomerdiven.com\\\/#\\\/schema\\\/logo\\\/image\\\/\"}}]}<\/script>\n<!-- \/ Yoast SEO plugin. -->","yoast_head_json":{"title":"Mobil Bilgi - Piyano Merdiven","robots":{"index":"index","follow":"follow","max-snippet":"max-snippet:-1","max-image-preview":"max-image-preview:large","max-video-preview":"max-video-preview:-1"},"canonical":"https:\/\/piyanomerdiven.com\/?page_id=206","og_locale":"tr_TR","og_type":"article","og_title":"Mobil Bilgi - Piyano Merdiven","og_description":"Mobil Bilgi Sistemi Nedir? Turistik b\u00f6lge i\u00e7in haz\u0131rlanacak \u00f6zel mobil uygulama ve bu b\u00f6lgede istenilen noktalara yerle\u015ftirilecek sens\u00f6rler sayesinde ki\u015filer nerede olduklar\u0131n\u0131 g\u00f6rebilecekler ve yak\u0131nlar\u0131nda gidilebilecek nerelerin oldu\u011funu g\u00f6receklerdir. Bilgi verilmek istenen noktalara konan sens\u00f6rler sayesinde ki\u015filer o b\u00f6lgeye geldi\u011fi anda otomatik olarak telefonun ekran\u0131nda se\u00e7tikleri dilde detayl\u0131 olarak bilgi alacaklard\u0131r. Sistemin en b\u00fcy\u00fck \u00f6zelli\u011fi&nbsp;&hellip;","og_url":"https:\/\/piyanomerdiven.com\/?page_id=206","og_site_name":"Piyano Merdiven","article_modified_time":"2015-04-02T16:36:47+00:00","og_image":[{"url":"http:\/\/piyanomerdiven.com\/wp-content\/uploads\/2015\/04\/res11.jpg","type":"","width":"","height":""}],"twitter_card":"summary_large_image","twitter_misc":{"Tahmini okuma s\u00fcresi":"1 dakika"},"schema":{"@context":"https:\/\/schema.org","@graph":[{"@type":"WebPage","@id":"https:\/\/piyanomerdiven.com\/?page_id=206","url":"https:\/\/piyanomerdiven.com\/?page_id=206","name":"Mobil Bilgi - Piyano Merdiven","isPartOf":{"@id":"https:\/\/piyanomerdiven.com\/#website"},"primaryImageOfPage":{"@id":"https:\/\/piyanomerdiven.com\/?page_id=206#primaryimage"},"image":{"@id":"https:\/\/piyanomerdiven.com\/?page_id=206#primaryimage"},"thumbnailUrl":"http:\/\/piyanomerdiven.com\/wp-content\/uploads\/2015\/04\/res11.jpg","datePublished":"2015-04-02T16:35:59+00:00","dateModified":"2015-04-02T16:36:47+00:00","breadcrumb":{"@id":"https:\/\/piyanomerdiven.com\/?page_id=206#breadcrumb"},"inLanguage":"tr","potentialAction":[{"@type":"ReadAction","target":["https:\/\/piyanomerdiven.com\/?page_id=206"]}]},{"@type":"ImageObject","inLanguage":"tr","@id":"https:\/\/piyanomerdiven.com\/?page_id=206#primaryimage","url":"https:\/\/i0.wp.com\/piyanomerdiven.com\/wp-content\/uploads\/2015\/04\/res11.jpg?fit=1000%2C850&ssl=1","contentUrl":"https:\/\/i0.wp.com\/piyanomerdiven.com\/wp-content\/uploads\/2015\/04\/res11.jpg?fit=1000%2C850&ssl=1","width":1000,"height":850},{"@type":"BreadcrumbList","@id":"https:\/\/piyanomerdiven.com\/?page_id=206#breadcrumb","itemListElement":[{"@type":"ListItem","position":1,"name":"Anasayfa","item":"https:\/\/piyanomerdiven.com\/"},{"@type":"ListItem","position":2,"name":"\u00dcr\u00fcnler\/Hizmetler","item":"https:\/\/piyanomerdiven.com\/?page_id=54"},{"@type":"ListItem","position":3,"name":"Mobil Bilgi"}]},{"@type":"WebSite","@id":"https:\/\/piyanomerdiven.com\/#website","url":"https:\/\/piyanomerdiven.com\/","name":"piyanomerdiven.com","description":"&quot;Future \u0130nnovaition&quot;","publisher":{"@id":"https:\/\/piyanomerdiven.com\/#organization"},"potentialAction":[{"@type":"SearchAction","target":{"@type":"EntryPoint","urlTemplate":"https:\/\/piyanomerdiven.com\/?s={search_term_string}"},"query-input":{"@type":"PropertyValueSpecification","valueRequired":true,"valueName":"search_term_string"}}],"inLanguage":"tr"},{"@type":"Organization","@id":"https:\/\/piyanomerdiven.com\/#organization","name":"Piyano Merdiven Minyat\u00fcr M\u00fchendislik","url":"https:\/\/piyanomerdiven.com\/","logo":{"@type":"ImageObject","inLanguage":"tr","@id":"https:\/\/piyanomerdiven.com\/#\/schema\/logo\/image\/","url":"https:\/\/i0.wp.com\/piyanomerdiven.com\/wp-content\/uploads\/2019\/04\/logom7.png?fit=1315%2C254&ssl=1","contentUrl":"https:\/\/i0.wp.com\/piyanomerdiven.com\/wp-content\/uploads\/2019\/04\/logom7.png?fit=1315%2C254&ssl=1","width":1315,"height":254,"caption":"Piyano Merdiven Minyat\u00fcr M\u00fchendislik"},"image":{"@id":"https:\/\/piyanomerdiven.com\/#\/schema\/logo\/image\/"}}]}},"jetpack_sharing_enabled":true,"jetpack_shortlink":"https:\/\/wp.me\/P8eeFL-3k","_links":{"self":[{"href":"https:\/\/piyanomerdiven.com\/index.php?rest_route=\/wp\/v2\/pages\/206","targetHints":{"allow":["GET"]}}],"collection":[{"href":"https:\/\/piyanomerdiven.com\/index.php?rest_route=\/wp\/v2\/pages"}],"about":[{"href":"https:\/\/piyanomerdiven.com\/index.php?rest_route=\/wp\/v2\/types\/page"}],"author":[{"embeddable":true,"href":"https:\/\/piyanomerdiven.com\/index.php?rest_route=\/wp\/v2\/users\/1"}],"replies":[{"embeddable":true,"href":"https:\/\/piyanomerdiven.com\/index.php?rest_route=%2Fwp%2Fv2%2Fcomments&post=206"}],"version-history":[{"count":2,"href":"https:\/\/piyanomerdiven.com\/index.php?rest_route=\/wp\/v2\/pages\/206\/revisions"}],"predecessor-version":[{"id":211,"href":"https:\/\/piyanomerdiven.com\/index.php?rest_route=\/wp\/v2\/pages\/206\/revisions\/211"}],"up":[{"embeddable":true,"href":"https:\/\/piyanomerdiven.com\/index.php?rest_route=\/wp\/v2\/pages\/54"}],"wp:attachment":[{"href":"https:\/\/piyanomerdiven.com\/index.php?rest_route=%2Fwp%2Fv2%2Fmedia&parent=206"}],"curies":[{"name":"wp","href":"https:\/\/api.w.org\/{rel}","templated":true}]}}