{"id":193,"date":"2015-04-02T16:04:05","date_gmt":"2015-04-02T16:04:05","guid":{"rendered":"http:\/\/piyanomerdiven.com\/?page_id=193"},"modified":"2016-04-22T10:22:09","modified_gmt":"2016-04-22T10:22:09","slug":"sosyal-bisiklet","status":"publish","type":"page","link":"https:\/\/piyanomerdiven.com\/?page_id=193","title":{"rendered":"Sosyal Bisiklet"},"content":{"rendered":"<p><strong>Elektrik \u00dcreten Bisiklet Nedir?<\/strong><\/p>\n<ul>\n<li>\u00d6zel bisikletler sayesinde ki\u015filerin pedal \u00e7evirerek olu\u015fturduklar\u0131 enerji kullan\u0131labilir ve depolanabilir hale getirilmektedir. \u00dcretilen enerji, cep telefonlar\u0131n\u0131 \u015farj etmek i\u00e7in ve \u00e7evre ayd\u0131nlatmas\u0131 i\u00e7in kullan\u0131labilir.<\/li>\n<\/ul>\n<p>&nbsp;<\/p>\n<ul>\n<li>Grup halinde konumland\u0131r\u0131lan bisikletleri birden fazla ki\u015finin kullanmas\u0131 sayesinde b\u00fcy\u00fck bir \u0131\u015f\u0131k showu ger\u00e7ekle\u015ftirilebilir. Bu sayede ki\u015filerin hem spor yapmalar\u0131, hem de e\u011flenmeleri sa\u011flan\u0131r.<\/li>\n<\/ul>\n<p><strong>Elektrik \u00dcreten Bisikletin \u00d6zellikleri Nelerdir?<\/strong><\/p>\n<ul>\n<li>\u00d6zel bisikletler sayesinde hareket enerjisi elektrik enerjisine d\u00f6n\u00fc\u015ft\u00fcr\u00fcl\u00fcr. Bu sayede ki\u015filer pedal \u00e7evirerek telefonlar\u0131n\u0131 \u015farj edebilir.<\/li>\n<\/ul>\n<p>&nbsp;<\/p>\n<ul>\n<li>Ki\u015filerin TC kimlik numaralar\u0131n\u0131 girmeleri ile ne kadar s\u00fcre ve mesafe pedal \u00e7evirdikleri veri taban\u0131na kay\u0131t edilir.<\/li>\n<\/ul>\n<p>&nbsp;<\/p>\n<ul>\n<li>Ki\u015filer kay\u0131t edilen bilgiler sayesinde \u00e7e\u015fitli hediyeler (sinema, metro, otob\u00fcs bileti gibi) kazanabilir.<\/li>\n<\/ul>\n<p>&nbsp;<\/p>\n<ul>\n<li>Mobil uygulama sayesinde ki\u015filer ne kadar s\u00fcre pedal \u00e7evirdiklerini, nekadar mesafe yol ald\u0131klar\u0131n\u0131 ve ne hediye kazand\u0131klar\u0131n\u0131 sosyal medyada payla\u015fabilirler.<\/li>\n<\/ul>\n<p><strong>Elektrik \u00dcreten Bisiklet Ne Kazand\u0131r\u0131r?<\/strong><\/p>\n<ul>\n<li>\u0130nsanlar\u0131n bulunduklar\u0131 noktalar\u0131 sosyal medyada payla\u015fmas\u0131 sayesinde kurumun geni\u015f kitlelere reklam\u0131 do\u011fal yoldan yap\u0131lm\u0131\u015f olur.<\/li>\n<li>Elektrik \u00dcreten Bisiklet T\u00fcrkiye\u2019de bir ilk oldu\u011fu i\u00e7in bas\u0131n\u0131n dikkatini \u00e7eker.<\/li>\n<li>Son teknolojiyi kullanan bu yenilik\u00e7i uygulama, mekan\u0131n ve kurumun pozitif alg\u0131s\u0131n\u0131 y\u00fckseltir.<\/li>\n<\/ul>\n<p>&nbsp;<\/p>\n<p><a href=\"http:\/\/piyanomerdiven.com\/wp-content\/uploads\/2015\/04\/Bisiklet-3.jpg\"><br \/>\n<\/a><\/p>\n<p><a href=\"https:\/\/i0.wp.com\/piyanomerdiven.com\/wp-content\/uploads\/2015\/11\/12208305_10153347109055914_388868514591993657_n.jpg\"><img data-recalc-dims=\"1\" loading=\"lazy\" decoding=\"async\" class=\"size-large wp-image-448 aligncenter\" src=\"https:\/\/i0.wp.com\/piyanomerdiven.com\/wp-content\/uploads\/2016\/04\/20160421_172947.jpg?resize=640%2C654\" alt=\"20160421_172947\" width=\"640\" height=\"654\" srcset=\"https:\/\/i0.wp.com\/piyanomerdiven.com\/wp-content\/uploads\/2016\/04\/20160421_172947.jpg?resize=1002%2C1024&amp;ssl=1 1002w, https:\/\/i0.wp.com\/piyanomerdiven.com\/wp-content\/uploads\/2016\/04\/20160421_172947.jpg?resize=293%2C300&amp;ssl=1 293w, https:\/\/i0.wp.com\/piyanomerdiven.com\/wp-content\/uploads\/2016\/04\/20160421_172947.jpg?resize=768%2C785&amp;ssl=1 768w\" sizes=\"auto, (max-width: 640px) 100vw, 640px\" \/><\/a><a href=\"http:\/\/piyanomerdiven.com\/wp-content\/uploads\/2015\/04\/bisiklet11.jpg\"><br \/>\n<\/a><img data-recalc-dims=\"1\" loading=\"lazy\" decoding=\"async\" class=\"size-large wp-image-316 aligncenter\" src=\"https:\/\/i0.wp.com\/piyanomerdiven.com\/wp-content\/uploads\/2015\/09\/12034429_987929024584168_5076674432643118288_o.jpg?resize=640%2C427\" alt=\"12034429_987929024584168_5076674432643118288_o\" width=\"640\" height=\"427\" srcset=\"https:\/\/i0.wp.com\/piyanomerdiven.com\/wp-content\/uploads\/2015\/09\/12034429_987929024584168_5076674432643118288_o.jpg?w=1024&amp;ssl=1 1024w, https:\/\/i0.wp.com\/piyanomerdiven.com\/wp-content\/uploads\/2015\/09\/12034429_987929024584168_5076674432643118288_o.jpg?resize=300%2C200&amp;ssl=1 300w\" sizes=\"auto, (max-width: 640px) 100vw, 640px\" \/><img data-recalc-dims=\"1\" loading=\"lazy\" decoding=\"async\" class=\"size-full wp-image-314 aligncenter\" src=\"https:\/\/i0.wp.com\/piyanomerdiven.com\/wp-content\/uploads\/2015\/09\/10897021_987929014584169_3534461365605807617_n.jpg?resize=615%2C410\" alt=\"10897021_987929014584169_3534461365605807617_n\" width=\"615\" height=\"410\" srcset=\"https:\/\/i0.wp.com\/piyanomerdiven.com\/wp-content\/uploads\/2015\/09\/10897021_987929014584169_3534461365605807617_n.jpg?w=615&amp;ssl=1 615w, https:\/\/i0.wp.com\/piyanomerdiven.com\/wp-content\/uploads\/2015\/09\/10897021_987929014584169_3534461365605807617_n.jpg?resize=300%2C200&amp;ssl=1 300w\" sizes=\"auto, (max-width: 615px) 100vw, 615px\" \/><\/p>\n<p><a href=\"https:\/\/i0.wp.com\/piyanomerdiven.com\/wp-content\/uploads\/2015\/09\/4.jpg\"><img data-recalc-dims=\"1\" loading=\"lazy\" decoding=\"async\" class=\"aligncenter wp-image-281 size-large\" src=\"https:\/\/i0.wp.com\/piyanomerdiven.com\/wp-content\/uploads\/2015\/09\/4.jpg?resize=640%2C427\" alt=\"4\" width=\"640\" height=\"427\" srcset=\"https:\/\/i0.wp.com\/piyanomerdiven.com\/wp-content\/uploads\/2015\/09\/4.jpg?resize=1024%2C683&amp;ssl=1 1024w, https:\/\/i0.wp.com\/piyanomerdiven.com\/wp-content\/uploads\/2015\/09\/4.jpg?resize=300%2C200&amp;ssl=1 300w, https:\/\/i0.wp.com\/piyanomerdiven.com\/wp-content\/uploads\/2015\/09\/4.jpg?w=1500&amp;ssl=1 1500w\" sizes=\"auto, (max-width: 640px) 100vw, 640px\" \/><\/a><a href=\"https:\/\/i0.wp.com\/piyanomerdiven.com\/wp-content\/uploads\/2015\/09\/7.jpg\"><img data-recalc-dims=\"1\" loading=\"lazy\" decoding=\"async\" class=\"size-large wp-image-282 aligncenter\" src=\"https:\/\/i0.wp.com\/piyanomerdiven.com\/wp-content\/uploads\/2015\/09\/7.jpg?resize=640%2C427\" alt=\"7\" width=\"640\" height=\"427\" srcset=\"https:\/\/i0.wp.com\/piyanomerdiven.com\/wp-content\/uploads\/2015\/09\/7.jpg?resize=1024%2C683&amp;ssl=1 1024w, https:\/\/i0.wp.com\/piyanomerdiven.com\/wp-content\/uploads\/2015\/09\/7.jpg?resize=300%2C200&amp;ssl=1 300w, https:\/\/i0.wp.com\/piyanomerdiven.com\/wp-content\/uploads\/2015\/09\/7.jpg?w=1800&amp;ssl=1 1800w\" sizes=\"auto, (max-width: 640px) 100vw, 640px\" \/><\/a><a href=\"https:\/\/i0.wp.com\/piyanomerdiven.com\/wp-content\/uploads\/2015\/09\/10.jpg\"><img data-recalc-dims=\"1\" loading=\"lazy\" decoding=\"async\" class=\"size-large wp-image-280 aligncenter\" src=\"https:\/\/i0.wp.com\/piyanomerdiven.com\/wp-content\/uploads\/2015\/09\/10.jpg?resize=640%2C427\" alt=\"10\" width=\"640\" height=\"427\" srcset=\"https:\/\/i0.wp.com\/piyanomerdiven.com\/wp-content\/uploads\/2015\/09\/10.jpg?resize=1024%2C683&amp;ssl=1 1024w, https:\/\/i0.wp.com\/piyanomerdiven.com\/wp-content\/uploads\/2015\/09\/10.jpg?resize=300%2C200&amp;ssl=1 300w, https:\/\/i0.wp.com\/piyanomerdiven.com\/wp-content\/uploads\/2015\/09\/10.jpg?w=1500&amp;ssl=1 1500w\" sizes=\"auto, (max-width: 640px) 100vw, 640px\" \/><\/a><\/p>\n","protected":false},"excerpt":{"rendered":"<p>Elektrik \u00dcreten Bisiklet Nedir? \u00d6zel bisikletler sayesinde ki\u015filerin pedal \u00e7evirerek olu\u015fturduklar\u0131 enerji kullan\u0131labilir ve depolanabilir hale getirilmektedir. \u00dcretilen enerji, cep telefonlar\u0131n\u0131 \u015farj etmek i\u00e7in ve \u00e7evre ayd\u0131nlatmas\u0131 i\u00e7in kullan\u0131labilir. &nbsp; Grup halinde konumland\u0131r\u0131lan bisikletleri birden fazla ki\u015finin kullanmas\u0131 sayesinde b\u00fcy\u00fck bir \u0131\u015f\u0131k showu ger\u00e7ekle\u015ftirilebilir. Bu sayede ki\u015filerin hem spor yapmalar\u0131, hem de e\u011flenmeleri sa\u011flan\u0131r. Elektrik&nbsp;&hellip;<\/p>\n","protected":false},"author":1,"featured_media":0,"parent":54,"menu_order":0,"comment_status":"closed","ping_status":"closed","template":"","meta":{"footnotes":""},"class_list":["post-193","page","type-page","status-publish","hentry"],"yoast_head":"<!-- This site is optimized with the Yoast SEO plugin v27.5 - https:\/\/yoast.com\/product\/yoast-seo-wordpress\/ -->\n<title>Sosyal Bisiklet - Piyano Merdiven<\/title>\n<meta name=\"robots\" content=\"index, follow, max-snippet:-1, max-image-preview:large, max-video-preview:-1\" \/>\n<link rel=\"canonical\" href=\"https:\/\/piyanomerdiven.com\/?page_id=193\" \/>\n<meta property=\"og:locale\" content=\"tr_TR\" \/>\n<meta property=\"og:type\" content=\"article\" \/>\n<meta property=\"og:title\" content=\"Sosyal Bisiklet - Piyano Merdiven\" \/>\n<meta property=\"og:description\" content=\"Elektrik \u00dcreten Bisiklet Nedir? \u00d6zel bisikletler sayesinde ki\u015filerin pedal \u00e7evirerek olu\u015fturduklar\u0131 enerji kullan\u0131labilir ve depolanabilir hale getirilmektedir. \u00dcretilen enerji, cep telefonlar\u0131n\u0131 \u015farj etmek i\u00e7in ve \u00e7evre ayd\u0131nlatmas\u0131 i\u00e7in kullan\u0131labilir. &nbsp; Grup halinde konumland\u0131r\u0131lan bisikletleri birden fazla ki\u015finin kullanmas\u0131 sayesinde b\u00fcy\u00fck bir \u0131\u015f\u0131k showu ger\u00e7ekle\u015ftirilebilir. Bu sayede ki\u015filerin hem spor yapmalar\u0131, hem de e\u011flenmeleri sa\u011flan\u0131r. Elektrik&nbsp;&hellip;\" \/>\n<meta property=\"og:url\" content=\"https:\/\/piyanomerdiven.com\/?page_id=193\" \/>\n<meta property=\"og:site_name\" content=\"Piyano Merdiven\" \/>\n<meta property=\"article:modified_time\" content=\"2016-04-22T10:22:09+00:00\" \/>\n<meta property=\"og:image\" content=\"http:\/\/piyanomerdiven.com\/wp-content\/uploads\/2016\/04\/20160421_172947-1002x1024.jpg\" \/>\n<meta name=\"twitter:card\" content=\"summary_large_image\" \/>\n<meta name=\"twitter:label1\" content=\"Tahmini okuma s\u00fcresi\" \/>\n\t<meta name=\"twitter:data1\" content=\"1 dakika\" \/>\n<script type=\"application\/ld+json\" class=\"yoast-schema-graph\">{\"@context\":\"https:\\\/\\\/schema.org\",\"@graph\":[{\"@type\":\"WebPage\",\"@id\":\"https:\\\/\\\/piyanomerdiven.com\\\/?page_id=193\",\"url\":\"https:\\\/\\\/piyanomerdiven.com\\\/?page_id=193\",\"name\":\"Sosyal Bisiklet - Piyano Merdiven\",\"isPartOf\":{\"@id\":\"https:\\\/\\\/piyanomerdiven.com\\\/#website\"},\"primaryImageOfPage\":{\"@id\":\"https:\\\/\\\/piyanomerdiven.com\\\/?page_id=193#primaryimage\"},\"image\":{\"@id\":\"https:\\\/\\\/piyanomerdiven.com\\\/?page_id=193#primaryimage\"},\"thumbnailUrl\":\"http:\\\/\\\/piyanomerdiven.com\\\/wp-content\\\/uploads\\\/2016\\\/04\\\/20160421_172947-1002x1024.jpg\",\"datePublished\":\"2015-04-02T16:04:05+00:00\",\"dateModified\":\"2016-04-22T10:22:09+00:00\",\"breadcrumb\":{\"@id\":\"https:\\\/\\\/piyanomerdiven.com\\\/?page_id=193#breadcrumb\"},\"inLanguage\":\"tr\",\"potentialAction\":[{\"@type\":\"ReadAction\",\"target\":[\"https:\\\/\\\/piyanomerdiven.com\\\/?page_id=193\"]}]},{\"@type\":\"ImageObject\",\"inLanguage\":\"tr\",\"@id\":\"https:\\\/\\\/piyanomerdiven.com\\\/?page_id=193#primaryimage\",\"url\":\"https:\\\/\\\/i0.wp.com\\\/piyanomerdiven.com\\\/wp-content\\\/uploads\\\/2016\\\/04\\\/20160421_172947.jpg?fit=2602%2C2660&ssl=1\",\"contentUrl\":\"https:\\\/\\\/i0.wp.com\\\/piyanomerdiven.com\\\/wp-content\\\/uploads\\\/2016\\\/04\\\/20160421_172947.jpg?fit=2602%2C2660&ssl=1\",\"width\":2602,\"height\":2660},{\"@type\":\"BreadcrumbList\",\"@id\":\"https:\\\/\\\/piyanomerdiven.com\\\/?page_id=193#breadcrumb\",\"itemListElement\":[{\"@type\":\"ListItem\",\"position\":1,\"name\":\"Anasayfa\",\"item\":\"https:\\\/\\\/piyanomerdiven.com\\\/\"},{\"@type\":\"ListItem\",\"position\":2,\"name\":\"\u00dcr\u00fcnler\\\/Hizmetler\",\"item\":\"https:\\\/\\\/piyanomerdiven.com\\\/?page_id=54\"},{\"@type\":\"ListItem\",\"position\":3,\"name\":\"Sosyal Bisiklet\"}]},{\"@type\":\"WebSite\",\"@id\":\"https:\\\/\\\/piyanomerdiven.com\\\/#website\",\"url\":\"https:\\\/\\\/piyanomerdiven.com\\\/\",\"name\":\"piyanomerdiven.com\",\"description\":\"&quot;Future \u0130nnovaition&quot;\",\"publisher\":{\"@id\":\"https:\\\/\\\/piyanomerdiven.com\\\/#organization\"},\"potentialAction\":[{\"@type\":\"SearchAction\",\"target\":{\"@type\":\"EntryPoint\",\"urlTemplate\":\"https:\\\/\\\/piyanomerdiven.com\\\/?s={search_term_string}\"},\"query-input\":{\"@type\":\"PropertyValueSpecification\",\"valueRequired\":true,\"valueName\":\"search_term_string\"}}],\"inLanguage\":\"tr\"},{\"@type\":\"Organization\",\"@id\":\"https:\\\/\\\/piyanomerdiven.com\\\/#organization\",\"name\":\"Piyano Merdiven Minyat\u00fcr M\u00fchendislik\",\"url\":\"https:\\\/\\\/piyanomerdiven.com\\\/\",\"logo\":{\"@type\":\"ImageObject\",\"inLanguage\":\"tr\",\"@id\":\"https:\\\/\\\/piyanomerdiven.com\\\/#\\\/schema\\\/logo\\\/image\\\/\",\"url\":\"https:\\\/\\\/i0.wp.com\\\/piyanomerdiven.com\\\/wp-content\\\/uploads\\\/2019\\\/04\\\/logom7.png?fit=1315%2C254&ssl=1\",\"contentUrl\":\"https:\\\/\\\/i0.wp.com\\\/piyanomerdiven.com\\\/wp-content\\\/uploads\\\/2019\\\/04\\\/logom7.png?fit=1315%2C254&ssl=1\",\"width\":1315,\"height\":254,\"caption\":\"Piyano Merdiven Minyat\u00fcr M\u00fchendislik\"},\"image\":{\"@id\":\"https:\\\/\\\/piyanomerdiven.com\\\/#\\\/schema\\\/logo\\\/image\\\/\"}}]}<\/script>\n<!-- \/ Yoast SEO plugin. -->","yoast_head_json":{"title":"Sosyal Bisiklet - Piyano Merdiven","robots":{"index":"index","follow":"follow","max-snippet":"max-snippet:-1","max-image-preview":"max-image-preview:large","max-video-preview":"max-video-preview:-1"},"canonical":"https:\/\/piyanomerdiven.com\/?page_id=193","og_locale":"tr_TR","og_type":"article","og_title":"Sosyal Bisiklet - Piyano Merdiven","og_description":"Elektrik \u00dcreten Bisiklet Nedir? \u00d6zel bisikletler sayesinde ki\u015filerin pedal \u00e7evirerek olu\u015fturduklar\u0131 enerji kullan\u0131labilir ve depolanabilir hale getirilmektedir. \u00dcretilen enerji, cep telefonlar\u0131n\u0131 \u015farj etmek i\u00e7in ve \u00e7evre ayd\u0131nlatmas\u0131 i\u00e7in kullan\u0131labilir. &nbsp; Grup halinde konumland\u0131r\u0131lan bisikletleri birden fazla ki\u015finin kullanmas\u0131 sayesinde b\u00fcy\u00fck bir \u0131\u015f\u0131k showu ger\u00e7ekle\u015ftirilebilir. Bu sayede ki\u015filerin hem spor yapmalar\u0131, hem de e\u011flenmeleri sa\u011flan\u0131r. Elektrik&nbsp;&hellip;","og_url":"https:\/\/piyanomerdiven.com\/?page_id=193","og_site_name":"Piyano Merdiven","article_modified_time":"2016-04-22T10:22:09+00:00","og_image":[{"url":"http:\/\/piyanomerdiven.com\/wp-content\/uploads\/2016\/04\/20160421_172947-1002x1024.jpg","type":"","width":"","height":""}],"twitter_card":"summary_large_image","twitter_misc":{"Tahmini okuma s\u00fcresi":"1 dakika"},"schema":{"@context":"https:\/\/schema.org","@graph":[{"@type":"WebPage","@id":"https:\/\/piyanomerdiven.com\/?page_id=193","url":"https:\/\/piyanomerdiven.com\/?page_id=193","name":"Sosyal Bisiklet - Piyano Merdiven","isPartOf":{"@id":"https:\/\/piyanomerdiven.com\/#website"},"primaryImageOfPage":{"@id":"https:\/\/piyanomerdiven.com\/?page_id=193#primaryimage"},"image":{"@id":"https:\/\/piyanomerdiven.com\/?page_id=193#primaryimage"},"thumbnailUrl":"http:\/\/piyanomerdiven.com\/wp-content\/uploads\/2016\/04\/20160421_172947-1002x1024.jpg","datePublished":"2015-04-02T16:04:05+00:00","dateModified":"2016-04-22T10:22:09+00:00","breadcrumb":{"@id":"https:\/\/piyanomerdiven.com\/?page_id=193#breadcrumb"},"inLanguage":"tr","potentialAction":[{"@type":"ReadAction","target":["https:\/\/piyanomerdiven.com\/?page_id=193"]}]},{"@type":"ImageObject","inLanguage":"tr","@id":"https:\/\/piyanomerdiven.com\/?page_id=193#primaryimage","url":"https:\/\/i0.wp.com\/piyanomerdiven.com\/wp-content\/uploads\/2016\/04\/20160421_172947.jpg?fit=2602%2C2660&ssl=1","contentUrl":"https:\/\/i0.wp.com\/piyanomerdiven.com\/wp-content\/uploads\/2016\/04\/20160421_172947.jpg?fit=2602%2C2660&ssl=1","width":2602,"height":2660},{"@type":"BreadcrumbList","@id":"https:\/\/piyanomerdiven.com\/?page_id=193#breadcrumb","itemListElement":[{"@type":"ListItem","position":1,"name":"Anasayfa","item":"https:\/\/piyanomerdiven.com\/"},{"@type":"ListItem","position":2,"name":"\u00dcr\u00fcnler\/Hizmetler","item":"https:\/\/piyanomerdiven.com\/?page_id=54"},{"@type":"ListItem","position":3,"name":"Sosyal Bisiklet"}]},{"@type":"WebSite","@id":"https:\/\/piyanomerdiven.com\/#website","url":"https:\/\/piyanomerdiven.com\/","name":"piyanomerdiven.com","description":"&quot;Future \u0130nnovaition&quot;","publisher":{"@id":"https:\/\/piyanomerdiven.com\/#organization"},"potentialAction":[{"@type":"SearchAction","target":{"@type":"EntryPoint","urlTemplate":"https:\/\/piyanomerdiven.com\/?s={search_term_string}"},"query-input":{"@type":"PropertyValueSpecification","valueRequired":true,"valueName":"search_term_string"}}],"inLanguage":"tr"},{"@type":"Organization","@id":"https:\/\/piyanomerdiven.com\/#organization","name":"Piyano Merdiven Minyat\u00fcr M\u00fchendislik","url":"https:\/\/piyanomerdiven.com\/","logo":{"@type":"ImageObject","inLanguage":"tr","@id":"https:\/\/piyanomerdiven.com\/#\/schema\/logo\/image\/","url":"https:\/\/i0.wp.com\/piyanomerdiven.com\/wp-content\/uploads\/2019\/04\/logom7.png?fit=1315%2C254&ssl=1","contentUrl":"https:\/\/i0.wp.com\/piyanomerdiven.com\/wp-content\/uploads\/2019\/04\/logom7.png?fit=1315%2C254&ssl=1","width":1315,"height":254,"caption":"Piyano Merdiven Minyat\u00fcr M\u00fchendislik"},"image":{"@id":"https:\/\/piyanomerdiven.com\/#\/schema\/logo\/image\/"}}]}},"jetpack_sharing_enabled":true,"jetpack_shortlink":"https:\/\/wp.me\/P8eeFL-37","_links":{"self":[{"href":"https:\/\/piyanomerdiven.com\/index.php?rest_route=\/wp\/v2\/pages\/193","targetHints":{"allow":["GET"]}}],"collection":[{"href":"https:\/\/piyanomerdiven.com\/index.php?rest_route=\/wp\/v2\/pages"}],"about":[{"href":"https:\/\/piyanomerdiven.com\/index.php?rest_route=\/wp\/v2\/types\/page"}],"author":[{"embeddable":true,"href":"https:\/\/piyanomerdiven.com\/index.php?rest_route=\/wp\/v2\/users\/1"}],"replies":[{"embeddable":true,"href":"https:\/\/piyanomerdiven.com\/index.php?rest_route=%2Fwp%2Fv2%2Fcomments&post=193"}],"version-history":[{"count":13,"href":"https:\/\/piyanomerdiven.com\/index.php?rest_route=\/wp\/v2\/pages\/193\/revisions"}],"predecessor-version":[{"id":451,"href":"https:\/\/piyanomerdiven.com\/index.php?rest_route=\/wp\/v2\/pages\/193\/revisions\/451"}],"up":[{"embeddable":true,"href":"https:\/\/piyanomerdiven.com\/index.php?rest_route=\/wp\/v2\/pages\/54"}],"wp:attachment":[{"href":"https:\/\/piyanomerdiven.com\/index.php?rest_route=%2Fwp%2Fv2%2Fmedia&parent=193"}],"curies":[{"name":"wp","href":"https:\/\/api.w.org\/{rel}","templated":true}]}}