{"id":179,"date":"2015-04-02T15:45:24","date_gmt":"2015-04-02T15:45:24","guid":{"rendered":"http:\/\/piyanomerdiven.com\/?page_id=179"},"modified":"2020-04-03T11:00:50","modified_gmt":"2020-04-03T11:00:50","slug":"referanslar","status":"publish","type":"page","link":"https:\/\/piyanomerdiven.com\/?page_id=179","title":{"rendered":"Referanslar"},"content":{"rendered":"<p><strong>DUBAI<\/strong><\/p>\n<p><strong>\u0130STANBUL HAVAALANI (Yeni)<\/strong><\/p>\n<p><strong>HBODER AVRUPA B\u0130RL\u0130\u011e\u0130 PROJES\u0130<\/strong><\/p>\n<p><strong>SANOFI PASTEUR<\/strong><\/p>\n<p><strong>BALIKES\u0130R KARES\u0130 BELED\u0130YES\u0130<\/strong><\/p>\n<p><strong>KAHRAMANMARA\u015e B\u00dcY\u00dcK\u015eEH\u0130R BELED\u0130YES\u0130<\/strong><\/p>\n<p><strong>URLA BELED\u0130YES\u0130<\/strong><\/p>\n<p><strong>TEK\u0130RDA\u011e S\u00dcLEYMAN PA\u015eA BELED\u0130YES\u0130<\/strong><\/p>\n<p><strong>ADAL GRUP A.\u015e.<\/strong><\/p>\n<p><strong>MERS\u0130N B\u00dcY\u00dcK\u015eEH\u0130R BELED\u0130YES\u0130<\/strong><\/p>\n<p><strong>R\u0130ZE BELED\u0130YES\u0130\u00a0<\/strong><\/p>\n<p><strong>ANATOLIUM AVM<\/strong><\/p>\n<p><strong>KLEPIERRE<\/strong><\/p>\n<p><strong>MALATYA BELED\u0130YES\u0130<\/strong><\/p>\n<p><strong>GAZ\u0130ANTEP B\u00dcY\u00dcK\u015eEH\u0130R BELED\u0130YES\u0130<\/strong><\/p>\n<p><strong>ARMADA ALI\u015eVER\u0130\u015e MERKEZ\u0130 ANKARA<\/strong><\/p>\n<p><strong>N\u0130L\u00dcFER BELED\u0130YES\u0130<\/strong><\/p>\n<p><strong>MEDIA MARKT MOSCOW<\/strong><\/p>\n<p><strong>DULKAD\u0130RO\u011eLU BELED\u0130YES\u0130 KAHRAMANMARA\u015e<\/strong><\/p>\n<p><strong>K\u00dc\u00c7\u00dcK\u00c7EKMECE BELED\u0130YES\u0130<\/strong><\/p>\n<p><strong>\u0130NEG\u00d6L BELED\u0130YES\u0130<\/strong><\/p>\n<p><strong>BURSA N\u0130L\u00dcFER M\u00dcZ\u0130K PARKI<\/strong><\/p>\n<p><img data-recalc-dims=\"1\" loading=\"lazy\" decoding=\"async\" src=\"https:\/\/i0.wp.com\/piyanomerdiven.com\/wp-content\/uploads\/2015\/04\/Untitled-3.jpg?resize=731%2C286\" alt=\"\" width=\"731\" height=\"286\" class=\"alignleft  wp-image-217\" srcset=\"https:\/\/i0.wp.com\/piyanomerdiven.com\/wp-content\/uploads\/2015\/04\/Untitled-3.jpg?resize=1024%2C401&amp;ssl=1 1024w, https:\/\/i0.wp.com\/piyanomerdiven.com\/wp-content\/uploads\/2015\/04\/Untitled-3.jpg?resize=300%2C118&amp;ssl=1 300w, https:\/\/i0.wp.com\/piyanomerdiven.com\/wp-content\/uploads\/2015\/04\/Untitled-3.jpg?w=1200&amp;ssl=1 1200w\" sizes=\"auto, (max-width: 731px) 100vw, 731px\" \/><\/p>\n<p><img data-recalc-dims=\"1\" loading=\"lazy\" decoding=\"async\" class=\"alignleft wp-image-512\" src=\"https:\/\/i0.wp.com\/piyanomerdiven.com\/wp-content\/uploads\/2015\/04\/log-e1483481558337.jpeg?resize=221%2C221\" width=\"221\" height=\"221\" \/><img data-recalc-dims=\"1\" loading=\"lazy\" decoding=\"async\" class=\"wp-image-486 alignright\" src=\"https:\/\/i0.wp.com\/piyanomerdiven.com\/wp-content\/uploads\/2015\/04\/20130213_121455_klepierre.ok_.jpg?resize=261%2C221\" alt=\"20130213_121455_klepierre-ok\" width=\"261\" height=\"221\" srcset=\"https:\/\/i0.wp.com\/piyanomerdiven.com\/wp-content\/uploads\/2015\/04\/20130213_121455_klepierre.ok_.jpg?w=598&amp;ssl=1 598w, https:\/\/i0.wp.com\/piyanomerdiven.com\/wp-content\/uploads\/2015\/04\/20130213_121455_klepierre.ok_.jpg?resize=300%2C254&amp;ssl=1 300w\" sizes=\"auto, (max-width: 261px) 100vw, 261px\" \/> <img data-recalc-dims=\"1\" loading=\"lazy\" decoding=\"async\" class=\"wp-image-487 alignright\" src=\"https:\/\/i0.wp.com\/piyanomerdiven.com\/wp-content\/uploads\/2015\/04\/Marmara-yeni_logo.jpg?resize=261%2C261\" alt=\"marmara-yeni_logo\" width=\"261\" height=\"261\" srcset=\"https:\/\/i0.wp.com\/piyanomerdiven.com\/wp-content\/uploads\/2015\/04\/Marmara-yeni_logo.jpg?w=500&amp;ssl=1 500w, https:\/\/i0.wp.com\/piyanomerdiven.com\/wp-content\/uploads\/2015\/04\/Marmara-yeni_logo.jpg?resize=150%2C150&amp;ssl=1 150w, https:\/\/i0.wp.com\/piyanomerdiven.com\/wp-content\/uploads\/2015\/04\/Marmara-yeni_logo.jpg?resize=300%2C300&amp;ssl=1 300w, https:\/\/i0.wp.com\/piyanomerdiven.com\/wp-content\/uploads\/2015\/04\/Marmara-yeni_logo.jpg?resize=125%2C125&amp;ssl=1 125w\" sizes=\"auto, (max-width: 261px) 100vw, 261px\" \/><img data-recalc-dims=\"1\" loading=\"lazy\" decoding=\"async\" class=\"alignleft size-full wp-image-457\" src=\"https:\/\/i0.wp.com\/piyanomerdiven.com\/wp-content\/uploads\/2015\/04\/ref1-1.jpg?resize=302%2C268\" alt=\"ref1\" width=\"302\" height=\"268\" srcset=\"https:\/\/i0.wp.com\/piyanomerdiven.com\/wp-content\/uploads\/2015\/04\/ref1-1.jpg?w=302&amp;ssl=1 302w, https:\/\/i0.wp.com\/piyanomerdiven.com\/wp-content\/uploads\/2015\/04\/ref1-1.jpg?resize=300%2C266&amp;ssl=1 300w\" sizes=\"auto, (max-width: 302px) 100vw, 302px\" \/><\/p>\n<p><a href=\"https:\/\/i0.wp.com\/piyanomerdiven.com\/wp-content\/uploads\/2015\/04\/armadaavm1.jpg\"><img data-recalc-dims=\"1\" loading=\"lazy\" decoding=\"async\" class=\"wp-image-183 size-medium alignright\" src=\"https:\/\/i0.wp.com\/piyanomerdiven.com\/wp-content\/uploads\/2015\/04\/armadaavm1.jpg?resize=300%2C300\" alt=\"armadaavm\" width=\"300\" height=\"300\" srcset=\"https:\/\/i0.wp.com\/piyanomerdiven.com\/wp-content\/uploads\/2015\/04\/armadaavm1.jpg?resize=300%2C300&amp;ssl=1 300w, https:\/\/i0.wp.com\/piyanomerdiven.com\/wp-content\/uploads\/2015\/04\/armadaavm1.jpg?resize=150%2C150&amp;ssl=1 150w, https:\/\/i0.wp.com\/piyanomerdiven.com\/wp-content\/uploads\/2015\/04\/armadaavm1.jpg?resize=125%2C125&amp;ssl=1 125w, https:\/\/i0.wp.com\/piyanomerdiven.com\/wp-content\/uploads\/2015\/04\/armadaavm1.jpg?w=400&amp;ssl=1 400w\" sizes=\"auto, (max-width: 300px) 100vw, 300px\" \/><\/a><\/p>\n<p><a href=\"https:\/\/i0.wp.com\/piyanomerdiven.com\/wp-content\/uploads\/2015\/04\/logo.png\"><img data-recalc-dims=\"1\" loading=\"lazy\" decoding=\"async\" class=\"alignleft size-medium wp-image-286\" src=\"https:\/\/i0.wp.com\/piyanomerdiven.com\/wp-content\/uploads\/2015\/04\/logo.png?resize=296%2C300\" alt=\"logo\" width=\"296\" height=\"300\" srcset=\"https:\/\/i0.wp.com\/piyanomerdiven.com\/wp-content\/uploads\/2015\/04\/logo.png?resize=296%2C300&amp;ssl=1 296w, https:\/\/i0.wp.com\/piyanomerdiven.com\/wp-content\/uploads\/2015\/04\/logo.png?w=900&amp;ssl=1 900w\" sizes=\"auto, (max-width: 296px) 100vw, 296px\" \/><\/a><a href=\"http:\/\/piyanomerdiven.com\/wp-content\/uploads\/2015\/04\/Nil\u00fcfer-Balat.jpg\"><\/a><\/p>\n<p><a href=\"http:\/\/piyanomerdiven.com\/wp-content\/uploads\/2015\/04\/Nil\u00fcfer-Balat.jpg\"> <\/a><img data-recalc-dims=\"1\" loading=\"lazy\" decoding=\"async\" src=\"https:\/\/i0.wp.com\/piyanomerdiven.com\/wp-content\/uploads\/2019\/03\/Motas-ve-Belediye-Logo.png?resize=281%2C287\" alt=\"\" width=\"281\" height=\"287\" class=\"wp-image-681 alignright\" srcset=\"https:\/\/i0.wp.com\/piyanomerdiven.com\/wp-content\/uploads\/2019\/03\/Motas-ve-Belediye-Logo.png?resize=1003%2C1024&amp;ssl=1 1003w, https:\/\/i0.wp.com\/piyanomerdiven.com\/wp-content\/uploads\/2019\/03\/Motas-ve-Belediye-Logo.png?resize=600%2C612&amp;ssl=1 600w, https:\/\/i0.wp.com\/piyanomerdiven.com\/wp-content\/uploads\/2019\/03\/Motas-ve-Belediye-Logo.png?resize=294%2C300&amp;ssl=1 294w, https:\/\/i0.wp.com\/piyanomerdiven.com\/wp-content\/uploads\/2019\/03\/Motas-ve-Belediye-Logo.png?resize=768%2C784&amp;ssl=1 768w, https:\/\/i0.wp.com\/piyanomerdiven.com\/wp-content\/uploads\/2019\/03\/Motas-ve-Belediye-Logo.png?resize=370%2C378&amp;ssl=1 370w, https:\/\/i0.wp.com\/piyanomerdiven.com\/wp-content\/uploads\/2019\/03\/Motas-ve-Belediye-Logo.png?resize=1040%2C1061&amp;ssl=1 1040w\" sizes=\"auto, (max-width: 281px) 100vw, 281px\" \/><\/p>\n<p><a href=\"https:\/\/i0.wp.com\/piyanomerdiven.com\/wp-content\/uploads\/2015\/04\/Nil%C3%BCfer-Balat.jpg\"><img data-recalc-dims=\"1\" loading=\"lazy\" decoding=\"async\" class=\"size-medium wp-image-434 alignnone\" src=\"https:\/\/i0.wp.com\/piyanomerdiven.com\/wp-content\/uploads\/2015\/04\/kucukcekmece-belediyesi-logo.jpg?resize=300%2C300\" alt=\"kucukcekmece-belediyesi-logo\" width=\"300\" height=\"300\" srcset=\"https:\/\/i0.wp.com\/piyanomerdiven.com\/wp-content\/uploads\/2015\/04\/kucukcekmece-belediyesi-logo.jpg?resize=300%2C300&amp;ssl=1 300w, https:\/\/i0.wp.com\/piyanomerdiven.com\/wp-content\/uploads\/2015\/04\/kucukcekmece-belediyesi-logo.jpg?resize=150%2C150&amp;ssl=1 150w, https:\/\/i0.wp.com\/piyanomerdiven.com\/wp-content\/uploads\/2015\/04\/kucukcekmece-belediyesi-logo.jpg?resize=768%2C768&amp;ssl=1 768w, https:\/\/i0.wp.com\/piyanomerdiven.com\/wp-content\/uploads\/2015\/04\/kucukcekmece-belediyesi-logo.jpg?resize=1024%2C1024&amp;ssl=1 1024w, https:\/\/i0.wp.com\/piyanomerdiven.com\/wp-content\/uploads\/2015\/04\/kucukcekmece-belediyesi-logo.jpg?resize=125%2C125&amp;ssl=1 125w, https:\/\/i0.wp.com\/piyanomerdiven.com\/wp-content\/uploads\/2015\/04\/kucukcekmece-belediyesi-logo.jpg?w=1616&amp;ssl=1 1616w\" sizes=\"auto, (max-width: 300px) 100vw, 300px\" \/><\/a><a href=\"http:\/\/piyanomerdiven.com\/wp-content\/uploads\/2015\/04\/Nil\u00fcfer-Balat.jpg\"><\/a><\/p>\n","protected":false},"excerpt":{"rendered":"<p>DUBAI \u0130STANBUL HAVAALANI (Yeni) HBODER AVRUPA B\u0130RL\u0130\u011e\u0130 PROJES\u0130 SANOFI PASTEUR BALIKES\u0130R KARES\u0130 BELED\u0130YES\u0130 KAHRAMANMARA\u015e B\u00dcY\u00dcK\u015eEH\u0130R BELED\u0130YES\u0130 URLA BELED\u0130YES\u0130 TEK\u0130RDA\u011e S\u00dcLEYMAN PA\u015eA BELED\u0130YES\u0130 ADAL GRUP A.\u015e. MERS\u0130N B\u00dcY\u00dcK\u015eEH\u0130R BELED\u0130YES\u0130 R\u0130ZE BELED\u0130YES\u0130\u00a0 ANATOLIUM AVM KLEPIERRE MALATYA BELED\u0130YES\u0130 GAZ\u0130ANTEP B\u00dcY\u00dcK\u015eEH\u0130R BELED\u0130YES\u0130 ARMADA ALI\u015eVER\u0130\u015e MERKEZ\u0130 ANKARA N\u0130L\u00dcFER BELED\u0130YES\u0130 MEDIA MARKT MOSCOW DULKAD\u0130RO\u011eLU BELED\u0130YES\u0130 KAHRAMANMARA\u015e K\u00dc\u00c7\u00dcK\u00c7EKMECE BELED\u0130YES\u0130 \u0130NEG\u00d6L BELED\u0130YES\u0130 BURSA&nbsp;&hellip;<\/p>\n","protected":false},"author":1,"featured_media":0,"parent":0,"menu_order":0,"comment_status":"closed","ping_status":"closed","template":"","meta":{"footnotes":""},"class_list":["post-179","page","type-page","status-publish","hentry"],"yoast_head":"<!-- This site is optimized with the Yoast SEO plugin v27.5 - https:\/\/yoast.com\/product\/yoast-seo-wordpress\/ -->\n<title>Referanslar - Piyano Merdiven<\/title>\n<meta name=\"robots\" content=\"index, follow, max-snippet:-1, max-image-preview:large, max-video-preview:-1\" \/>\n<link rel=\"canonical\" href=\"https:\/\/piyanomerdiven.com\/?page_id=179\" \/>\n<meta property=\"og:locale\" content=\"tr_TR\" \/>\n<meta property=\"og:type\" content=\"article\" \/>\n<meta property=\"og:title\" content=\"Referanslar - Piyano Merdiven\" \/>\n<meta property=\"og:description\" content=\"DUBAI \u0130STANBUL HAVAALANI (Yeni) HBODER AVRUPA B\u0130RL\u0130\u011e\u0130 PROJES\u0130 SANOFI PASTEUR BALIKES\u0130R KARES\u0130 BELED\u0130YES\u0130 KAHRAMANMARA\u015e B\u00dcY\u00dcK\u015eEH\u0130R BELED\u0130YES\u0130 URLA BELED\u0130YES\u0130 TEK\u0130RDA\u011e S\u00dcLEYMAN PA\u015eA BELED\u0130YES\u0130 ADAL GRUP A.\u015e. MERS\u0130N B\u00dcY\u00dcK\u015eEH\u0130R BELED\u0130YES\u0130 R\u0130ZE BELED\u0130YES\u0130\u00a0 ANATOLIUM AVM KLEPIERRE MALATYA BELED\u0130YES\u0130 GAZ\u0130ANTEP B\u00dcY\u00dcK\u015eEH\u0130R BELED\u0130YES\u0130 ARMADA ALI\u015eVER\u0130\u015e MERKEZ\u0130 ANKARA N\u0130L\u00dcFER BELED\u0130YES\u0130 MEDIA MARKT MOSCOW DULKAD\u0130RO\u011eLU BELED\u0130YES\u0130 KAHRAMANMARA\u015e K\u00dc\u00c7\u00dcK\u00c7EKMECE BELED\u0130YES\u0130 \u0130NEG\u00d6L BELED\u0130YES\u0130 BURSA&nbsp;&hellip;\" \/>\n<meta property=\"og:url\" content=\"https:\/\/piyanomerdiven.com\/?page_id=179\" \/>\n<meta property=\"og:site_name\" content=\"Piyano Merdiven\" \/>\n<meta property=\"article:modified_time\" content=\"2020-04-03T11:00:50+00:00\" \/>\n<meta property=\"og:image\" content=\"http:\/\/piyanomerdiven.com\/wp-content\/uploads\/2015\/04\/Untitled-3-1024x401.jpg\" \/>\n<meta name=\"twitter:card\" content=\"summary_large_image\" \/>\n<meta name=\"twitter:label1\" content=\"Tahmini okuma s\u00fcresi\" \/>\n\t<meta name=\"twitter:data1\" content=\"1 dakika\" \/>\n<script type=\"application\/ld+json\" class=\"yoast-schema-graph\">{\"@context\":\"https:\\\/\\\/schema.org\",\"@graph\":[{\"@type\":\"WebPage\",\"@id\":\"https:\\\/\\\/piyanomerdiven.com\\\/?page_id=179\",\"url\":\"https:\\\/\\\/piyanomerdiven.com\\\/?page_id=179\",\"name\":\"Referanslar - Piyano Merdiven\",\"isPartOf\":{\"@id\":\"https:\\\/\\\/piyanomerdiven.com\\\/#website\"},\"primaryImageOfPage\":{\"@id\":\"https:\\\/\\\/piyanomerdiven.com\\\/?page_id=179#primaryimage\"},\"image\":{\"@id\":\"https:\\\/\\\/piyanomerdiven.com\\\/?page_id=179#primaryimage\"},\"thumbnailUrl\":\"http:\\\/\\\/piyanomerdiven.com\\\/wp-content\\\/uploads\\\/2015\\\/04\\\/Untitled-3-1024x401.jpg\",\"datePublished\":\"2015-04-02T15:45:24+00:00\",\"dateModified\":\"2020-04-03T11:00:50+00:00\",\"breadcrumb\":{\"@id\":\"https:\\\/\\\/piyanomerdiven.com\\\/?page_id=179#breadcrumb\"},\"inLanguage\":\"tr\",\"potentialAction\":[{\"@type\":\"ReadAction\",\"target\":[\"https:\\\/\\\/piyanomerdiven.com\\\/?page_id=179\"]}]},{\"@type\":\"ImageObject\",\"inLanguage\":\"tr\",\"@id\":\"https:\\\/\\\/piyanomerdiven.com\\\/?page_id=179#primaryimage\",\"url\":\"https:\\\/\\\/i0.wp.com\\\/piyanomerdiven.com\\\/wp-content\\\/uploads\\\/2015\\\/04\\\/Untitled-3.jpg?fit=1200%2C470&ssl=1\",\"contentUrl\":\"https:\\\/\\\/i0.wp.com\\\/piyanomerdiven.com\\\/wp-content\\\/uploads\\\/2015\\\/04\\\/Untitled-3.jpg?fit=1200%2C470&ssl=1\",\"width\":1200,\"height\":470},{\"@type\":\"BreadcrumbList\",\"@id\":\"https:\\\/\\\/piyanomerdiven.com\\\/?page_id=179#breadcrumb\",\"itemListElement\":[{\"@type\":\"ListItem\",\"position\":1,\"name\":\"Anasayfa\",\"item\":\"https:\\\/\\\/piyanomerdiven.com\\\/\"},{\"@type\":\"ListItem\",\"position\":2,\"name\":\"Referanslar\"}]},{\"@type\":\"WebSite\",\"@id\":\"https:\\\/\\\/piyanomerdiven.com\\\/#website\",\"url\":\"https:\\\/\\\/piyanomerdiven.com\\\/\",\"name\":\"piyanomerdiven.com\",\"description\":\"&quot;Future \u0130nnovaition&quot;\",\"publisher\":{\"@id\":\"https:\\\/\\\/piyanomerdiven.com\\\/#organization\"},\"potentialAction\":[{\"@type\":\"SearchAction\",\"target\":{\"@type\":\"EntryPoint\",\"urlTemplate\":\"https:\\\/\\\/piyanomerdiven.com\\\/?s={search_term_string}\"},\"query-input\":{\"@type\":\"PropertyValueSpecification\",\"valueRequired\":true,\"valueName\":\"search_term_string\"}}],\"inLanguage\":\"tr\"},{\"@type\":\"Organization\",\"@id\":\"https:\\\/\\\/piyanomerdiven.com\\\/#organization\",\"name\":\"Piyano Merdiven Minyat\u00fcr M\u00fchendislik\",\"url\":\"https:\\\/\\\/piyanomerdiven.com\\\/\",\"logo\":{\"@type\":\"ImageObject\",\"inLanguage\":\"tr\",\"@id\":\"https:\\\/\\\/piyanomerdiven.com\\\/#\\\/schema\\\/logo\\\/image\\\/\",\"url\":\"https:\\\/\\\/i0.wp.com\\\/piyanomerdiven.com\\\/wp-content\\\/uploads\\\/2019\\\/04\\\/logom7.png?fit=1315%2C254&ssl=1\",\"contentUrl\":\"https:\\\/\\\/i0.wp.com\\\/piyanomerdiven.com\\\/wp-content\\\/uploads\\\/2019\\\/04\\\/logom7.png?fit=1315%2C254&ssl=1\",\"width\":1315,\"height\":254,\"caption\":\"Piyano Merdiven Minyat\u00fcr M\u00fchendislik\"},\"image\":{\"@id\":\"https:\\\/\\\/piyanomerdiven.com\\\/#\\\/schema\\\/logo\\\/image\\\/\"}}]}<\/script>\n<!-- \/ Yoast SEO plugin. -->","yoast_head_json":{"title":"Referanslar - Piyano Merdiven","robots":{"index":"index","follow":"follow","max-snippet":"max-snippet:-1","max-image-preview":"max-image-preview:large","max-video-preview":"max-video-preview:-1"},"canonical":"https:\/\/piyanomerdiven.com\/?page_id=179","og_locale":"tr_TR","og_type":"article","og_title":"Referanslar - Piyano Merdiven","og_description":"DUBAI \u0130STANBUL HAVAALANI (Yeni) HBODER AVRUPA B\u0130RL\u0130\u011e\u0130 PROJES\u0130 SANOFI PASTEUR BALIKES\u0130R KARES\u0130 BELED\u0130YES\u0130 KAHRAMANMARA\u015e B\u00dcY\u00dcK\u015eEH\u0130R BELED\u0130YES\u0130 URLA BELED\u0130YES\u0130 TEK\u0130RDA\u011e S\u00dcLEYMAN PA\u015eA BELED\u0130YES\u0130 ADAL GRUP A.\u015e. MERS\u0130N B\u00dcY\u00dcK\u015eEH\u0130R BELED\u0130YES\u0130 R\u0130ZE BELED\u0130YES\u0130\u00a0 ANATOLIUM AVM KLEPIERRE MALATYA BELED\u0130YES\u0130 GAZ\u0130ANTEP B\u00dcY\u00dcK\u015eEH\u0130R BELED\u0130YES\u0130 ARMADA ALI\u015eVER\u0130\u015e MERKEZ\u0130 ANKARA N\u0130L\u00dcFER BELED\u0130YES\u0130 MEDIA MARKT MOSCOW DULKAD\u0130RO\u011eLU BELED\u0130YES\u0130 KAHRAMANMARA\u015e K\u00dc\u00c7\u00dcK\u00c7EKMECE BELED\u0130YES\u0130 \u0130NEG\u00d6L BELED\u0130YES\u0130 BURSA&nbsp;&hellip;","og_url":"https:\/\/piyanomerdiven.com\/?page_id=179","og_site_name":"Piyano Merdiven","article_modified_time":"2020-04-03T11:00:50+00:00","og_image":[{"url":"http:\/\/piyanomerdiven.com\/wp-content\/uploads\/2015\/04\/Untitled-3-1024x401.jpg","type":"","width":"","height":""}],"twitter_card":"summary_large_image","twitter_misc":{"Tahmini okuma s\u00fcresi":"1 dakika"},"schema":{"@context":"https:\/\/schema.org","@graph":[{"@type":"WebPage","@id":"https:\/\/piyanomerdiven.com\/?page_id=179","url":"https:\/\/piyanomerdiven.com\/?page_id=179","name":"Referanslar - Piyano Merdiven","isPartOf":{"@id":"https:\/\/piyanomerdiven.com\/#website"},"primaryImageOfPage":{"@id":"https:\/\/piyanomerdiven.com\/?page_id=179#primaryimage"},"image":{"@id":"https:\/\/piyanomerdiven.com\/?page_id=179#primaryimage"},"thumbnailUrl":"http:\/\/piyanomerdiven.com\/wp-content\/uploads\/2015\/04\/Untitled-3-1024x401.jpg","datePublished":"2015-04-02T15:45:24+00:00","dateModified":"2020-04-03T11:00:50+00:00","breadcrumb":{"@id":"https:\/\/piyanomerdiven.com\/?page_id=179#breadcrumb"},"inLanguage":"tr","potentialAction":[{"@type":"ReadAction","target":["https:\/\/piyanomerdiven.com\/?page_id=179"]}]},{"@type":"ImageObject","inLanguage":"tr","@id":"https:\/\/piyanomerdiven.com\/?page_id=179#primaryimage","url":"https:\/\/i0.wp.com\/piyanomerdiven.com\/wp-content\/uploads\/2015\/04\/Untitled-3.jpg?fit=1200%2C470&ssl=1","contentUrl":"https:\/\/i0.wp.com\/piyanomerdiven.com\/wp-content\/uploads\/2015\/04\/Untitled-3.jpg?fit=1200%2C470&ssl=1","width":1200,"height":470},{"@type":"BreadcrumbList","@id":"https:\/\/piyanomerdiven.com\/?page_id=179#breadcrumb","itemListElement":[{"@type":"ListItem","position":1,"name":"Anasayfa","item":"https:\/\/piyanomerdiven.com\/"},{"@type":"ListItem","position":2,"name":"Referanslar"}]},{"@type":"WebSite","@id":"https:\/\/piyanomerdiven.com\/#website","url":"https:\/\/piyanomerdiven.com\/","name":"piyanomerdiven.com","description":"&quot;Future \u0130nnovaition&quot;","publisher":{"@id":"https:\/\/piyanomerdiven.com\/#organization"},"potentialAction":[{"@type":"SearchAction","target":{"@type":"EntryPoint","urlTemplate":"https:\/\/piyanomerdiven.com\/?s={search_term_string}"},"query-input":{"@type":"PropertyValueSpecification","valueRequired":true,"valueName":"search_term_string"}}],"inLanguage":"tr"},{"@type":"Organization","@id":"https:\/\/piyanomerdiven.com\/#organization","name":"Piyano Merdiven Minyat\u00fcr M\u00fchendislik","url":"https:\/\/piyanomerdiven.com\/","logo":{"@type":"ImageObject","inLanguage":"tr","@id":"https:\/\/piyanomerdiven.com\/#\/schema\/logo\/image\/","url":"https:\/\/i0.wp.com\/piyanomerdiven.com\/wp-content\/uploads\/2019\/04\/logom7.png?fit=1315%2C254&ssl=1","contentUrl":"https:\/\/i0.wp.com\/piyanomerdiven.com\/wp-content\/uploads\/2019\/04\/logom7.png?fit=1315%2C254&ssl=1","width":1315,"height":254,"caption":"Piyano Merdiven Minyat\u00fcr M\u00fchendislik"},"image":{"@id":"https:\/\/piyanomerdiven.com\/#\/schema\/logo\/image\/"}}]}},"jetpack_sharing_enabled":true,"jetpack_shortlink":"https:\/\/wp.me\/P8eeFL-2T","_links":{"self":[{"href":"https:\/\/piyanomerdiven.com\/index.php?rest_route=\/wp\/v2\/pages\/179","targetHints":{"allow":["GET"]}}],"collection":[{"href":"https:\/\/piyanomerdiven.com\/index.php?rest_route=\/wp\/v2\/pages"}],"about":[{"href":"https:\/\/piyanomerdiven.com\/index.php?rest_route=\/wp\/v2\/types\/page"}],"author":[{"embeddable":true,"href":"https:\/\/piyanomerdiven.com\/index.php?rest_route=\/wp\/v2\/users\/1"}],"replies":[{"embeddable":true,"href":"https:\/\/piyanomerdiven.com\/index.php?rest_route=%2Fwp%2Fv2%2Fcomments&post=179"}],"version-history":[{"count":31,"href":"https:\/\/piyanomerdiven.com\/index.php?rest_route=\/wp\/v2\/pages\/179\/revisions"}],"predecessor-version":[{"id":927,"href":"https:\/\/piyanomerdiven.com\/index.php?rest_route=\/wp\/v2\/pages\/179\/revisions\/927"}],"wp:attachment":[{"href":"https:\/\/piyanomerdiven.com\/index.php?rest_route=%2Fwp%2Fv2%2Fmedia&parent=179"}],"curies":[{"name":"wp","href":"https:\/\/api.w.org\/{rel}","templated":true}]}}