{"id":136,"date":"2015-02-01T11:53:33","date_gmt":"2015-02-01T11:53:33","guid":{"rendered":"http:\/\/piyanomerdiven.com\/?page_id=136"},"modified":"2016-08-10T09:41:05","modified_gmt":"2016-08-10T09:41:05","slug":"piyano-merdiven","status":"publish","type":"page","link":"https:\/\/piyanomerdiven.com\/?page_id=136","title":{"rendered":"Dev Piyano"},"content":{"rendered":"<div id=\"slider\" class=\"fslider\">\n<div class=\"flexslider\">\n<div class=\"slider-wrap\">\n<div class=\"slide\">\n<div class=\"slide-caption slide-caption2 slide-caption-left\">\n<h3>Piyano Merdiven<\/h3>\n<p>14 \u015eubat 2014&#8217;de Armada AVM&#8217;de a\u00e7\u0131l\u0131\u015f\u0131n\u0131 ger\u00e7ekle\u015ftirdik<\/p>\n<\/div>\n<\/div>\n<div class=\"slide\">\n<p><img decoding=\"async\" src=\"images\/slide1.jpg\" alt=\"Piyano Merdiven\" \/><\/p>\n<\/div>\n<div class=\"slide\">\n<p><img decoding=\"async\" src=\"images\/slide2.jpg\" alt=\"Piyano Merdiven\" \/><\/p>\n<\/div>\n<\/div>\n<\/div>\n<\/div>\n<div id=\"portfolio-details-wrap\" class=\"clearfix\">\n<div class=\"port-desc clearfix\">\n<h3>Piyano Merdiven Nas\u0131l \u00c7al\u0131\u015f\u0131r?<\/h3>\n<ul>\n<li>Basamak kenarlar\u0131na konulan sens\u00f6rler ile ki\u015filerin hareketi alg\u0131lan\u0131r.<\/li>\n<li>\u00d6zel bir yaz\u0131l\u0131m arac\u0131l\u0131\u011f\u0131yla istenilen \u00fcnl\u00fc beste ve melodiler eklenir, basamaklara bas\u0131ld\u0131k\u00e7a s\u0131radaki beste d\u00fczenli bir \u015fekilde \u00e7al\u0131n\u0131r&#8230;<\/li>\n<\/ul>\n<h3>Piyano Merdivenin \u00d6zellikleri Nelerdir?<\/h3>\n<ul>\n<li>Her t\u00fcrl\u00fc piyano eseri y\u00fckleneblir.<\/li>\n<li>\u015eark\u0131lar s\u0131ral\u0131, kar\u0131\u015f\u0131k ve zaman ayarlamas\u0131 yaparak istenen \u015fark\u0131lar istenilen zaman \u00e7al\u0131nabilir.<\/li>\n<li>Mekan\u0131n \u00f6zelliklerine ve yerle\u015fimine g\u00f6re \u00f6zel mimari bir \u00e7al\u0131\u015fma yap\u0131l\u0131r.<\/li>\n<li>I\u015f\u0131kl\u0131 basamaklar eklenebilir.<\/li>\n<li>Tu\u015flardan ba\u011f\u0131ms\u0131z olarak Mp3 \u015fark\u0131lar\u0131 \u00e7alma modu mevcuttur.<\/li>\n<\/ul>\n<p>&nbsp;<\/p>\n<p><a href=\"https:\/\/i0.wp.com\/piyanomerdiven.com\/wp-content\/uploads\/2015\/01\/pppppp.jpg\"><img data-recalc-dims=\"1\" loading=\"lazy\" decoding=\"async\" class=\"alignleft size-large wp-image-56\" src=\"https:\/\/i0.wp.com\/piyanomerdiven.com\/wp-content\/uploads\/2015\/01\/pppppp.jpg?resize=640%2C480\" alt=\"pppppp\" width=\"640\" height=\"480\" srcset=\"https:\/\/i0.wp.com\/piyanomerdiven.com\/wp-content\/uploads\/2015\/01\/pppppp.jpg?w=1024&amp;ssl=1 1024w, https:\/\/i0.wp.com\/piyanomerdiven.com\/wp-content\/uploads\/2015\/01\/pppppp.jpg?resize=300%2C225&amp;ssl=1 300w\" sizes=\"auto, (max-width: 640px) 100vw, 640px\" \/><\/a><\/p>\n<\/div>\n<\/div>\n<h1><\/h1>\n<h1><\/h1>\n<h1><\/h1>\n<h1><\/h1>\n<h1><\/h1>\n<h1><\/h1>\n<h1><\/h1>\n<h1><\/h1>\n<h1>Dev Piyano Merdiven<\/h1>\n<div class=\"content-wrap\">\n<div class=\"container clearfix\">\n<div class=\"postcontent nobottommargin clearfix\">\n<h3>Armada AVM Dev Piyano Merdiven 14 \u015eUBAT 2014 SEVG\u0130L\u0130LER G\u00dcN\u00dc<\/h3>\n<p><span class=\"embed-youtube\" style=\"text-align:center; display: block;\"><iframe loading=\"lazy\" class=\"youtube-player\" width=\"3840\" height=\"2160\" src=\"https:\/\/www.youtube.com\/embed\/HqNOpRjkFCI?version=3&#038;rel=1&#038;showsearch=0&#038;showinfo=1&#038;iv_load_policy=1&#038;fs=1&#038;hl=tr-TR&#038;autohide=2&#038;wmode=transparent\" allowfullscreen=\"true\" style=\"border:0;\" sandbox=\"allow-scripts allow-same-origin allow-popups allow-presentation allow-popups-to-escape-sandbox\"><\/iframe><\/span><\/p>\n<p><span class=\"embed-youtube\" style=\"text-align:center; display: block;\"><iframe loading=\"lazy\" class=\"youtube-player\" width=\"3840\" height=\"2160\" src=\"https:\/\/www.youtube.com\/embed\/J8_WN_yARfc?version=3&#038;rel=1&#038;showsearch=0&#038;showinfo=1&#038;iv_load_policy=1&#038;fs=1&#038;hl=tr-TR&#038;autohide=2&#038;wmode=transparent\" allowfullscreen=\"true\" style=\"border:0;\" sandbox=\"allow-scripts allow-same-origin allow-popups allow-presentation allow-popups-to-escape-sandbox\"><\/iframe><\/span><\/p>\n<p><span class=\"embed-youtube\" style=\"text-align:center; display: block;\"><iframe loading=\"lazy\" class=\"youtube-player\" width=\"3840\" height=\"2160\" src=\"https:\/\/www.youtube.com\/embed\/3LBd8JODNzo?version=3&#038;rel=1&#038;showsearch=0&#038;showinfo=1&#038;iv_load_policy=1&#038;fs=1&#038;hl=tr-TR&#038;autohide=2&#038;wmode=transparent\" allowfullscreen=\"true\" style=\"border:0;\" sandbox=\"allow-scripts allow-same-origin allow-popups allow-presentation allow-popups-to-escape-sandbox\"><\/iframe><\/span><\/p>\n<p>&nbsp;<\/p>\n<p>&nbsp;<\/p>\n<p>&nbsp;<\/p>\n<\/div>\n<\/div>\n<\/div>\n","protected":false},"excerpt":{"rendered":"<p>Piyano Merdiven 14 \u015eubat 2014&#8217;de Armada AVM&#8217;de a\u00e7\u0131l\u0131\u015f\u0131n\u0131 ger\u00e7ekle\u015ftirdik Piyano Merdiven Nas\u0131l \u00c7al\u0131\u015f\u0131r? Basamak kenarlar\u0131na konulan sens\u00f6rler ile ki\u015filerin hareketi alg\u0131lan\u0131r. \u00d6zel bir yaz\u0131l\u0131m arac\u0131l\u0131\u011f\u0131yla istenilen \u00fcnl\u00fc beste ve melodiler eklenir, basamaklara bas\u0131ld\u0131k\u00e7a s\u0131radaki beste d\u00fczenli bir \u015fekilde \u00e7al\u0131n\u0131r&#8230; Piyano Merdivenin \u00d6zellikleri Nelerdir? Her t\u00fcrl\u00fc piyano eseri y\u00fckleneblir. \u015eark\u0131lar s\u0131ral\u0131, kar\u0131\u015f\u0131k ve zaman ayarlamas\u0131 yaparak&nbsp;&hellip;<\/p>\n","protected":false},"author":1,"featured_media":10,"parent":54,"menu_order":0,"comment_status":"closed","ping_status":"closed","template":"","meta":{"footnotes":""},"class_list":["post-136","page","type-page","status-publish","has-post-thumbnail","hentry"],"yoast_head":"<!-- This site is optimized with the Yoast SEO plugin v27.5 - https:\/\/yoast.com\/product\/yoast-seo-wordpress\/ -->\n<title>Dev Piyano - Piyano Merdiven<\/title>\n<meta name=\"robots\" content=\"index, follow, max-snippet:-1, max-image-preview:large, max-video-preview:-1\" \/>\n<link rel=\"canonical\" href=\"https:\/\/piyanomerdiven.com\/?page_id=136\" \/>\n<meta property=\"og:locale\" content=\"tr_TR\" \/>\n<meta property=\"og:type\" content=\"article\" \/>\n<meta property=\"og:title\" content=\"Dev Piyano - Piyano Merdiven\" \/>\n<meta property=\"og:description\" content=\"Piyano Merdiven 14 \u015eubat 2014&#8217;de Armada AVM&#8217;de a\u00e7\u0131l\u0131\u015f\u0131n\u0131 ger\u00e7ekle\u015ftirdik Piyano Merdiven Nas\u0131l \u00c7al\u0131\u015f\u0131r? Basamak kenarlar\u0131na konulan sens\u00f6rler ile ki\u015filerin hareketi alg\u0131lan\u0131r. \u00d6zel bir yaz\u0131l\u0131m arac\u0131l\u0131\u011f\u0131yla istenilen \u00fcnl\u00fc beste ve melodiler eklenir, basamaklara bas\u0131ld\u0131k\u00e7a s\u0131radaki beste d\u00fczenli bir \u015fekilde \u00e7al\u0131n\u0131r&#8230; Piyano Merdivenin \u00d6zellikleri Nelerdir? Her t\u00fcrl\u00fc piyano eseri y\u00fckleneblir. \u015eark\u0131lar s\u0131ral\u0131, kar\u0131\u015f\u0131k ve zaman ayarlamas\u0131 yaparak&nbsp;&hellip;\" \/>\n<meta property=\"og:url\" content=\"https:\/\/piyanomerdiven.com\/?page_id=136\" \/>\n<meta property=\"og:site_name\" content=\"Piyano Merdiven\" \/>\n<meta property=\"article:modified_time\" content=\"2016-08-10T09:41:05+00:00\" \/>\n<meta property=\"og:image\" content=\"https:\/\/i0.wp.com\/piyanomerdiven.com\/wp-content\/uploads\/2015\/01\/slide1.jpg?fit=960%2C360&ssl=1\" \/>\n\t<meta property=\"og:image:width\" content=\"960\" \/>\n\t<meta property=\"og:image:height\" content=\"360\" \/>\n\t<meta property=\"og:image:type\" content=\"image\/jpeg\" \/>\n<meta name=\"twitter:card\" content=\"summary_large_image\" \/>\n<meta name=\"twitter:label1\" content=\"Tahmini okuma s\u00fcresi\" \/>\n\t<meta name=\"twitter:data1\" content=\"1 dakika\" \/>\n<script type=\"application\/ld+json\" class=\"yoast-schema-graph\">{\"@context\":\"https:\\\/\\\/schema.org\",\"@graph\":[{\"@type\":\"WebPage\",\"@id\":\"https:\\\/\\\/piyanomerdiven.com\\\/?page_id=136\",\"url\":\"https:\\\/\\\/piyanomerdiven.com\\\/?page_id=136\",\"name\":\"Dev Piyano - Piyano Merdiven\",\"isPartOf\":{\"@id\":\"https:\\\/\\\/piyanomerdiven.com\\\/#website\"},\"primaryImageOfPage\":{\"@id\":\"https:\\\/\\\/piyanomerdiven.com\\\/?page_id=136#primaryimage\"},\"image\":{\"@id\":\"https:\\\/\\\/piyanomerdiven.com\\\/?page_id=136#primaryimage\"},\"thumbnailUrl\":\"https:\\\/\\\/i0.wp.com\\\/piyanomerdiven.com\\\/wp-content\\\/uploads\\\/2015\\\/01\\\/slide1.jpg?fit=960%2C360&ssl=1\",\"datePublished\":\"2015-02-01T11:53:33+00:00\",\"dateModified\":\"2016-08-10T09:41:05+00:00\",\"breadcrumb\":{\"@id\":\"https:\\\/\\\/piyanomerdiven.com\\\/?page_id=136#breadcrumb\"},\"inLanguage\":\"tr\",\"potentialAction\":[{\"@type\":\"ReadAction\",\"target\":[\"https:\\\/\\\/piyanomerdiven.com\\\/?page_id=136\"]}]},{\"@type\":\"ImageObject\",\"inLanguage\":\"tr\",\"@id\":\"https:\\\/\\\/piyanomerdiven.com\\\/?page_id=136#primaryimage\",\"url\":\"https:\\\/\\\/i0.wp.com\\\/piyanomerdiven.com\\\/wp-content\\\/uploads\\\/2015\\\/01\\\/slide1.jpg?fit=960%2C360&ssl=1\",\"contentUrl\":\"https:\\\/\\\/i0.wp.com\\\/piyanomerdiven.com\\\/wp-content\\\/uploads\\\/2015\\\/01\\\/slide1.jpg?fit=960%2C360&ssl=1\",\"width\":960,\"height\":360},{\"@type\":\"BreadcrumbList\",\"@id\":\"https:\\\/\\\/piyanomerdiven.com\\\/?page_id=136#breadcrumb\",\"itemListElement\":[{\"@type\":\"ListItem\",\"position\":1,\"name\":\"Anasayfa\",\"item\":\"https:\\\/\\\/piyanomerdiven.com\\\/\"},{\"@type\":\"ListItem\",\"position\":2,\"name\":\"\u00dcr\u00fcnler\\\/Hizmetler\",\"item\":\"https:\\\/\\\/piyanomerdiven.com\\\/?page_id=54\"},{\"@type\":\"ListItem\",\"position\":3,\"name\":\"Dev Piyano\"}]},{\"@type\":\"WebSite\",\"@id\":\"https:\\\/\\\/piyanomerdiven.com\\\/#website\",\"url\":\"https:\\\/\\\/piyanomerdiven.com\\\/\",\"name\":\"piyanomerdiven.com\",\"description\":\"&quot;Future \u0130nnovaition&quot;\",\"publisher\":{\"@id\":\"https:\\\/\\\/piyanomerdiven.com\\\/#organization\"},\"potentialAction\":[{\"@type\":\"SearchAction\",\"target\":{\"@type\":\"EntryPoint\",\"urlTemplate\":\"https:\\\/\\\/piyanomerdiven.com\\\/?s={search_term_string}\"},\"query-input\":{\"@type\":\"PropertyValueSpecification\",\"valueRequired\":true,\"valueName\":\"search_term_string\"}}],\"inLanguage\":\"tr\"},{\"@type\":\"Organization\",\"@id\":\"https:\\\/\\\/piyanomerdiven.com\\\/#organization\",\"name\":\"Piyano Merdiven Minyat\u00fcr M\u00fchendislik\",\"url\":\"https:\\\/\\\/piyanomerdiven.com\\\/\",\"logo\":{\"@type\":\"ImageObject\",\"inLanguage\":\"tr\",\"@id\":\"https:\\\/\\\/piyanomerdiven.com\\\/#\\\/schema\\\/logo\\\/image\\\/\",\"url\":\"https:\\\/\\\/i0.wp.com\\\/piyanomerdiven.com\\\/wp-content\\\/uploads\\\/2019\\\/04\\\/logom7.png?fit=1315%2C254&ssl=1\",\"contentUrl\":\"https:\\\/\\\/i0.wp.com\\\/piyanomerdiven.com\\\/wp-content\\\/uploads\\\/2019\\\/04\\\/logom7.png?fit=1315%2C254&ssl=1\",\"width\":1315,\"height\":254,\"caption\":\"Piyano Merdiven Minyat\u00fcr M\u00fchendislik\"},\"image\":{\"@id\":\"https:\\\/\\\/piyanomerdiven.com\\\/#\\\/schema\\\/logo\\\/image\\\/\"}}]}<\/script>\n<!-- \/ Yoast SEO plugin. -->","yoast_head_json":{"title":"Dev Piyano - Piyano Merdiven","robots":{"index":"index","follow":"follow","max-snippet":"max-snippet:-1","max-image-preview":"max-image-preview:large","max-video-preview":"max-video-preview:-1"},"canonical":"https:\/\/piyanomerdiven.com\/?page_id=136","og_locale":"tr_TR","og_type":"article","og_title":"Dev Piyano - Piyano Merdiven","og_description":"Piyano Merdiven 14 \u015eubat 2014&#8217;de Armada AVM&#8217;de a\u00e7\u0131l\u0131\u015f\u0131n\u0131 ger\u00e7ekle\u015ftirdik Piyano Merdiven Nas\u0131l \u00c7al\u0131\u015f\u0131r? Basamak kenarlar\u0131na konulan sens\u00f6rler ile ki\u015filerin hareketi alg\u0131lan\u0131r. \u00d6zel bir yaz\u0131l\u0131m arac\u0131l\u0131\u011f\u0131yla istenilen \u00fcnl\u00fc beste ve melodiler eklenir, basamaklara bas\u0131ld\u0131k\u00e7a s\u0131radaki beste d\u00fczenli bir \u015fekilde \u00e7al\u0131n\u0131r&#8230; Piyano Merdivenin \u00d6zellikleri Nelerdir? Her t\u00fcrl\u00fc piyano eseri y\u00fckleneblir. \u015eark\u0131lar s\u0131ral\u0131, kar\u0131\u015f\u0131k ve zaman ayarlamas\u0131 yaparak&nbsp;&hellip;","og_url":"https:\/\/piyanomerdiven.com\/?page_id=136","og_site_name":"Piyano Merdiven","article_modified_time":"2016-08-10T09:41:05+00:00","og_image":[{"width":960,"height":360,"url":"https:\/\/i0.wp.com\/piyanomerdiven.com\/wp-content\/uploads\/2015\/01\/slide1.jpg?fit=960%2C360&ssl=1","type":"image\/jpeg"}],"twitter_card":"summary_large_image","twitter_misc":{"Tahmini okuma s\u00fcresi":"1 dakika"},"schema":{"@context":"https:\/\/schema.org","@graph":[{"@type":"WebPage","@id":"https:\/\/piyanomerdiven.com\/?page_id=136","url":"https:\/\/piyanomerdiven.com\/?page_id=136","name":"Dev Piyano - Piyano Merdiven","isPartOf":{"@id":"https:\/\/piyanomerdiven.com\/#website"},"primaryImageOfPage":{"@id":"https:\/\/piyanomerdiven.com\/?page_id=136#primaryimage"},"image":{"@id":"https:\/\/piyanomerdiven.com\/?page_id=136#primaryimage"},"thumbnailUrl":"https:\/\/i0.wp.com\/piyanomerdiven.com\/wp-content\/uploads\/2015\/01\/slide1.jpg?fit=960%2C360&ssl=1","datePublished":"2015-02-01T11:53:33+00:00","dateModified":"2016-08-10T09:41:05+00:00","breadcrumb":{"@id":"https:\/\/piyanomerdiven.com\/?page_id=136#breadcrumb"},"inLanguage":"tr","potentialAction":[{"@type":"ReadAction","target":["https:\/\/piyanomerdiven.com\/?page_id=136"]}]},{"@type":"ImageObject","inLanguage":"tr","@id":"https:\/\/piyanomerdiven.com\/?page_id=136#primaryimage","url":"https:\/\/i0.wp.com\/piyanomerdiven.com\/wp-content\/uploads\/2015\/01\/slide1.jpg?fit=960%2C360&ssl=1","contentUrl":"https:\/\/i0.wp.com\/piyanomerdiven.com\/wp-content\/uploads\/2015\/01\/slide1.jpg?fit=960%2C360&ssl=1","width":960,"height":360},{"@type":"BreadcrumbList","@id":"https:\/\/piyanomerdiven.com\/?page_id=136#breadcrumb","itemListElement":[{"@type":"ListItem","position":1,"name":"Anasayfa","item":"https:\/\/piyanomerdiven.com\/"},{"@type":"ListItem","position":2,"name":"\u00dcr\u00fcnler\/Hizmetler","item":"https:\/\/piyanomerdiven.com\/?page_id=54"},{"@type":"ListItem","position":3,"name":"Dev Piyano"}]},{"@type":"WebSite","@id":"https:\/\/piyanomerdiven.com\/#website","url":"https:\/\/piyanomerdiven.com\/","name":"piyanomerdiven.com","description":"&quot;Future \u0130nnovaition&quot;","publisher":{"@id":"https:\/\/piyanomerdiven.com\/#organization"},"potentialAction":[{"@type":"SearchAction","target":{"@type":"EntryPoint","urlTemplate":"https:\/\/piyanomerdiven.com\/?s={search_term_string}"},"query-input":{"@type":"PropertyValueSpecification","valueRequired":true,"valueName":"search_term_string"}}],"inLanguage":"tr"},{"@type":"Organization","@id":"https:\/\/piyanomerdiven.com\/#organization","name":"Piyano Merdiven Minyat\u00fcr M\u00fchendislik","url":"https:\/\/piyanomerdiven.com\/","logo":{"@type":"ImageObject","inLanguage":"tr","@id":"https:\/\/piyanomerdiven.com\/#\/schema\/logo\/image\/","url":"https:\/\/i0.wp.com\/piyanomerdiven.com\/wp-content\/uploads\/2019\/04\/logom7.png?fit=1315%2C254&ssl=1","contentUrl":"https:\/\/i0.wp.com\/piyanomerdiven.com\/wp-content\/uploads\/2019\/04\/logom7.png?fit=1315%2C254&ssl=1","width":1315,"height":254,"caption":"Piyano Merdiven Minyat\u00fcr M\u00fchendislik"},"image":{"@id":"https:\/\/piyanomerdiven.com\/#\/schema\/logo\/image\/"}}]}},"jetpack_sharing_enabled":true,"jetpack_shortlink":"https:\/\/wp.me\/P8eeFL-2c","_links":{"self":[{"href":"https:\/\/piyanomerdiven.com\/index.php?rest_route=\/wp\/v2\/pages\/136","targetHints":{"allow":["GET"]}}],"collection":[{"href":"https:\/\/piyanomerdiven.com\/index.php?rest_route=\/wp\/v2\/pages"}],"about":[{"href":"https:\/\/piyanomerdiven.com\/index.php?rest_route=\/wp\/v2\/types\/page"}],"author":[{"embeddable":true,"href":"https:\/\/piyanomerdiven.com\/index.php?rest_route=\/wp\/v2\/users\/1"}],"replies":[{"embeddable":true,"href":"https:\/\/piyanomerdiven.com\/index.php?rest_route=%2Fwp%2Fv2%2Fcomments&post=136"}],"version-history":[{"count":10,"href":"https:\/\/piyanomerdiven.com\/index.php?rest_route=\/wp\/v2\/pages\/136\/revisions"}],"predecessor-version":[{"id":472,"href":"https:\/\/piyanomerdiven.com\/index.php?rest_route=\/wp\/v2\/pages\/136\/revisions\/472"}],"up":[{"embeddable":true,"href":"https:\/\/piyanomerdiven.com\/index.php?rest_route=\/wp\/v2\/pages\/54"}],"wp:featuredmedia":[{"embeddable":true,"href":"https:\/\/piyanomerdiven.com\/index.php?rest_route=\/wp\/v2\/media\/10"}],"wp:attachment":[{"href":"https:\/\/piyanomerdiven.com\/index.php?rest_route=%2Fwp%2Fv2%2Fmedia&parent=136"}],"curies":[{"name":"wp","href":"https:\/\/api.w.org\/{rel}","templated":true}]}}