{"id":109,"date":"2015-02-01T11:29:06","date_gmt":"2015-02-01T11:29:06","guid":{"rendered":"http:\/\/piyanomerdiven.com\/?page_id=109"},"modified":"2017-04-25T16:37:22","modified_gmt":"2017-04-25T16:37:22","slug":"isikli-muzikli-led-zemin","status":"publish","type":"page","link":"https:\/\/piyanomerdiven.com\/?page_id=109","title":{"rendered":"Led Zemin"},"content":{"rendered":"<h3>\nLed I\u015f\u0131kl\u0131 M\u00fczikli Zemin\u00a0Nas\u0131l \u00c7al\u0131\u015f\u0131r?<\/h3>\n<ul>\n<li>Karolar\u0131n alt\u0131na\u00a0konulan sens\u00f6rler ile ki\u015filerin hareketi alg\u0131lan\u0131r.<\/li>\n<li>\u00d6zel bir yaz\u0131l\u0131m arac\u0131l\u0131\u011f\u0131yla istenilen \u00fcnl\u00fc beste ve melodiler eklenir, basamaklara bas\u0131ld\u0131k\u00e7a s\u0131radaki beste d\u00fczenli bir \u015fekilde \u00e7al\u0131n\u0131r, ve ayn\u0131 anda zemindeki \u0131\u015f\u0131klar farkl\u0131 kombinasyonlar ile yanar.<\/li>\n<\/ul>\n<h3>\u00a0Led I\u015f\u0131kl\u0131 M\u00fczikli Zemin&#8217;in\u00a0\u00d6zellikleri Nelerdir?<\/h3>\n<ul>\n<li>Her t\u00fcrl\u00fc m\u00fczik\u00a0eseri y\u00fckleneblir.<\/li>\n<li>\u015eark\u0131lar s\u0131ral\u0131, kar\u0131\u015f\u0131k ve zaman ayarlamas\u0131 yaparak istenen \u015fark\u0131lar istenilen zaman \u00e7al\u0131nabilir.<\/li>\n<li>Mekan\u0131n \u00f6zelliklerine ve yerle\u015fimine g\u00f6re \u00f6zel mimari bir \u00e7al\u0131\u015fma yap\u0131l\u0131r.<\/li>\n<li>Tu\u015flardan ba\u011f\u0131ms\u0131z olarak Mp3 \u015fark\u0131lar\u0131 \u00e7alma modu mevcuttur.<\/li>\n<\/ul>\n<p>&nbsp;<\/p>\n<p><img data-recalc-dims=\"1\" loading=\"lazy\" decoding=\"async\" class=\" wp-image-514 aligncenter\" src=\"https:\/\/i0.wp.com\/piyanomerdiven.com\/wp-content\/uploads\/2015\/02\/led-zemin.jpg?resize=964%2C798\" alt=\"\" width=\"964\" height=\"798\" srcset=\"https:\/\/i0.wp.com\/piyanomerdiven.com\/wp-content\/uploads\/2015\/02\/led-zemin.jpg?resize=1024%2C848&amp;ssl=1 1024w, https:\/\/i0.wp.com\/piyanomerdiven.com\/wp-content\/uploads\/2015\/02\/led-zemin.jpg?resize=300%2C249&amp;ssl=1 300w, https:\/\/i0.wp.com\/piyanomerdiven.com\/wp-content\/uploads\/2015\/02\/led-zemin.jpg?resize=768%2C636&amp;ssl=1 768w, https:\/\/i0.wp.com\/piyanomerdiven.com\/wp-content\/uploads\/2015\/02\/led-zemin.jpg?w=1323&amp;ssl=1 1323w\" sizes=\"auto, (max-width: 964px) 100vw, 964px\" \/><\/p>\n<p>&nbsp;<\/p>\n<p><img data-recalc-dims=\"1\" loading=\"lazy\" decoding=\"async\" class=\"aligncenter wp-image-167\" src=\"https:\/\/i0.wp.com\/piyanomerdiven.com\/wp-content\/uploads\/2015\/02\/20150212_213038.jpg?resize=960%2C540\" alt=\"20150212_213038\" width=\"960\" height=\"540\" srcset=\"https:\/\/i0.wp.com\/piyanomerdiven.com\/wp-content\/uploads\/2015\/02\/20150212_213038.jpg?resize=1024%2C576&amp;ssl=1 1024w, https:\/\/i0.wp.com\/piyanomerdiven.com\/wp-content\/uploads\/2015\/02\/20150212_213038.jpg?resize=300%2C169&amp;ssl=1 300w\" sizes=\"auto, (max-width: 960px) 100vw, 960px\" \/><\/p>\n<p><a href=\"https:\/\/i0.wp.com\/piyanomerdiven.com\/wp-content\/uploads\/2015\/01\/10403425_10152772882470914_5820147475767987969_n.jpg\"><img data-recalc-dims=\"1\" loading=\"lazy\" decoding=\"async\" class=\" size-full wp-image-57 aligncenter\" src=\"https:\/\/i0.wp.com\/piyanomerdiven.com\/wp-content\/uploads\/2015\/01\/10403425_10152772882470914_5820147475767987969_n.jpg?resize=960%2C540\" alt=\"10403425_10152772882470914_5820147475767987969_n\" width=\"960\" height=\"540\" srcset=\"https:\/\/i0.wp.com\/piyanomerdiven.com\/wp-content\/uploads\/2015\/01\/10403425_10152772882470914_5820147475767987969_n.jpg?w=960&amp;ssl=1 960w, https:\/\/i0.wp.com\/piyanomerdiven.com\/wp-content\/uploads\/2015\/01\/10403425_10152772882470914_5820147475767987969_n.jpg?resize=300%2C169&amp;ssl=1 300w\" sizes=\"auto, (max-width: 960px) 100vw, 960px\" \/><\/a><a href=\"https:\/\/i0.wp.com\/piyanomerdiven.com\/wp-content\/uploads\/2015\/01\/10532496_10152772912000914_2164783460014712712_n.jpg\"><br \/>\n<img data-recalc-dims=\"1\" loading=\"lazy\" decoding=\"async\" class=\" size-full wp-image-58 aligncenter\" src=\"https:\/\/i0.wp.com\/piyanomerdiven.com\/wp-content\/uploads\/2015\/01\/10532496_10152772912000914_2164783460014712712_n.jpg?resize=960%2C540\" alt=\"10532496_10152772912000914_2164783460014712712_n\" width=\"960\" height=\"540\" srcset=\"https:\/\/i0.wp.com\/piyanomerdiven.com\/wp-content\/uploads\/2015\/01\/10532496_10152772912000914_2164783460014712712_n.jpg?w=960&amp;ssl=1 960w, https:\/\/i0.wp.com\/piyanomerdiven.com\/wp-content\/uploads\/2015\/01\/10532496_10152772912000914_2164783460014712712_n.jpg?resize=300%2C169&amp;ssl=1 300w\" sizes=\"auto, (max-width: 960px) 100vw, 960px\" \/><\/a><a href=\"https:\/\/i0.wp.com\/piyanomerdiven.com\/wp-content\/uploads\/2015\/02\/20150124_165443.jpg\"><br \/>\n<img data-recalc-dims=\"1\" loading=\"lazy\" decoding=\"async\" class=\" size-large wp-image-168 aligncenter\" src=\"https:\/\/i0.wp.com\/piyanomerdiven.com\/wp-content\/uploads\/2015\/02\/20150124_165443.jpg?resize=640%2C360\" alt=\"20150124_165443\" width=\"640\" height=\"360\" srcset=\"https:\/\/i0.wp.com\/piyanomerdiven.com\/wp-content\/uploads\/2015\/02\/20150124_165443.jpg?resize=1024%2C576&amp;ssl=1 1024w, https:\/\/i0.wp.com\/piyanomerdiven.com\/wp-content\/uploads\/2015\/02\/20150124_165443.jpg?resize=300%2C169&amp;ssl=1 300w\" sizes=\"auto, (max-width: 640px) 100vw, 640px\" \/><\/a><\/p>\n<p><a href=\"https:\/\/i0.wp.com\/piyanomerdiven.com\/wp-content\/uploads\/2015\/02\/20150124_165453.jpg\"><img data-recalc-dims=\"1\" loading=\"lazy\" decoding=\"async\" class=\" size-large wp-image-169 aligncenter\" src=\"https:\/\/i0.wp.com\/piyanomerdiven.com\/wp-content\/uploads\/2015\/02\/20150124_165453.jpg?resize=640%2C360\" alt=\"20150124_165453\" width=\"640\" height=\"360\" srcset=\"https:\/\/i0.wp.com\/piyanomerdiven.com\/wp-content\/uploads\/2015\/02\/20150124_165453.jpg?resize=1024%2C576&amp;ssl=1 1024w, https:\/\/i0.wp.com\/piyanomerdiven.com\/wp-content\/uploads\/2015\/02\/20150124_165453.jpg?resize=300%2C169&amp;ssl=1 300w\" sizes=\"auto, (max-width: 640px) 100vw, 640px\" \/><\/a><a href=\"https:\/\/i0.wp.com\/piyanomerdiven.com\/wp-content\/uploads\/2015\/02\/20150124_170711.jpg\"><br \/>\n<img data-recalc-dims=\"1\" loading=\"lazy\" decoding=\"async\" class=\" size-large wp-image-170 aligncenter\" src=\"https:\/\/i0.wp.com\/piyanomerdiven.com\/wp-content\/uploads\/2015\/02\/20150124_170711.jpg?resize=640%2C360\" alt=\"20150124_170711\" width=\"640\" height=\"360\" srcset=\"https:\/\/i0.wp.com\/piyanomerdiven.com\/wp-content\/uploads\/2015\/02\/20150124_170711.jpg?resize=1024%2C576&amp;ssl=1 1024w, https:\/\/i0.wp.com\/piyanomerdiven.com\/wp-content\/uploads\/2015\/02\/20150124_170711.jpg?resize=300%2C169&amp;ssl=1 300w\" sizes=\"auto, (max-width: 640px) 100vw, 640px\" \/><\/a><a href=\"https:\/\/i0.wp.com\/piyanomerdiven.com\/wp-content\/uploads\/2015\/02\/20150124_170804.jpg\"><br \/>\n<img data-recalc-dims=\"1\" loading=\"lazy\" decoding=\"async\" class=\" size-large wp-image-171 aligncenter\" src=\"https:\/\/i0.wp.com\/piyanomerdiven.com\/wp-content\/uploads\/2015\/02\/20150124_170804.jpg?resize=640%2C360\" alt=\"20150124_170804\" width=\"640\" height=\"360\" srcset=\"https:\/\/i0.wp.com\/piyanomerdiven.com\/wp-content\/uploads\/2015\/02\/20150124_170804.jpg?resize=1024%2C576&amp;ssl=1 1024w, https:\/\/i0.wp.com\/piyanomerdiven.com\/wp-content\/uploads\/2015\/02\/20150124_170804.jpg?resize=300%2C169&amp;ssl=1 300w\" sizes=\"auto, (max-width: 640px) 100vw, 640px\" \/><\/a><\/p>\n<p>&nbsp;<\/p>\n<p>&nbsp;<\/p>\n<p>&nbsp;<\/p>\n","protected":false},"excerpt":{"rendered":"<p>Led I\u015f\u0131kl\u0131 M\u00fczikli Zemin\u00a0Nas\u0131l \u00c7al\u0131\u015f\u0131r? Karolar\u0131n alt\u0131na\u00a0konulan sens\u00f6rler ile ki\u015filerin hareketi alg\u0131lan\u0131r. \u00d6zel bir yaz\u0131l\u0131m arac\u0131l\u0131\u011f\u0131yla istenilen \u00fcnl\u00fc beste ve melodiler eklenir, basamaklara bas\u0131ld\u0131k\u00e7a s\u0131radaki beste d\u00fczenli bir \u015fekilde \u00e7al\u0131n\u0131r, ve ayn\u0131 anda zemindeki \u0131\u015f\u0131klar farkl\u0131 kombinasyonlar ile yanar. \u00a0Led I\u015f\u0131kl\u0131 M\u00fczikli Zemin&#8217;in\u00a0\u00d6zellikleri Nelerdir? Her t\u00fcrl\u00fc m\u00fczik\u00a0eseri y\u00fckleneblir. \u015eark\u0131lar s\u0131ral\u0131, kar\u0131\u015f\u0131k ve zaman ayarlamas\u0131 yaparak&nbsp;&hellip;<\/p>\n","protected":false},"author":1,"featured_media":57,"parent":54,"menu_order":0,"comment_status":"closed","ping_status":"closed","template":"","meta":{"footnotes":""},"class_list":["post-109","page","type-page","status-publish","has-post-thumbnail","hentry"],"yoast_head":"<!-- This site is optimized with the Yoast SEO plugin v27.5 - https:\/\/yoast.com\/product\/yoast-seo-wordpress\/ -->\n<title>Led Zemin - Piyano Merdiven<\/title>\n<meta name=\"robots\" content=\"index, follow, max-snippet:-1, max-image-preview:large, max-video-preview:-1\" \/>\n<link rel=\"canonical\" href=\"https:\/\/piyanomerdiven.com\/?page_id=109\" \/>\n<meta property=\"og:locale\" content=\"tr_TR\" \/>\n<meta property=\"og:type\" content=\"article\" \/>\n<meta property=\"og:title\" content=\"Led Zemin - Piyano Merdiven\" \/>\n<meta property=\"og:description\" content=\"Led I\u015f\u0131kl\u0131 M\u00fczikli Zemin\u00a0Nas\u0131l \u00c7al\u0131\u015f\u0131r? Karolar\u0131n alt\u0131na\u00a0konulan sens\u00f6rler ile ki\u015filerin hareketi alg\u0131lan\u0131r. \u00d6zel bir yaz\u0131l\u0131m arac\u0131l\u0131\u011f\u0131yla istenilen \u00fcnl\u00fc beste ve melodiler eklenir, basamaklara bas\u0131ld\u0131k\u00e7a s\u0131radaki beste d\u00fczenli bir \u015fekilde \u00e7al\u0131n\u0131r, ve ayn\u0131 anda zemindeki \u0131\u015f\u0131klar farkl\u0131 kombinasyonlar ile yanar. \u00a0Led I\u015f\u0131kl\u0131 M\u00fczikli Zemin&#8217;in\u00a0\u00d6zellikleri Nelerdir? Her t\u00fcrl\u00fc m\u00fczik\u00a0eseri y\u00fckleneblir. \u015eark\u0131lar s\u0131ral\u0131, kar\u0131\u015f\u0131k ve zaman ayarlamas\u0131 yaparak&nbsp;&hellip;\" \/>\n<meta property=\"og:url\" content=\"https:\/\/piyanomerdiven.com\/?page_id=109\" \/>\n<meta property=\"og:site_name\" content=\"Piyano Merdiven\" \/>\n<meta property=\"article:modified_time\" content=\"2017-04-25T16:37:22+00:00\" \/>\n<meta property=\"og:image\" content=\"https:\/\/i0.wp.com\/piyanomerdiven.com\/wp-content\/uploads\/2015\/01\/10403425_10152772882470914_5820147475767987969_n.jpg?fit=960%2C540&ssl=1\" \/>\n\t<meta property=\"og:image:width\" content=\"960\" \/>\n\t<meta property=\"og:image:height\" content=\"540\" \/>\n\t<meta property=\"og:image:type\" content=\"image\/jpeg\" \/>\n<meta name=\"twitter:card\" content=\"summary_large_image\" \/>\n<meta name=\"twitter:label1\" content=\"Tahmini okuma s\u00fcresi\" \/>\n\t<meta name=\"twitter:data1\" content=\"1 dakika\" \/>\n<script type=\"application\/ld+json\" class=\"yoast-schema-graph\">{\"@context\":\"https:\\\/\\\/schema.org\",\"@graph\":[{\"@type\":\"WebPage\",\"@id\":\"https:\\\/\\\/piyanomerdiven.com\\\/?page_id=109\",\"url\":\"https:\\\/\\\/piyanomerdiven.com\\\/?page_id=109\",\"name\":\"Led Zemin - Piyano Merdiven\",\"isPartOf\":{\"@id\":\"https:\\\/\\\/piyanomerdiven.com\\\/#website\"},\"primaryImageOfPage\":{\"@id\":\"https:\\\/\\\/piyanomerdiven.com\\\/?page_id=109#primaryimage\"},\"image\":{\"@id\":\"https:\\\/\\\/piyanomerdiven.com\\\/?page_id=109#primaryimage\"},\"thumbnailUrl\":\"https:\\\/\\\/i0.wp.com\\\/piyanomerdiven.com\\\/wp-content\\\/uploads\\\/2015\\\/01\\\/10403425_10152772882470914_5820147475767987969_n.jpg?fit=960%2C540&ssl=1\",\"datePublished\":\"2015-02-01T11:29:06+00:00\",\"dateModified\":\"2017-04-25T16:37:22+00:00\",\"breadcrumb\":{\"@id\":\"https:\\\/\\\/piyanomerdiven.com\\\/?page_id=109#breadcrumb\"},\"inLanguage\":\"tr\",\"potentialAction\":[{\"@type\":\"ReadAction\",\"target\":[\"https:\\\/\\\/piyanomerdiven.com\\\/?page_id=109\"]}]},{\"@type\":\"ImageObject\",\"inLanguage\":\"tr\",\"@id\":\"https:\\\/\\\/piyanomerdiven.com\\\/?page_id=109#primaryimage\",\"url\":\"https:\\\/\\\/i0.wp.com\\\/piyanomerdiven.com\\\/wp-content\\\/uploads\\\/2015\\\/01\\\/10403425_10152772882470914_5820147475767987969_n.jpg?fit=960%2C540&ssl=1\",\"contentUrl\":\"https:\\\/\\\/i0.wp.com\\\/piyanomerdiven.com\\\/wp-content\\\/uploads\\\/2015\\\/01\\\/10403425_10152772882470914_5820147475767987969_n.jpg?fit=960%2C540&ssl=1\",\"width\":960,\"height\":540},{\"@type\":\"BreadcrumbList\",\"@id\":\"https:\\\/\\\/piyanomerdiven.com\\\/?page_id=109#breadcrumb\",\"itemListElement\":[{\"@type\":\"ListItem\",\"position\":1,\"name\":\"Anasayfa\",\"item\":\"https:\\\/\\\/piyanomerdiven.com\\\/\"},{\"@type\":\"ListItem\",\"position\":2,\"name\":\"\u00dcr\u00fcnler\\\/Hizmetler\",\"item\":\"https:\\\/\\\/piyanomerdiven.com\\\/?page_id=54\"},{\"@type\":\"ListItem\",\"position\":3,\"name\":\"Led Zemin\"}]},{\"@type\":\"WebSite\",\"@id\":\"https:\\\/\\\/piyanomerdiven.com\\\/#website\",\"url\":\"https:\\\/\\\/piyanomerdiven.com\\\/\",\"name\":\"piyanomerdiven.com\",\"description\":\"&quot;Future \u0130nnovaition&quot;\",\"publisher\":{\"@id\":\"https:\\\/\\\/piyanomerdiven.com\\\/#organization\"},\"potentialAction\":[{\"@type\":\"SearchAction\",\"target\":{\"@type\":\"EntryPoint\",\"urlTemplate\":\"https:\\\/\\\/piyanomerdiven.com\\\/?s={search_term_string}\"},\"query-input\":{\"@type\":\"PropertyValueSpecification\",\"valueRequired\":true,\"valueName\":\"search_term_string\"}}],\"inLanguage\":\"tr\"},{\"@type\":\"Organization\",\"@id\":\"https:\\\/\\\/piyanomerdiven.com\\\/#organization\",\"name\":\"Piyano Merdiven Minyat\u00fcr M\u00fchendislik\",\"url\":\"https:\\\/\\\/piyanomerdiven.com\\\/\",\"logo\":{\"@type\":\"ImageObject\",\"inLanguage\":\"tr\",\"@id\":\"https:\\\/\\\/piyanomerdiven.com\\\/#\\\/schema\\\/logo\\\/image\\\/\",\"url\":\"https:\\\/\\\/i0.wp.com\\\/piyanomerdiven.com\\\/wp-content\\\/uploads\\\/2019\\\/04\\\/logom7.png?fit=1315%2C254&ssl=1\",\"contentUrl\":\"https:\\\/\\\/i0.wp.com\\\/piyanomerdiven.com\\\/wp-content\\\/uploads\\\/2019\\\/04\\\/logom7.png?fit=1315%2C254&ssl=1\",\"width\":1315,\"height\":254,\"caption\":\"Piyano Merdiven Minyat\u00fcr M\u00fchendislik\"},\"image\":{\"@id\":\"https:\\\/\\\/piyanomerdiven.com\\\/#\\\/schema\\\/logo\\\/image\\\/\"}}]}<\/script>\n<!-- \/ Yoast SEO plugin. -->","yoast_head_json":{"title":"Led Zemin - Piyano Merdiven","robots":{"index":"index","follow":"follow","max-snippet":"max-snippet:-1","max-image-preview":"max-image-preview:large","max-video-preview":"max-video-preview:-1"},"canonical":"https:\/\/piyanomerdiven.com\/?page_id=109","og_locale":"tr_TR","og_type":"article","og_title":"Led Zemin - Piyano Merdiven","og_description":"Led I\u015f\u0131kl\u0131 M\u00fczikli Zemin\u00a0Nas\u0131l \u00c7al\u0131\u015f\u0131r? Karolar\u0131n alt\u0131na\u00a0konulan sens\u00f6rler ile ki\u015filerin hareketi alg\u0131lan\u0131r. \u00d6zel bir yaz\u0131l\u0131m arac\u0131l\u0131\u011f\u0131yla istenilen \u00fcnl\u00fc beste ve melodiler eklenir, basamaklara bas\u0131ld\u0131k\u00e7a s\u0131radaki beste d\u00fczenli bir \u015fekilde \u00e7al\u0131n\u0131r, ve ayn\u0131 anda zemindeki \u0131\u015f\u0131klar farkl\u0131 kombinasyonlar ile yanar. \u00a0Led I\u015f\u0131kl\u0131 M\u00fczikli Zemin&#8217;in\u00a0\u00d6zellikleri Nelerdir? Her t\u00fcrl\u00fc m\u00fczik\u00a0eseri y\u00fckleneblir. \u015eark\u0131lar s\u0131ral\u0131, kar\u0131\u015f\u0131k ve zaman ayarlamas\u0131 yaparak&nbsp;&hellip;","og_url":"https:\/\/piyanomerdiven.com\/?page_id=109","og_site_name":"Piyano Merdiven","article_modified_time":"2017-04-25T16:37:22+00:00","og_image":[{"width":960,"height":540,"url":"https:\/\/i0.wp.com\/piyanomerdiven.com\/wp-content\/uploads\/2015\/01\/10403425_10152772882470914_5820147475767987969_n.jpg?fit=960%2C540&ssl=1","type":"image\/jpeg"}],"twitter_card":"summary_large_image","twitter_misc":{"Tahmini okuma s\u00fcresi":"1 dakika"},"schema":{"@context":"https:\/\/schema.org","@graph":[{"@type":"WebPage","@id":"https:\/\/piyanomerdiven.com\/?page_id=109","url":"https:\/\/piyanomerdiven.com\/?page_id=109","name":"Led Zemin - Piyano Merdiven","isPartOf":{"@id":"https:\/\/piyanomerdiven.com\/#website"},"primaryImageOfPage":{"@id":"https:\/\/piyanomerdiven.com\/?page_id=109#primaryimage"},"image":{"@id":"https:\/\/piyanomerdiven.com\/?page_id=109#primaryimage"},"thumbnailUrl":"https:\/\/i0.wp.com\/piyanomerdiven.com\/wp-content\/uploads\/2015\/01\/10403425_10152772882470914_5820147475767987969_n.jpg?fit=960%2C540&ssl=1","datePublished":"2015-02-01T11:29:06+00:00","dateModified":"2017-04-25T16:37:22+00:00","breadcrumb":{"@id":"https:\/\/piyanomerdiven.com\/?page_id=109#breadcrumb"},"inLanguage":"tr","potentialAction":[{"@type":"ReadAction","target":["https:\/\/piyanomerdiven.com\/?page_id=109"]}]},{"@type":"ImageObject","inLanguage":"tr","@id":"https:\/\/piyanomerdiven.com\/?page_id=109#primaryimage","url":"https:\/\/i0.wp.com\/piyanomerdiven.com\/wp-content\/uploads\/2015\/01\/10403425_10152772882470914_5820147475767987969_n.jpg?fit=960%2C540&ssl=1","contentUrl":"https:\/\/i0.wp.com\/piyanomerdiven.com\/wp-content\/uploads\/2015\/01\/10403425_10152772882470914_5820147475767987969_n.jpg?fit=960%2C540&ssl=1","width":960,"height":540},{"@type":"BreadcrumbList","@id":"https:\/\/piyanomerdiven.com\/?page_id=109#breadcrumb","itemListElement":[{"@type":"ListItem","position":1,"name":"Anasayfa","item":"https:\/\/piyanomerdiven.com\/"},{"@type":"ListItem","position":2,"name":"\u00dcr\u00fcnler\/Hizmetler","item":"https:\/\/piyanomerdiven.com\/?page_id=54"},{"@type":"ListItem","position":3,"name":"Led Zemin"}]},{"@type":"WebSite","@id":"https:\/\/piyanomerdiven.com\/#website","url":"https:\/\/piyanomerdiven.com\/","name":"piyanomerdiven.com","description":"&quot;Future \u0130nnovaition&quot;","publisher":{"@id":"https:\/\/piyanomerdiven.com\/#organization"},"potentialAction":[{"@type":"SearchAction","target":{"@type":"EntryPoint","urlTemplate":"https:\/\/piyanomerdiven.com\/?s={search_term_string}"},"query-input":{"@type":"PropertyValueSpecification","valueRequired":true,"valueName":"search_term_string"}}],"inLanguage":"tr"},{"@type":"Organization","@id":"https:\/\/piyanomerdiven.com\/#organization","name":"Piyano Merdiven Minyat\u00fcr M\u00fchendislik","url":"https:\/\/piyanomerdiven.com\/","logo":{"@type":"ImageObject","inLanguage":"tr","@id":"https:\/\/piyanomerdiven.com\/#\/schema\/logo\/image\/","url":"https:\/\/i0.wp.com\/piyanomerdiven.com\/wp-content\/uploads\/2019\/04\/logom7.png?fit=1315%2C254&ssl=1","contentUrl":"https:\/\/i0.wp.com\/piyanomerdiven.com\/wp-content\/uploads\/2019\/04\/logom7.png?fit=1315%2C254&ssl=1","width":1315,"height":254,"caption":"Piyano Merdiven Minyat\u00fcr M\u00fchendislik"},"image":{"@id":"https:\/\/piyanomerdiven.com\/#\/schema\/logo\/image\/"}}]}},"jetpack_sharing_enabled":true,"jetpack_shortlink":"https:\/\/wp.me\/P8eeFL-1L","_links":{"self":[{"href":"https:\/\/piyanomerdiven.com\/index.php?rest_route=\/wp\/v2\/pages\/109","targetHints":{"allow":["GET"]}}],"collection":[{"href":"https:\/\/piyanomerdiven.com\/index.php?rest_route=\/wp\/v2\/pages"}],"about":[{"href":"https:\/\/piyanomerdiven.com\/index.php?rest_route=\/wp\/v2\/types\/page"}],"author":[{"embeddable":true,"href":"https:\/\/piyanomerdiven.com\/index.php?rest_route=\/wp\/v2\/users\/1"}],"replies":[{"embeddable":true,"href":"https:\/\/piyanomerdiven.com\/index.php?rest_route=%2Fwp%2Fv2%2Fcomments&post=109"}],"version-history":[{"count":31,"href":"https:\/\/piyanomerdiven.com\/index.php?rest_route=\/wp\/v2\/pages\/109\/revisions"}],"predecessor-version":[{"id":515,"href":"https:\/\/piyanomerdiven.com\/index.php?rest_route=\/wp\/v2\/pages\/109\/revisions\/515"}],"up":[{"embeddable":true,"href":"https:\/\/piyanomerdiven.com\/index.php?rest_route=\/wp\/v2\/pages\/54"}],"wp:featuredmedia":[{"embeddable":true,"href":"https:\/\/piyanomerdiven.com\/index.php?rest_route=\/wp\/v2\/media\/57"}],"wp:attachment":[{"href":"https:\/\/piyanomerdiven.com\/index.php?rest_route=%2Fwp%2Fv2%2Fmedia&parent=109"}],"curies":[{"name":"wp","href":"https:\/\/api.w.org\/{rel}","templated":true}]}}