{"id":100,"date":"2015-02-01T10:34:48","date_gmt":"2015-02-01T10:34:48","guid":{"rendered":"http:\/\/piyanomerdiven.com\/?page_id=100"},"modified":"2019-04-01T10:15:39","modified_gmt":"2019-04-01T10:15:39","slug":"tarihce","status":"publish","type":"page","link":"https:\/\/piyanomerdiven.com\/?page_id=100","title":{"rendered":"Hakk\u0131m\u0131zda"},"content":{"rendered":"<p><a href=\"https:\/\/i0.wp.com\/piyanomerdiven.com\/wp-content\/uploads\/2015\/02\/1414515288.jpg\"><img data-recalc-dims=\"1\" loading=\"lazy\" decoding=\"async\" class=\"alignleft  wp-image-106\" src=\"https:\/\/i0.wp.com\/piyanomerdiven.com\/wp-content\/uploads\/2015\/02\/1414515288.jpg?resize=348%2C232\" alt=\"1414515288\" width=\"348\" height=\"232\" srcset=\"https:\/\/i0.wp.com\/piyanomerdiven.com\/wp-content\/uploads\/2015\/02\/1414515288.jpg?resize=300%2C200&amp;ssl=1 300w, https:\/\/i0.wp.com\/piyanomerdiven.com\/wp-content\/uploads\/2015\/02\/1414515288.jpg?w=600&amp;ssl=1 600w\" sizes=\"auto, (max-width: 348px) 100vw, 348px\" \/><\/a> <span style=\"color: #3b3b3b;\"><strong>Piyano merdiven fikri 1985&#8217;de ortaya \u00e7\u0131km\u0131\u015ft\u0131r. 1985&#8217;den bu yana geli\u015fen teknoloji ile sistem uygun maliyetle \u00e7al\u0131\u015f\u0131r hale getirilmi\u015ftir. Avrupa ve d\u00fcnyan\u0131n \u00e7e\u015fitli yerlerinde uygulanm\u0131\u015ft\u0131r. En \u00e7ok bilineni ise 2010 y\u0131l\u0131nda Stockholm&#8217;de Odenplan metrosu giri\u015fine kurulmu\u015ftur.<\/strong><\/span><br \/>\n<span style=\"color: #3b3b3b;\"><strong>Piyano merdiven \u00fclkemizde ilk olarak Ankara&#8217;da hayata ge\u00e7irilmi\u015ftir.\u00a0<\/strong><\/span><\/p>\n<p><span style=\"color: #3b3b3b;\"><strong>V\u0130ZYONUMUZ<\/strong><\/span><\/p>\n<p><span style=\"color: #3b3b3b;\"><strong>M\u00fc\u015fteri ve sekt\u00f6r odakl\u0131, pozitif yakla\u015f\u0131m\u0131m\u0131zla teknolojiyi herkes i\u00e7in ula\u015f\u0131labilir bir hale getirip \u00f6zg\u00fcn ve yarat\u0131c\u0131 \u00fcr\u00fcnleriyle g\u00fcnden g\u00fcne b\u00fcy\u00fcyen, b\u00f6lgesinde lider olan ve d\u00fcnyaya teknoloji ihra\u00e7 eden bir proje uygulama fabrikas\u0131 olmakt\u0131r.<\/strong><\/span><\/p>\n<p><span style=\"color: #3b3b3b;\"><strong>M\u0130SYONUMUZ<\/strong><\/span><\/p>\n<p><span style=\"color: #3b3b3b;\"><strong>Geli\u015ftirdi\u011fimiz nitelikli projelerle teknolojiyi sekt\u00f6rel bazda ihtiya\u00e7lara cevap verecek \u015fekilde katma de\u011fere d\u00f6n\u00fc\u015ft\u00fcrmektir.<\/strong><\/span><\/p>\n","protected":false},"excerpt":{"rendered":"<p>Piyano merdiven fikri 1985&#8217;de ortaya \u00e7\u0131km\u0131\u015ft\u0131r. 1985&#8217;den bu yana geli\u015fen teknoloji ile sistem uygun maliyetle \u00e7al\u0131\u015f\u0131r hale getirilmi\u015ftir. Avrupa ve d\u00fcnyan\u0131n \u00e7e\u015fitli yerlerinde uygulanm\u0131\u015ft\u0131r. En \u00e7ok bilineni ise 2010 y\u0131l\u0131nda Stockholm&#8217;de Odenplan metrosu giri\u015fine kurulmu\u015ftur. Piyano merdiven \u00fclkemizde ilk olarak Ankara&#8217;da hayata ge\u00e7irilmi\u015ftir.\u00a0 V\u0130ZYONUMUZ M\u00fc\u015fteri ve sekt\u00f6r odakl\u0131, pozitif yakla\u015f\u0131m\u0131m\u0131zla teknolojiyi herkes i\u00e7in ula\u015f\u0131labilir bir&nbsp;&hellip;<\/p>\n","protected":false},"author":1,"featured_media":0,"parent":0,"menu_order":0,"comment_status":"closed","ping_status":"closed","template":"","meta":{"footnotes":""},"class_list":["post-100","page","type-page","status-publish","hentry"],"yoast_head":"<!-- This site is optimized with the Yoast SEO plugin v27.5 - https:\/\/yoast.com\/product\/yoast-seo-wordpress\/ -->\n<title>Hakk\u0131m\u0131zda - Piyano Merdiven<\/title>\n<meta name=\"robots\" content=\"index, follow, max-snippet:-1, max-image-preview:large, max-video-preview:-1\" \/>\n<link rel=\"canonical\" href=\"https:\/\/piyanomerdiven.com\/?page_id=100\" \/>\n<meta property=\"og:locale\" content=\"tr_TR\" \/>\n<meta property=\"og:type\" content=\"article\" \/>\n<meta property=\"og:title\" content=\"Hakk\u0131m\u0131zda - Piyano Merdiven\" \/>\n<meta property=\"og:description\" content=\"Piyano merdiven fikri 1985&#8217;de ortaya \u00e7\u0131km\u0131\u015ft\u0131r. 1985&#8217;den bu yana geli\u015fen teknoloji ile sistem uygun maliyetle \u00e7al\u0131\u015f\u0131r hale getirilmi\u015ftir. Avrupa ve d\u00fcnyan\u0131n \u00e7e\u015fitli yerlerinde uygulanm\u0131\u015ft\u0131r. En \u00e7ok bilineni ise 2010 y\u0131l\u0131nda Stockholm&#8217;de Odenplan metrosu giri\u015fine kurulmu\u015ftur. Piyano merdiven \u00fclkemizde ilk olarak Ankara&#8217;da hayata ge\u00e7irilmi\u015ftir.\u00a0 V\u0130ZYONUMUZ M\u00fc\u015fteri ve sekt\u00f6r odakl\u0131, pozitif yakla\u015f\u0131m\u0131m\u0131zla teknolojiyi herkes i\u00e7in ula\u015f\u0131labilir bir&nbsp;&hellip;\" \/>\n<meta property=\"og:url\" content=\"https:\/\/piyanomerdiven.com\/?page_id=100\" \/>\n<meta property=\"og:site_name\" content=\"Piyano Merdiven\" \/>\n<meta property=\"article:modified_time\" content=\"2019-04-01T10:15:39+00:00\" \/>\n<meta property=\"og:image\" content=\"http:\/\/piyanomerdiven.com\/wp-content\/uploads\/2015\/02\/1414515288-300x200.jpg\" \/>\n<meta name=\"twitter:card\" content=\"summary_large_image\" \/>\n<meta name=\"twitter:label1\" content=\"Tahmini okuma s\u00fcresi\" \/>\n\t<meta name=\"twitter:data1\" content=\"1 dakika\" \/>\n<script type=\"application\/ld+json\" class=\"yoast-schema-graph\">{\"@context\":\"https:\\\/\\\/schema.org\",\"@graph\":[{\"@type\":\"WebPage\",\"@id\":\"https:\\\/\\\/piyanomerdiven.com\\\/?page_id=100\",\"url\":\"https:\\\/\\\/piyanomerdiven.com\\\/?page_id=100\",\"name\":\"Hakk\u0131m\u0131zda - Piyano Merdiven\",\"isPartOf\":{\"@id\":\"https:\\\/\\\/piyanomerdiven.com\\\/#website\"},\"primaryImageOfPage\":{\"@id\":\"https:\\\/\\\/piyanomerdiven.com\\\/?page_id=100#primaryimage\"},\"image\":{\"@id\":\"https:\\\/\\\/piyanomerdiven.com\\\/?page_id=100#primaryimage\"},\"thumbnailUrl\":\"http:\\\/\\\/piyanomerdiven.com\\\/wp-content\\\/uploads\\\/2015\\\/02\\\/1414515288-300x200.jpg\",\"datePublished\":\"2015-02-01T10:34:48+00:00\",\"dateModified\":\"2019-04-01T10:15:39+00:00\",\"breadcrumb\":{\"@id\":\"https:\\\/\\\/piyanomerdiven.com\\\/?page_id=100#breadcrumb\"},\"inLanguage\":\"tr\",\"potentialAction\":[{\"@type\":\"ReadAction\",\"target\":[\"https:\\\/\\\/piyanomerdiven.com\\\/?page_id=100\"]}]},{\"@type\":\"ImageObject\",\"inLanguage\":\"tr\",\"@id\":\"https:\\\/\\\/piyanomerdiven.com\\\/?page_id=100#primaryimage\",\"url\":\"https:\\\/\\\/i0.wp.com\\\/piyanomerdiven.com\\\/wp-content\\\/uploads\\\/2015\\\/02\\\/1414515288.jpg?fit=600%2C400&ssl=1\",\"contentUrl\":\"https:\\\/\\\/i0.wp.com\\\/piyanomerdiven.com\\\/wp-content\\\/uploads\\\/2015\\\/02\\\/1414515288.jpg?fit=600%2C400&ssl=1\",\"width\":600,\"height\":400},{\"@type\":\"BreadcrumbList\",\"@id\":\"https:\\\/\\\/piyanomerdiven.com\\\/?page_id=100#breadcrumb\",\"itemListElement\":[{\"@type\":\"ListItem\",\"position\":1,\"name\":\"Anasayfa\",\"item\":\"https:\\\/\\\/piyanomerdiven.com\\\/\"},{\"@type\":\"ListItem\",\"position\":2,\"name\":\"Hakk\u0131m\u0131zda\"}]},{\"@type\":\"WebSite\",\"@id\":\"https:\\\/\\\/piyanomerdiven.com\\\/#website\",\"url\":\"https:\\\/\\\/piyanomerdiven.com\\\/\",\"name\":\"piyanomerdiven.com\",\"description\":\"&quot;Future \u0130nnovaition&quot;\",\"publisher\":{\"@id\":\"https:\\\/\\\/piyanomerdiven.com\\\/#organization\"},\"potentialAction\":[{\"@type\":\"SearchAction\",\"target\":{\"@type\":\"EntryPoint\",\"urlTemplate\":\"https:\\\/\\\/piyanomerdiven.com\\\/?s={search_term_string}\"},\"query-input\":{\"@type\":\"PropertyValueSpecification\",\"valueRequired\":true,\"valueName\":\"search_term_string\"}}],\"inLanguage\":\"tr\"},{\"@type\":\"Organization\",\"@id\":\"https:\\\/\\\/piyanomerdiven.com\\\/#organization\",\"name\":\"Piyano Merdiven Minyat\u00fcr M\u00fchendislik\",\"url\":\"https:\\\/\\\/piyanomerdiven.com\\\/\",\"logo\":{\"@type\":\"ImageObject\",\"inLanguage\":\"tr\",\"@id\":\"https:\\\/\\\/piyanomerdiven.com\\\/#\\\/schema\\\/logo\\\/image\\\/\",\"url\":\"https:\\\/\\\/i0.wp.com\\\/piyanomerdiven.com\\\/wp-content\\\/uploads\\\/2019\\\/04\\\/logom7.png?fit=1315%2C254&ssl=1\",\"contentUrl\":\"https:\\\/\\\/i0.wp.com\\\/piyanomerdiven.com\\\/wp-content\\\/uploads\\\/2019\\\/04\\\/logom7.png?fit=1315%2C254&ssl=1\",\"width\":1315,\"height\":254,\"caption\":\"Piyano Merdiven Minyat\u00fcr M\u00fchendislik\"},\"image\":{\"@id\":\"https:\\\/\\\/piyanomerdiven.com\\\/#\\\/schema\\\/logo\\\/image\\\/\"}}]}<\/script>\n<!-- \/ Yoast SEO plugin. -->","yoast_head_json":{"title":"Hakk\u0131m\u0131zda - Piyano Merdiven","robots":{"index":"index","follow":"follow","max-snippet":"max-snippet:-1","max-image-preview":"max-image-preview:large","max-video-preview":"max-video-preview:-1"},"canonical":"https:\/\/piyanomerdiven.com\/?page_id=100","og_locale":"tr_TR","og_type":"article","og_title":"Hakk\u0131m\u0131zda - Piyano Merdiven","og_description":"Piyano merdiven fikri 1985&#8217;de ortaya \u00e7\u0131km\u0131\u015ft\u0131r. 1985&#8217;den bu yana geli\u015fen teknoloji ile sistem uygun maliyetle \u00e7al\u0131\u015f\u0131r hale getirilmi\u015ftir. Avrupa ve d\u00fcnyan\u0131n \u00e7e\u015fitli yerlerinde uygulanm\u0131\u015ft\u0131r. En \u00e7ok bilineni ise 2010 y\u0131l\u0131nda Stockholm&#8217;de Odenplan metrosu giri\u015fine kurulmu\u015ftur. Piyano merdiven \u00fclkemizde ilk olarak Ankara&#8217;da hayata ge\u00e7irilmi\u015ftir.\u00a0 V\u0130ZYONUMUZ M\u00fc\u015fteri ve sekt\u00f6r odakl\u0131, pozitif yakla\u015f\u0131m\u0131m\u0131zla teknolojiyi herkes i\u00e7in ula\u015f\u0131labilir bir&nbsp;&hellip;","og_url":"https:\/\/piyanomerdiven.com\/?page_id=100","og_site_name":"Piyano Merdiven","article_modified_time":"2019-04-01T10:15:39+00:00","og_image":[{"url":"http:\/\/piyanomerdiven.com\/wp-content\/uploads\/2015\/02\/1414515288-300x200.jpg","type":"","width":"","height":""}],"twitter_card":"summary_large_image","twitter_misc":{"Tahmini okuma s\u00fcresi":"1 dakika"},"schema":{"@context":"https:\/\/schema.org","@graph":[{"@type":"WebPage","@id":"https:\/\/piyanomerdiven.com\/?page_id=100","url":"https:\/\/piyanomerdiven.com\/?page_id=100","name":"Hakk\u0131m\u0131zda - Piyano Merdiven","isPartOf":{"@id":"https:\/\/piyanomerdiven.com\/#website"},"primaryImageOfPage":{"@id":"https:\/\/piyanomerdiven.com\/?page_id=100#primaryimage"},"image":{"@id":"https:\/\/piyanomerdiven.com\/?page_id=100#primaryimage"},"thumbnailUrl":"http:\/\/piyanomerdiven.com\/wp-content\/uploads\/2015\/02\/1414515288-300x200.jpg","datePublished":"2015-02-01T10:34:48+00:00","dateModified":"2019-04-01T10:15:39+00:00","breadcrumb":{"@id":"https:\/\/piyanomerdiven.com\/?page_id=100#breadcrumb"},"inLanguage":"tr","potentialAction":[{"@type":"ReadAction","target":["https:\/\/piyanomerdiven.com\/?page_id=100"]}]},{"@type":"ImageObject","inLanguage":"tr","@id":"https:\/\/piyanomerdiven.com\/?page_id=100#primaryimage","url":"https:\/\/i0.wp.com\/piyanomerdiven.com\/wp-content\/uploads\/2015\/02\/1414515288.jpg?fit=600%2C400&ssl=1","contentUrl":"https:\/\/i0.wp.com\/piyanomerdiven.com\/wp-content\/uploads\/2015\/02\/1414515288.jpg?fit=600%2C400&ssl=1","width":600,"height":400},{"@type":"BreadcrumbList","@id":"https:\/\/piyanomerdiven.com\/?page_id=100#breadcrumb","itemListElement":[{"@type":"ListItem","position":1,"name":"Anasayfa","item":"https:\/\/piyanomerdiven.com\/"},{"@type":"ListItem","position":2,"name":"Hakk\u0131m\u0131zda"}]},{"@type":"WebSite","@id":"https:\/\/piyanomerdiven.com\/#website","url":"https:\/\/piyanomerdiven.com\/","name":"piyanomerdiven.com","description":"&quot;Future \u0130nnovaition&quot;","publisher":{"@id":"https:\/\/piyanomerdiven.com\/#organization"},"potentialAction":[{"@type":"SearchAction","target":{"@type":"EntryPoint","urlTemplate":"https:\/\/piyanomerdiven.com\/?s={search_term_string}"},"query-input":{"@type":"PropertyValueSpecification","valueRequired":true,"valueName":"search_term_string"}}],"inLanguage":"tr"},{"@type":"Organization","@id":"https:\/\/piyanomerdiven.com\/#organization","name":"Piyano Merdiven Minyat\u00fcr M\u00fchendislik","url":"https:\/\/piyanomerdiven.com\/","logo":{"@type":"ImageObject","inLanguage":"tr","@id":"https:\/\/piyanomerdiven.com\/#\/schema\/logo\/image\/","url":"https:\/\/i0.wp.com\/piyanomerdiven.com\/wp-content\/uploads\/2019\/04\/logom7.png?fit=1315%2C254&ssl=1","contentUrl":"https:\/\/i0.wp.com\/piyanomerdiven.com\/wp-content\/uploads\/2019\/04\/logom7.png?fit=1315%2C254&ssl=1","width":1315,"height":254,"caption":"Piyano Merdiven Minyat\u00fcr M\u00fchendislik"},"image":{"@id":"https:\/\/piyanomerdiven.com\/#\/schema\/logo\/image\/"}}]}},"jetpack_sharing_enabled":true,"jetpack_shortlink":"https:\/\/wp.me\/P8eeFL-1C","_links":{"self":[{"href":"https:\/\/piyanomerdiven.com\/index.php?rest_route=\/wp\/v2\/pages\/100","targetHints":{"allow":["GET"]}}],"collection":[{"href":"https:\/\/piyanomerdiven.com\/index.php?rest_route=\/wp\/v2\/pages"}],"about":[{"href":"https:\/\/piyanomerdiven.com\/index.php?rest_route=\/wp\/v2\/types\/page"}],"author":[{"embeddable":true,"href":"https:\/\/piyanomerdiven.com\/index.php?rest_route=\/wp\/v2\/users\/1"}],"replies":[{"embeddable":true,"href":"https:\/\/piyanomerdiven.com\/index.php?rest_route=%2Fwp%2Fv2%2Fcomments&post=100"}],"version-history":[{"count":30,"href":"https:\/\/piyanomerdiven.com\/index.php?rest_route=\/wp\/v2\/pages\/100\/revisions"}],"predecessor-version":[{"id":771,"href":"https:\/\/piyanomerdiven.com\/index.php?rest_route=\/wp\/v2\/pages\/100\/revisions\/771"}],"wp:attachment":[{"href":"https:\/\/piyanomerdiven.com\/index.php?rest_route=%2Fwp%2Fv2%2Fmedia&parent=100"}],"curies":[{"name":"wp","href":"https:\/\/api.w.org\/{rel}","templated":true}]}}